{"id":7140,"date":"2019-12-21T19:10:26","date_gmt":"2019-12-21T19:10:26","guid":{"rendered":"https:\/\/manussinistra.com\/es\/?post_type=product&#038;p=7140"},"modified":"2022-01-23T22:19:50","modified_gmt":"2022-01-23T22:19:50","slug":"el-gran-grimorio-de-los-pactos-infernales","status":"publish","type":"product","link":"https:\/\/manussinistra.com\/es\/producto\/el-gran-grimorio-de-los-pactos-infernales\/","title":{"rendered":"El Gran Grimorio de los Pactos Infernales \u2013 Michael W. Ford"},"content":{"rendered":"","protected":false},"excerpt":{"rendered":"<p>El Gran Grimorio de los Pactos Infernales es una interpretaci\u00f3n moderna de la Te\u00fargia Go\u00e9tica (transformaci\u00f3n personal a trav\u00e9s de los poderes demon\u00edacos) desde una aproximaci\u00f3n luciferina. El objetivo es utilizar esp\u00edritus y fuerzas primigenias para alcanzar comprensi\u00f3n y la realizaci\u00f3n de metas a corto y largo plazo. Se revela que el mito de \u00abvender tu alma\u00bb al Diablo no es m\u00e1s que una fantas\u00eda creada por mentes temerosas, la verdadera naturaleza del pacto infernal es entrar en un convenio con poderes vistos como peligrosos, controlarlos y guiarlos de acuerdo con tu voluntad con la finalidad de comprensi\u00f3n espiritual y carnal y poder.<\/p>\n<p>El Gran Grimorio ha sido adaptado a la pr\u00e1ctica moderna luciferina, eliminando las oraciones judeocristianas y literalmente restaurando a los dioses y esp\u00edritus infernales a sus antiguos or\u00edgenes paganos desprovistos de la dualidad de bueno y malo. Se presentan claramente los ritos de invocaci\u00f3n y evocaci\u00f3n, visualizando y escribiendo un pacto de acuerdo entre el esp\u00edritu y el hechicero para alcanzar los objetivos. Luc\u00edfugo Rofocale, una m\u00e1scara de\u00edfica es una v\u00eda hechicera hacia los dioses infernales: Lucifer, Beelzebuth y Astaroth. El Gran Grimorio de Pactos Infernales presenta un nuevo m\u00e9todo de este tipo de Hechicer\u00eda Luciferina a trav\u00e9s de la tradici\u00f3n de Enoc con respecto a los Vigilantes, Azazel, Shemiyaza y los nombres de poder presentan un proceso realista de autoiniciaci\u00f3n en el reino de los \u00c1ngeles Ca\u00eddos.<\/p>\n<p>Contiene como ap\u00e9ndice: \u201cLas Sombras Saturnales de Luc\u00edfugo Rofocale\u201d, un estudio a fondo sobre esta entidad y esp\u00edritus infernales asociados a partir de los grimorios y el \u00c1rbol de la Muerte.<\/p>\n","protected":false},"featured_media":7141,"comment_status":"closed","ping_status":"closed","template":"","meta":{"_joinchat":[]},"product_brand":[],"product_cat":[25],"product_tag":[],"class_list":{"0":"post-7140","1":"product","2":"type-product","3":"status-publish","4":"has-post-thumbnail","6":"product_cat-espanol","8":"first","9":"instock","10":"shipping-taxable","11":"purchasable","12":"product-type-variable","13":"has-default-attributes"},"yoast_head":"<!-- This site is optimized with the Yoast SEO plugin v27.4 - https:\/\/yoast.com\/product\/yoast-seo-wordpress\/ -->\n<title>Editorial Manus Sinistra<\/title>\n<meta name=\"robots\" content=\"index, follow, max-snippet:-1, max-image-preview:large, max-video-preview:-1\" \/>\n<link rel=\"canonical\" href=\"https:\/\/manussinistra.com\/es\/producto\/el-gran-grimorio-de-los-pactos-infernales\/\" \/>\n<meta property=\"og:locale\" content=\"es_ES\" \/>\n<meta property=\"og:type\" content=\"article\" \/>\n<meta property=\"og:url\" content=\"https:\/\/manussinistra.com\/es\/producto\/el-gran-grimorio-de-los-pactos-infernales\/\" \/>\n<meta property=\"og:site_name\" content=\"Editorial Manus Sinistra\" \/>\n<meta property=\"article:modified_time\" content=\"2022-01-23T22:19:50+00:00\" \/>\n<meta property=\"og:image\" content=\"https:\/\/manussinistra.com\/es\/wp-content\/uploads\/2019\/12\/El-Gran-Grimorio-de-los-Pactos-Infernales.png\" \/>\n\t<meta property=\"og:image:width\" content=\"1000\" \/>\n\t<meta property=\"og:image:height\" content=\"750\" \/>\n\t<meta property=\"og:image:type\" content=\"image\/png\" \/>\n<meta name=\"twitter:card\" content=\"summary_large_image\" \/>\n<script type=\"application\/ld+json\" class=\"yoast-schema-graph\">{\"@context\":\"https:\\\/\\\/schema.org\",\"@graph\":[{\"@type\":\"WebPage\",\"@id\":\"https:\\\/\\\/manussinistra.com\\\/es\\\/producto\\\/el-gran-grimorio-de-los-pactos-infernales\\\/\",\"url\":\"https:\\\/\\\/manussinistra.com\\\/es\\\/producto\\\/el-gran-grimorio-de-los-pactos-infernales\\\/\",\"name\":\"El Gran Grimorio de los Pactos Infernales \u2013 Michael W. Ford - Editorial Manus Sinistra\",\"isPartOf\":{\"@id\":\"https:\\\/\\\/manussinistra.com\\\/es\\\/#website\"},\"primaryImageOfPage\":{\"@id\":\"https:\\\/\\\/manussinistra.com\\\/es\\\/producto\\\/el-gran-grimorio-de-los-pactos-infernales\\\/#primaryimage\"},\"image\":{\"@id\":\"https:\\\/\\\/manussinistra.com\\\/es\\\/producto\\\/el-gran-grimorio-de-los-pactos-infernales\\\/#primaryimage\"},\"thumbnailUrl\":\"https:\\\/\\\/manussinistra.com\\\/es\\\/wp-content\\\/uploads\\\/2019\\\/12\\\/El-Gran-Grimorio-de-los-Pactos-Infernales.png\",\"datePublished\":\"2019-12-21T19:10:26+00:00\",\"dateModified\":\"2022-01-23T22:19:50+00:00\",\"breadcrumb\":{\"@id\":\"https:\\\/\\\/manussinistra.com\\\/es\\\/producto\\\/el-gran-grimorio-de-los-pactos-infernales\\\/#breadcrumb\"},\"inLanguage\":\"es\",\"potentialAction\":[{\"@type\":\"ReadAction\",\"target\":[\"https:\\\/\\\/manussinistra.com\\\/es\\\/producto\\\/el-gran-grimorio-de-los-pactos-infernales\\\/\"]}]},{\"@type\":\"ImageObject\",\"inLanguage\":\"es\",\"@id\":\"https:\\\/\\\/manussinistra.com\\\/es\\\/producto\\\/el-gran-grimorio-de-los-pactos-infernales\\\/#primaryimage\",\"url\":\"https:\\\/\\\/manussinistra.com\\\/es\\\/wp-content\\\/uploads\\\/2019\\\/12\\\/El-Gran-Grimorio-de-los-Pactos-Infernales.png\",\"contentUrl\":\"https:\\\/\\\/manussinistra.com\\\/es\\\/wp-content\\\/uploads\\\/2019\\\/12\\\/El-Gran-Grimorio-de-los-Pactos-Infernales.png\",\"width\":1000,\"height\":750,\"caption\":\"El Gran Grimorio de los Pactos Infernales\"},{\"@type\":\"BreadcrumbList\",\"@id\":\"https:\\\/\\\/manussinistra.com\\\/es\\\/producto\\\/el-gran-grimorio-de-los-pactos-infernales\\\/#breadcrumb\",\"itemListElement\":[{\"@type\":\"ListItem\",\"position\":1,\"name\":\"Portada\",\"item\":\"https:\\\/\\\/manussinistra.com\\\/es\\\/\"},{\"@type\":\"ListItem\",\"position\":2,\"name\":\"Tienda\",\"item\":\"https:\\\/\\\/manussinistra.com\\\/es\\\/tienda\\\/\"},{\"@type\":\"ListItem\",\"position\":3,\"name\":\"El Gran Grimorio de los Pactos Infernales \u2013 Michael W. Ford\"}]},{\"@type\":\"WebSite\",\"@id\":\"https:\\\/\\\/manussinistra.com\\\/es\\\/#website\",\"url\":\"https:\\\/\\\/manussinistra.com\\\/es\\\/\",\"name\":\"Editorial Manus Sinistra\",\"description\":\"Sendero de la Mano Izquierda, Satanismo y Magia(k) Contemporanea\",\"potentialAction\":[{\"@type\":\"SearchAction\",\"target\":{\"@type\":\"EntryPoint\",\"urlTemplate\":\"https:\\\/\\\/manussinistra.com\\\/es\\\/?s={search_term_string}\"},\"query-input\":{\"@type\":\"PropertyValueSpecification\",\"valueRequired\":true,\"valueName\":\"search_term_string\"}}],\"inLanguage\":\"es\"}]}<\/script>\n<!-- \/ Yoast SEO plugin. -->","yoast_head_json":{"title":"Editorial Manus Sinistra","robots":{"index":"index","follow":"follow","max-snippet":"max-snippet:-1","max-image-preview":"max-image-preview:large","max-video-preview":"max-video-preview:-1"},"canonical":"https:\/\/manussinistra.com\/es\/producto\/el-gran-grimorio-de-los-pactos-infernales\/","og_locale":"es_ES","og_type":"article","og_url":"https:\/\/manussinistra.com\/es\/producto\/el-gran-grimorio-de-los-pactos-infernales\/","og_site_name":"Editorial Manus Sinistra","article_modified_time":"2022-01-23T22:19:50+00:00","og_image":[{"width":1000,"height":750,"url":"https:\/\/manussinistra.com\/es\/wp-content\/uploads\/2019\/12\/El-Gran-Grimorio-de-los-Pactos-Infernales.png","type":"image\/png"}],"twitter_card":"summary_large_image","schema":{"@context":"https:\/\/schema.org","@graph":[{"@type":"WebPage","@id":"https:\/\/manussinistra.com\/es\/producto\/el-gran-grimorio-de-los-pactos-infernales\/","url":"https:\/\/manussinistra.com\/es\/producto\/el-gran-grimorio-de-los-pactos-infernales\/","name":"El Gran Grimorio de los Pactos Infernales \u2013 Michael W. Ford - Editorial Manus Sinistra","isPartOf":{"@id":"https:\/\/manussinistra.com\/es\/#website"},"primaryImageOfPage":{"@id":"https:\/\/manussinistra.com\/es\/producto\/el-gran-grimorio-de-los-pactos-infernales\/#primaryimage"},"image":{"@id":"https:\/\/manussinistra.com\/es\/producto\/el-gran-grimorio-de-los-pactos-infernales\/#primaryimage"},"thumbnailUrl":"https:\/\/manussinistra.com\/es\/wp-content\/uploads\/2019\/12\/El-Gran-Grimorio-de-los-Pactos-Infernales.png","datePublished":"2019-12-21T19:10:26+00:00","dateModified":"2022-01-23T22:19:50+00:00","breadcrumb":{"@id":"https:\/\/manussinistra.com\/es\/producto\/el-gran-grimorio-de-los-pactos-infernales\/#breadcrumb"},"inLanguage":"es","potentialAction":[{"@type":"ReadAction","target":["https:\/\/manussinistra.com\/es\/producto\/el-gran-grimorio-de-los-pactos-infernales\/"]}]},{"@type":"ImageObject","inLanguage":"es","@id":"https:\/\/manussinistra.com\/es\/producto\/el-gran-grimorio-de-los-pactos-infernales\/#primaryimage","url":"https:\/\/manussinistra.com\/es\/wp-content\/uploads\/2019\/12\/El-Gran-Grimorio-de-los-Pactos-Infernales.png","contentUrl":"https:\/\/manussinistra.com\/es\/wp-content\/uploads\/2019\/12\/El-Gran-Grimorio-de-los-Pactos-Infernales.png","width":1000,"height":750,"caption":"El Gran Grimorio de los Pactos Infernales"},{"@type":"BreadcrumbList","@id":"https:\/\/manussinistra.com\/es\/producto\/el-gran-grimorio-de-los-pactos-infernales\/#breadcrumb","itemListElement":[{"@type":"ListItem","position":1,"name":"Portada","item":"https:\/\/manussinistra.com\/es\/"},{"@type":"ListItem","position":2,"name":"Tienda","item":"https:\/\/manussinistra.com\/es\/tienda\/"},{"@type":"ListItem","position":3,"name":"El Gran Grimorio de los Pactos Infernales \u2013 Michael W. Ford"}]},{"@type":"WebSite","@id":"https:\/\/manussinistra.com\/es\/#website","url":"https:\/\/manussinistra.com\/es\/","name":"Editorial Manus Sinistra","description":"Sendero de la Mano Izquierda, Satanismo y Magia(k) Contemporanea","potentialAction":[{"@type":"SearchAction","target":{"@type":"EntryPoint","urlTemplate":"https:\/\/manussinistra.com\/es\/?s={search_term_string}"},"query-input":{"@type":"PropertyValueSpecification","valueRequired":true,"valueName":"search_term_string"}}],"inLanguage":"es"}]}},"_links":{"self":[{"href":"https:\/\/manussinistra.com\/es\/wp-json\/wp\/v2\/product\/7140","targetHints":{"allow":["GET"]}}],"collection":[{"href":"https:\/\/manussinistra.com\/es\/wp-json\/wp\/v2\/product"}],"about":[{"href":"https:\/\/manussinistra.com\/es\/wp-json\/wp\/v2\/types\/product"}],"replies":[{"embeddable":true,"href":"https:\/\/manussinistra.com\/es\/wp-json\/wp\/v2\/comments?post=7140"}],"wp:featuredmedia":[{"embeddable":true,"href":"https:\/\/manussinistra.com\/es\/wp-json\/wp\/v2\/media\/7141"}],"wp:attachment":[{"href":"https:\/\/manussinistra.com\/es\/wp-json\/wp\/v2\/media?parent=7140"}],"wp:term":[{"taxonomy":"product_brand","embeddable":true,"href":"https:\/\/manussinistra.com\/es\/wp-json\/wp\/v2\/product_brand?post=7140"},{"taxonomy":"product_cat","embeddable":true,"href":"https:\/\/manussinistra.com\/es\/wp-json\/wp\/v2\/product_cat?post=7140"},{"taxonomy":"product_tag","embeddable":true,"href":"https:\/\/manussinistra.com\/es\/wp-json\/wp\/v2\/product_tag?post=7140"}],"curies":[{"name":"wp","href":"https:\/\/api.w.org\/{rel}","templated":true}]}}