{"id":6893,"date":"2019-11-19T01:27:34","date_gmt":"2019-11-19T01:27:34","guid":{"rendered":"https:\/\/manussinistra.com\/es\/test666_web_new\/?post_type=product&#038;p=6893"},"modified":"2021-12-23T22:19:05","modified_gmt":"2021-12-23T22:19:05","slug":"los-rituales-satanicos-anton-szandor-lavey","status":"publish","type":"product","link":"https:\/\/manussinistra.com\/es\/producto\/los-rituales-satanicos-anton-szandor-lavey\/","title":{"rendered":"Los rituales sat\u00e1nicos &#8211; Anton Szandor Lavey"},"content":{"rendered":"","protected":false},"excerpt":{"rendered":"<p>En 1966 Anton Szandor LaVey funda la Iglesia de Sat\u00e1n dedicada a una filosof\u00eda de poder abanderada por el arquetipo del opositor, Sat\u00e1n, el que rechaza el cielo para reinar en el infierno y en el mundo terrenal. A este acontecimiento le sigui\u00f3 la publicaci\u00f3n de las ideas fundamentales en torno a la Iglesia, La Biblia Sat\u00e1nica, conteniendo la ideolog\u00eda sat\u00e1nica en ensayos y los rituales que se practicaban dentro de sus paredes y en cada sitio donde este Rebelde ten\u00eda un espacio a trav\u00e9s de su misma representaci\u00f3n sobre la tierra: el satanista. Los Rituales Sat\u00e1nicos es el texto acompa\u00f1ante a la primera publicaci\u00f3n, que ahonda en el psicodrama que el practicante puede explorar para su propio beneficio y autoexploraci\u00f3n, sin postrarse ante ning\u00fan dogma de sometimiento, siendo \u00e9l mismo el \u00fanico Dios existe.<\/p>\n","protected":false},"featured_media":6894,"comment_status":"closed","ping_status":"closed","template":"","meta":{"_joinchat":[]},"product_brand":[],"product_cat":[25],"product_tag":[],"class_list":{"0":"post-6893","1":"product","2":"type-product","3":"status-publish","4":"has-post-thumbnail","6":"product_cat-espanol","8":"first","9":"instock","10":"shipping-taxable","11":"purchasable","12":"product-type-variable","13":"has-default-attributes"},"yoast_head":"<!-- This site is optimized with the Yoast SEO plugin v27.4 - https:\/\/yoast.com\/product\/yoast-seo-wordpress\/ -->\n<title>Editorial Manus Sinistra<\/title>\n<meta name=\"robots\" content=\"index, follow, max-snippet:-1, max-image-preview:large, max-video-preview:-1\" \/>\n<link rel=\"canonical\" href=\"https:\/\/manussinistra.com\/es\/producto\/los-rituales-satanicos-anton-szandor-lavey\/\" \/>\n<meta property=\"og:locale\" content=\"es_ES\" \/>\n<meta property=\"og:type\" content=\"article\" \/>\n<meta property=\"og:url\" content=\"https:\/\/manussinistra.com\/es\/producto\/los-rituales-satanicos-anton-szandor-lavey\/\" \/>\n<meta property=\"og:site_name\" content=\"Editorial Manus Sinistra\" \/>\n<meta property=\"article:modified_time\" content=\"2021-12-23T22:19:05+00:00\" \/>\n<meta property=\"og:image\" content=\"https:\/\/manussinistra.com\/es\/wp-content\/uploads\/2019\/11\/rituales-satanicos-anton-szandor-lavey.png\" \/>\n\t<meta property=\"og:image:width\" content=\"1000\" \/>\n\t<meta property=\"og:image:height\" content=\"750\" \/>\n\t<meta property=\"og:image:type\" content=\"image\/png\" \/>\n<meta name=\"twitter:card\" content=\"summary_large_image\" \/>\n<script type=\"application\/ld+json\" class=\"yoast-schema-graph\">{\"@context\":\"https:\\\/\\\/schema.org\",\"@graph\":[{\"@type\":\"WebPage\",\"@id\":\"https:\\\/\\\/manussinistra.com\\\/es\\\/producto\\\/los-rituales-satanicos-anton-szandor-lavey\\\/\",\"url\":\"https:\\\/\\\/manussinistra.com\\\/es\\\/producto\\\/los-rituales-satanicos-anton-szandor-lavey\\\/\",\"name\":\"Los rituales sat\u00e1nicos - Anton Szandor Lavey - Editorial Manus Sinistra\",\"isPartOf\":{\"@id\":\"https:\\\/\\\/manussinistra.com\\\/es\\\/#website\"},\"primaryImageOfPage\":{\"@id\":\"https:\\\/\\\/manussinistra.com\\\/es\\\/producto\\\/los-rituales-satanicos-anton-szandor-lavey\\\/#primaryimage\"},\"image\":{\"@id\":\"https:\\\/\\\/manussinistra.com\\\/es\\\/producto\\\/los-rituales-satanicos-anton-szandor-lavey\\\/#primaryimage\"},\"thumbnailUrl\":\"https:\\\/\\\/manussinistra.com\\\/es\\\/wp-content\\\/uploads\\\/2019\\\/11\\\/rituales-satanicos-anton-szandor-lavey.png\",\"datePublished\":\"2019-11-19T01:27:34+00:00\",\"dateModified\":\"2021-12-23T22:19:05+00:00\",\"breadcrumb\":{\"@id\":\"https:\\\/\\\/manussinistra.com\\\/es\\\/producto\\\/los-rituales-satanicos-anton-szandor-lavey\\\/#breadcrumb\"},\"inLanguage\":\"es\",\"potentialAction\":[{\"@type\":\"ReadAction\",\"target\":[\"https:\\\/\\\/manussinistra.com\\\/es\\\/producto\\\/los-rituales-satanicos-anton-szandor-lavey\\\/\"]}]},{\"@type\":\"ImageObject\",\"inLanguage\":\"es\",\"@id\":\"https:\\\/\\\/manussinistra.com\\\/es\\\/producto\\\/los-rituales-satanicos-anton-szandor-lavey\\\/#primaryimage\",\"url\":\"https:\\\/\\\/manussinistra.com\\\/es\\\/wp-content\\\/uploads\\\/2019\\\/11\\\/rituales-satanicos-anton-szandor-lavey.png\",\"contentUrl\":\"https:\\\/\\\/manussinistra.com\\\/es\\\/wp-content\\\/uploads\\\/2019\\\/11\\\/rituales-satanicos-anton-szandor-lavey.png\",\"width\":1000,\"height\":750,\"caption\":\"Los Rituales Sat\u00e1nicos - Anton Szandor Lavey\"},{\"@type\":\"BreadcrumbList\",\"@id\":\"https:\\\/\\\/manussinistra.com\\\/es\\\/producto\\\/los-rituales-satanicos-anton-szandor-lavey\\\/#breadcrumb\",\"itemListElement\":[{\"@type\":\"ListItem\",\"position\":1,\"name\":\"Portada\",\"item\":\"https:\\\/\\\/manussinistra.com\\\/es\\\/\"},{\"@type\":\"ListItem\",\"position\":2,\"name\":\"Tienda\",\"item\":\"https:\\\/\\\/manussinistra.com\\\/es\\\/tienda\\\/\"},{\"@type\":\"ListItem\",\"position\":3,\"name\":\"Los rituales sat\u00e1nicos &#8211; Anton Szandor Lavey\"}]},{\"@type\":\"WebSite\",\"@id\":\"https:\\\/\\\/manussinistra.com\\\/es\\\/#website\",\"url\":\"https:\\\/\\\/manussinistra.com\\\/es\\\/\",\"name\":\"Editorial Manus Sinistra\",\"description\":\"Sendero de la Mano Izquierda, Satanismo y Magia(k) Contemporanea\",\"potentialAction\":[{\"@type\":\"SearchAction\",\"target\":{\"@type\":\"EntryPoint\",\"urlTemplate\":\"https:\\\/\\\/manussinistra.com\\\/es\\\/?s={search_term_string}\"},\"query-input\":{\"@type\":\"PropertyValueSpecification\",\"valueRequired\":true,\"valueName\":\"search_term_string\"}}],\"inLanguage\":\"es\"}]}<\/script>\n<!-- \/ Yoast SEO plugin. -->","yoast_head_json":{"title":"Editorial Manus Sinistra","robots":{"index":"index","follow":"follow","max-snippet":"max-snippet:-1","max-image-preview":"max-image-preview:large","max-video-preview":"max-video-preview:-1"},"canonical":"https:\/\/manussinistra.com\/es\/producto\/los-rituales-satanicos-anton-szandor-lavey\/","og_locale":"es_ES","og_type":"article","og_url":"https:\/\/manussinistra.com\/es\/producto\/los-rituales-satanicos-anton-szandor-lavey\/","og_site_name":"Editorial Manus Sinistra","article_modified_time":"2021-12-23T22:19:05+00:00","og_image":[{"width":1000,"height":750,"url":"https:\/\/manussinistra.com\/es\/wp-content\/uploads\/2019\/11\/rituales-satanicos-anton-szandor-lavey.png","type":"image\/png"}],"twitter_card":"summary_large_image","schema":{"@context":"https:\/\/schema.org","@graph":[{"@type":"WebPage","@id":"https:\/\/manussinistra.com\/es\/producto\/los-rituales-satanicos-anton-szandor-lavey\/","url":"https:\/\/manussinistra.com\/es\/producto\/los-rituales-satanicos-anton-szandor-lavey\/","name":"Los rituales sat\u00e1nicos - Anton Szandor Lavey - Editorial Manus Sinistra","isPartOf":{"@id":"https:\/\/manussinistra.com\/es\/#website"},"primaryImageOfPage":{"@id":"https:\/\/manussinistra.com\/es\/producto\/los-rituales-satanicos-anton-szandor-lavey\/#primaryimage"},"image":{"@id":"https:\/\/manussinistra.com\/es\/producto\/los-rituales-satanicos-anton-szandor-lavey\/#primaryimage"},"thumbnailUrl":"https:\/\/manussinistra.com\/es\/wp-content\/uploads\/2019\/11\/rituales-satanicos-anton-szandor-lavey.png","datePublished":"2019-11-19T01:27:34+00:00","dateModified":"2021-12-23T22:19:05+00:00","breadcrumb":{"@id":"https:\/\/manussinistra.com\/es\/producto\/los-rituales-satanicos-anton-szandor-lavey\/#breadcrumb"},"inLanguage":"es","potentialAction":[{"@type":"ReadAction","target":["https:\/\/manussinistra.com\/es\/producto\/los-rituales-satanicos-anton-szandor-lavey\/"]}]},{"@type":"ImageObject","inLanguage":"es","@id":"https:\/\/manussinistra.com\/es\/producto\/los-rituales-satanicos-anton-szandor-lavey\/#primaryimage","url":"https:\/\/manussinistra.com\/es\/wp-content\/uploads\/2019\/11\/rituales-satanicos-anton-szandor-lavey.png","contentUrl":"https:\/\/manussinistra.com\/es\/wp-content\/uploads\/2019\/11\/rituales-satanicos-anton-szandor-lavey.png","width":1000,"height":750,"caption":"Los Rituales Sat\u00e1nicos - Anton Szandor Lavey"},{"@type":"BreadcrumbList","@id":"https:\/\/manussinistra.com\/es\/producto\/los-rituales-satanicos-anton-szandor-lavey\/#breadcrumb","itemListElement":[{"@type":"ListItem","position":1,"name":"Portada","item":"https:\/\/manussinistra.com\/es\/"},{"@type":"ListItem","position":2,"name":"Tienda","item":"https:\/\/manussinistra.com\/es\/tienda\/"},{"@type":"ListItem","position":3,"name":"Los rituales sat\u00e1nicos &#8211; Anton Szandor Lavey"}]},{"@type":"WebSite","@id":"https:\/\/manussinistra.com\/es\/#website","url":"https:\/\/manussinistra.com\/es\/","name":"Editorial Manus Sinistra","description":"Sendero de la Mano Izquierda, Satanismo y Magia(k) Contemporanea","potentialAction":[{"@type":"SearchAction","target":{"@type":"EntryPoint","urlTemplate":"https:\/\/manussinistra.com\/es\/?s={search_term_string}"},"query-input":{"@type":"PropertyValueSpecification","valueRequired":true,"valueName":"search_term_string"}}],"inLanguage":"es"}]}},"_links":{"self":[{"href":"https:\/\/manussinistra.com\/es\/wp-json\/wp\/v2\/product\/6893","targetHints":{"allow":["GET"]}}],"collection":[{"href":"https:\/\/manussinistra.com\/es\/wp-json\/wp\/v2\/product"}],"about":[{"href":"https:\/\/manussinistra.com\/es\/wp-json\/wp\/v2\/types\/product"}],"replies":[{"embeddable":true,"href":"https:\/\/manussinistra.com\/es\/wp-json\/wp\/v2\/comments?post=6893"}],"wp:featuredmedia":[{"embeddable":true,"href":"https:\/\/manussinistra.com\/es\/wp-json\/wp\/v2\/media\/6894"}],"wp:attachment":[{"href":"https:\/\/manussinistra.com\/es\/wp-json\/wp\/v2\/media?parent=6893"}],"wp:term":[{"taxonomy":"product_brand","embeddable":true,"href":"https:\/\/manussinistra.com\/es\/wp-json\/wp\/v2\/product_brand?post=6893"},{"taxonomy":"product_cat","embeddable":true,"href":"https:\/\/manussinistra.com\/es\/wp-json\/wp\/v2\/product_cat?post=6893"},{"taxonomy":"product_tag","embeddable":true,"href":"https:\/\/manussinistra.com\/es\/wp-json\/wp\/v2\/product_tag?post=6893"}],"curies":[{"name":"wp","href":"https:\/\/api.w.org\/{rel}","templated":true}]}}