{"id":6889,"date":"2019-11-19T01:25:18","date_gmt":"2019-11-19T01:25:18","guid":{"rendered":"https:\/\/manussinistra.com\/es\/test666_web_new\/?post_type=product&#038;p=6889"},"modified":"2024-07-17T03:26:45","modified_gmt":"2024-07-17T03:26:45","slug":"sekhem-apep-michael-w-ford","status":"publish","type":"product","link":"https:\/\/manussinistra.com\/es\/producto\/sekhem-apep-michael-w-ford\/","title":{"rendered":"Sekhem Apep: Magia Vampyrica Tifoniana &#8211; Michael W. Ford"},"content":{"rendered":"","protected":false},"excerpt":{"rendered":"<p>Sekhem Apep es un estudio moderno y un grimorio m\u00e1gico que explora 20 a\u00f1os de las tradiciones m\u00e1s oscuras de la Magia Tifoniana y Vampyrica de la Orden Negra del Drag\u00f3n. Destinado a ser uno de los libros de magia m\u00e1s controvertidos de los \u00faltimos a\u00f1os, Sekhem Apep revela la teor\u00eda y la pr\u00e1ctica del vampyrismo y la corriente oscura de la Thelema Tifoniana desde una perspectiva luciferina. Este libro pre-senta los fundamentos y la estructura inicial de la OND de principios de los 90&#8217;s, incluyendo el Manifiesto original publicado por primera vez desde 1994, y las t\u00e9cnicas y la metodolog\u00eda del vampyrismo astral, incluyendo los sigilos del Culto Vampyro y su significado.<\/p>\n<p>Las t\u00e9cnicas de alimentaci\u00f3n y acumulaci\u00f3n de energ\u00eda astral del cuer-po f\u00edsico, proyecci\u00f3n astral y la transformaci\u00f3n de la fuerza vital seg\u00fan los objetivos y el deseo del adepto vampiro; Sekhem Apep es un portal aquello interesados en el camino m\u00e1s oscuro de la espiritualidad pre-datoria. Tambi\u00e9n se incluyen los ritos ceremoniales vampyricos, m\u00e9to-dos para alcanzar la comprensi\u00f3n, la sabidur\u00eda y el poder de una ideo-log\u00eda que alinea la percepci\u00f3n del individuo con las Leyes de la Natura-leza, equilibradas con el concepto de supervivencia del m\u00e1s apto.<\/p>\n<p>La hechicer\u00eda del Lado Nocturno de Apep, las ense\u00f1anzas abismales del Cultus Vampyrico Egipcio que abre la sombra y la espiritualidad predatoria de los recesos de las Duat y los T\u00faneles de Set, construidos sobre la estructura de la Magia Nocturna de la Thelema Tifoniana y Kenneth Grant. Adicionalmente, se presentan conversaciones con el escritor Stephen Sennitt (Textos Infernales: Nox y Liber Koth) quien explora las tradiciones m\u00e1gicas oscuras de las que fue pionero, con el coraje de presentar el Sendero de la Mano Izquierda cuando pocos lo aceptaban. Finalmente, tenemos un trabajo vampyrico ritual muy controvertido y previamente secreto en el que adeptos vampyricos en fechas y horas espec\u00edficas en el 2010 realizaron proyecciones astrales y rituales con espejos negros llevando como t\u00edtulo en conjunto \u201cEl Traba-jo de Carrefour-Niantiel\u201d.<\/p>\n","protected":false},"featured_media":6892,"comment_status":"closed","ping_status":"closed","template":"","meta":{"_joinchat":[]},"product_brand":[],"product_cat":[25],"product_tag":[],"class_list":{"0":"post-6889","1":"product","2":"type-product","3":"status-publish","4":"has-post-thumbnail","6":"product_cat-espanol","8":"first","9":"instock","10":"shipping-taxable","11":"purchasable","12":"product-type-variable","13":"has-default-attributes"},"yoast_head":"<!-- This site is optimized with the Yoast SEO plugin v27.4 - https:\/\/yoast.com\/product\/yoast-seo-wordpress\/ -->\n<title>Editorial Manus Sinistra<\/title>\n<meta name=\"robots\" content=\"index, follow, max-snippet:-1, max-image-preview:large, max-video-preview:-1\" \/>\n<link rel=\"canonical\" href=\"https:\/\/manussinistra.com\/es\/producto\/sekhem-apep-michael-w-ford\/\" \/>\n<meta property=\"og:locale\" content=\"es_ES\" \/>\n<meta property=\"og:type\" content=\"article\" \/>\n<meta property=\"og:url\" content=\"https:\/\/manussinistra.com\/es\/producto\/sekhem-apep-michael-w-ford\/\" \/>\n<meta property=\"og:site_name\" content=\"Editorial Manus Sinistra\" \/>\n<meta property=\"article:modified_time\" content=\"2024-07-17T03:26:45+00:00\" \/>\n<meta property=\"og:image\" content=\"https:\/\/manussinistra.com\/es\/wp-content\/uploads\/2019\/11\/sekhem-apep-michael-w-ford.png\" \/>\n\t<meta property=\"og:image:width\" content=\"1000\" \/>\n\t<meta property=\"og:image:height\" content=\"750\" \/>\n\t<meta property=\"og:image:type\" content=\"image\/png\" \/>\n<meta name=\"twitter:card\" content=\"summary_large_image\" \/>\n<meta name=\"twitter:label1\" content=\"Tiempo de lectura\" \/>\n\t<meta name=\"twitter:data1\" content=\"1 minuto\" \/>\n<script type=\"application\/ld+json\" class=\"yoast-schema-graph\">{\"@context\":\"https:\\\/\\\/schema.org\",\"@graph\":[{\"@type\":\"WebPage\",\"@id\":\"https:\\\/\\\/manussinistra.com\\\/es\\\/producto\\\/sekhem-apep-michael-w-ford\\\/\",\"url\":\"https:\\\/\\\/manussinistra.com\\\/es\\\/producto\\\/sekhem-apep-michael-w-ford\\\/\",\"name\":\"Sekhem Apep: Magia Vampyrica Tifoniana - Michael W. Ford - Editorial Manus Sinistra\",\"isPartOf\":{\"@id\":\"https:\\\/\\\/manussinistra.com\\\/es\\\/#website\"},\"primaryImageOfPage\":{\"@id\":\"https:\\\/\\\/manussinistra.com\\\/es\\\/producto\\\/sekhem-apep-michael-w-ford\\\/#primaryimage\"},\"image\":{\"@id\":\"https:\\\/\\\/manussinistra.com\\\/es\\\/producto\\\/sekhem-apep-michael-w-ford\\\/#primaryimage\"},\"thumbnailUrl\":\"https:\\\/\\\/manussinistra.com\\\/es\\\/wp-content\\\/uploads\\\/2019\\\/11\\\/sekhem-apep-michael-w-ford.png\",\"datePublished\":\"2019-11-19T01:25:18+00:00\",\"dateModified\":\"2024-07-17T03:26:45+00:00\",\"breadcrumb\":{\"@id\":\"https:\\\/\\\/manussinistra.com\\\/es\\\/producto\\\/sekhem-apep-michael-w-ford\\\/#breadcrumb\"},\"inLanguage\":\"es\",\"potentialAction\":[{\"@type\":\"ReadAction\",\"target\":[\"https:\\\/\\\/manussinistra.com\\\/es\\\/producto\\\/sekhem-apep-michael-w-ford\\\/\"]}]},{\"@type\":\"ImageObject\",\"inLanguage\":\"es\",\"@id\":\"https:\\\/\\\/manussinistra.com\\\/es\\\/producto\\\/sekhem-apep-michael-w-ford\\\/#primaryimage\",\"url\":\"https:\\\/\\\/manussinistra.com\\\/es\\\/wp-content\\\/uploads\\\/2019\\\/11\\\/sekhem-apep-michael-w-ford.png\",\"contentUrl\":\"https:\\\/\\\/manussinistra.com\\\/es\\\/wp-content\\\/uploads\\\/2019\\\/11\\\/sekhem-apep-michael-w-ford.png\",\"width\":1000,\"height\":750,\"caption\":\"Sekhem Apep - Michael W. Ford\"},{\"@type\":\"BreadcrumbList\",\"@id\":\"https:\\\/\\\/manussinistra.com\\\/es\\\/producto\\\/sekhem-apep-michael-w-ford\\\/#breadcrumb\",\"itemListElement\":[{\"@type\":\"ListItem\",\"position\":1,\"name\":\"Portada\",\"item\":\"https:\\\/\\\/manussinistra.com\\\/es\\\/\"},{\"@type\":\"ListItem\",\"position\":2,\"name\":\"Tienda\",\"item\":\"https:\\\/\\\/manussinistra.com\\\/es\\\/tienda\\\/\"},{\"@type\":\"ListItem\",\"position\":3,\"name\":\"Sekhem Apep: Magia Vampyrica Tifoniana &#8211; Michael W. Ford\"}]},{\"@type\":\"WebSite\",\"@id\":\"https:\\\/\\\/manussinistra.com\\\/es\\\/#website\",\"url\":\"https:\\\/\\\/manussinistra.com\\\/es\\\/\",\"name\":\"Editorial Manus Sinistra\",\"description\":\"Sendero de la Mano Izquierda, Satanismo y Magia(k) Contemporanea\",\"potentialAction\":[{\"@type\":\"SearchAction\",\"target\":{\"@type\":\"EntryPoint\",\"urlTemplate\":\"https:\\\/\\\/manussinistra.com\\\/es\\\/?s={search_term_string}\"},\"query-input\":{\"@type\":\"PropertyValueSpecification\",\"valueRequired\":true,\"valueName\":\"search_term_string\"}}],\"inLanguage\":\"es\"}]}<\/script>\n<!-- \/ Yoast SEO plugin. -->","yoast_head_json":{"title":"Editorial Manus Sinistra","robots":{"index":"index","follow":"follow","max-snippet":"max-snippet:-1","max-image-preview":"max-image-preview:large","max-video-preview":"max-video-preview:-1"},"canonical":"https:\/\/manussinistra.com\/es\/producto\/sekhem-apep-michael-w-ford\/","og_locale":"es_ES","og_type":"article","og_url":"https:\/\/manussinistra.com\/es\/producto\/sekhem-apep-michael-w-ford\/","og_site_name":"Editorial Manus Sinistra","article_modified_time":"2024-07-17T03:26:45+00:00","og_image":[{"width":1000,"height":750,"url":"https:\/\/manussinistra.com\/es\/wp-content\/uploads\/2019\/11\/sekhem-apep-michael-w-ford.png","type":"image\/png"}],"twitter_card":"summary_large_image","twitter_misc":{"Tiempo de lectura":"1 minuto"},"schema":{"@context":"https:\/\/schema.org","@graph":[{"@type":"WebPage","@id":"https:\/\/manussinistra.com\/es\/producto\/sekhem-apep-michael-w-ford\/","url":"https:\/\/manussinistra.com\/es\/producto\/sekhem-apep-michael-w-ford\/","name":"Sekhem Apep: Magia Vampyrica Tifoniana - Michael W. Ford - Editorial Manus Sinistra","isPartOf":{"@id":"https:\/\/manussinistra.com\/es\/#website"},"primaryImageOfPage":{"@id":"https:\/\/manussinistra.com\/es\/producto\/sekhem-apep-michael-w-ford\/#primaryimage"},"image":{"@id":"https:\/\/manussinistra.com\/es\/producto\/sekhem-apep-michael-w-ford\/#primaryimage"},"thumbnailUrl":"https:\/\/manussinistra.com\/es\/wp-content\/uploads\/2019\/11\/sekhem-apep-michael-w-ford.png","datePublished":"2019-11-19T01:25:18+00:00","dateModified":"2024-07-17T03:26:45+00:00","breadcrumb":{"@id":"https:\/\/manussinistra.com\/es\/producto\/sekhem-apep-michael-w-ford\/#breadcrumb"},"inLanguage":"es","potentialAction":[{"@type":"ReadAction","target":["https:\/\/manussinistra.com\/es\/producto\/sekhem-apep-michael-w-ford\/"]}]},{"@type":"ImageObject","inLanguage":"es","@id":"https:\/\/manussinistra.com\/es\/producto\/sekhem-apep-michael-w-ford\/#primaryimage","url":"https:\/\/manussinistra.com\/es\/wp-content\/uploads\/2019\/11\/sekhem-apep-michael-w-ford.png","contentUrl":"https:\/\/manussinistra.com\/es\/wp-content\/uploads\/2019\/11\/sekhem-apep-michael-w-ford.png","width":1000,"height":750,"caption":"Sekhem Apep - Michael W. Ford"},{"@type":"BreadcrumbList","@id":"https:\/\/manussinistra.com\/es\/producto\/sekhem-apep-michael-w-ford\/#breadcrumb","itemListElement":[{"@type":"ListItem","position":1,"name":"Portada","item":"https:\/\/manussinistra.com\/es\/"},{"@type":"ListItem","position":2,"name":"Tienda","item":"https:\/\/manussinistra.com\/es\/tienda\/"},{"@type":"ListItem","position":3,"name":"Sekhem Apep: Magia Vampyrica Tifoniana &#8211; Michael W. Ford"}]},{"@type":"WebSite","@id":"https:\/\/manussinistra.com\/es\/#website","url":"https:\/\/manussinistra.com\/es\/","name":"Editorial Manus Sinistra","description":"Sendero de la Mano Izquierda, Satanismo y Magia(k) Contemporanea","potentialAction":[{"@type":"SearchAction","target":{"@type":"EntryPoint","urlTemplate":"https:\/\/manussinistra.com\/es\/?s={search_term_string}"},"query-input":{"@type":"PropertyValueSpecification","valueRequired":true,"valueName":"search_term_string"}}],"inLanguage":"es"}]}},"_links":{"self":[{"href":"https:\/\/manussinistra.com\/es\/wp-json\/wp\/v2\/product\/6889","targetHints":{"allow":["GET"]}}],"collection":[{"href":"https:\/\/manussinistra.com\/es\/wp-json\/wp\/v2\/product"}],"about":[{"href":"https:\/\/manussinistra.com\/es\/wp-json\/wp\/v2\/types\/product"}],"replies":[{"embeddable":true,"href":"https:\/\/manussinistra.com\/es\/wp-json\/wp\/v2\/comments?post=6889"}],"wp:featuredmedia":[{"embeddable":true,"href":"https:\/\/manussinistra.com\/es\/wp-json\/wp\/v2\/media\/6892"}],"wp:attachment":[{"href":"https:\/\/manussinistra.com\/es\/wp-json\/wp\/v2\/media?parent=6889"}],"wp:term":[{"taxonomy":"product_brand","embeddable":true,"href":"https:\/\/manussinistra.com\/es\/wp-json\/wp\/v2\/product_brand?post=6889"},{"taxonomy":"product_cat","embeddable":true,"href":"https:\/\/manussinistra.com\/es\/wp-json\/wp\/v2\/product_cat?post=6889"},{"taxonomy":"product_tag","embeddable":true,"href":"https:\/\/manussinistra.com\/es\/wp-json\/wp\/v2\/product_tag?post=6889"}],"curies":[{"name":"wp","href":"https:\/\/api.w.org\/{rel}","templated":true}]}}