{"id":6887,"date":"2019-11-19T01:22:16","date_gmt":"2019-11-19T01:22:16","guid":{"rendered":"https:\/\/manussinistra.com\/es\/test666_web_new\/?post_type=product&#038;p=6887"},"modified":"2022-01-23T23:26:49","modified_gmt":"2022-01-23T23:26:49","slug":"el-renacimiento-magico-kenneth-grant","status":"publish","type":"product","link":"https:\/\/manussinistra.com\/es\/producto\/el-renacimiento-magico-kenneth-grant\/","title":{"rendered":"El Renacimiento M\u00e1gico &#8211; Kenneth Grant"},"content":{"rendered":"","protected":false},"excerpt":{"rendered":"<p>Cuando el manuscrito original de este libro fue enviado para su publicaci\u00f3n, le dijeron al autor que \u00e9l hab\u00eda proporcionado \u201cdemasiado material para un libro\u201d. Esto result\u00f3 ser correcto. El trabajo aqu\u00ed presentado -en una edici\u00f3n mejorada- se convirti\u00f3 en el primer volumen de tres trilog\u00edas. Este libro proporciona un an\u00e1lisis detallado de ciertas tradiciones ocultas que existieron mucho antes de la \u00e9poca cristiana, sobrevenido a sus persecuciones y anatemas, y reapareciendo en tiempos recientes con un renovado vigor. La continuidad de esta corriente m\u00e1gica, tal como se refleja en el trabajo de Aleister Crowley, Austin Osman Spare, Dion Fortune, y otros, se traza aqu\u00ed a trav\u00e9s de la tradici\u00f3n t\u00e1ntrica del Lejano oriente, el Culto Sumerio de Shaitan y los ritos draconianos, sabeos o tifonianos de las dinast\u00edas \u201coscuras\u201d de Egipto. La magia sexual y ritos mist\u00e9ricos han sido practicados desde siempre; drogas y otras sustancias fueron usados constantemente para inducir el \u00e9xtasis, producir visiones y facilitar el tr\u00e1fico con los moradores de otros mundos o planos de consciencia, pero una l\u00f3gica inici\u00e1tica del proceso, tal como aqu\u00ed se presenta, rara vez estuvo disponible. La genuina tradici\u00f3n m\u00e1gica revivida por adeptos como Crowley es aqu\u00ed relacionada a sus antiguas fuentes y alineada con las fases del ocultismo contempor\u00e1neo que evolucionan una Nueva Gnosis para reemplazar las supersticiones est\u00e9riles generadas por un largo malentendido de lo antiguo. Como contribuci\u00f3n al saber oculto, El Renacimiento M\u00e1gico y sus vol\u00famenes acompa\u00f1antes se han convertido en las fuentes modelo en su campo especial.<\/p>\n","protected":false},"featured_media":6891,"comment_status":"closed","ping_status":"closed","template":"","meta":{"_joinchat":[]},"product_brand":[],"product_cat":[25],"product_tag":[],"class_list":{"0":"post-6887","1":"product","2":"type-product","3":"status-publish","4":"has-post-thumbnail","6":"product_cat-espanol","8":"first","9":"instock","10":"shipping-taxable","11":"purchasable","12":"product-type-variable","13":"has-default-attributes"},"yoast_head":"<!-- This site is optimized with the Yoast SEO plugin v27.4 - https:\/\/yoast.com\/product\/yoast-seo-wordpress\/ -->\n<title>Editorial Manus Sinistra<\/title>\n<meta name=\"robots\" content=\"index, follow, max-snippet:-1, max-image-preview:large, max-video-preview:-1\" \/>\n<link rel=\"canonical\" href=\"https:\/\/manussinistra.com\/es\/producto\/el-renacimiento-magico-kenneth-grant\/\" \/>\n<meta property=\"og:locale\" content=\"es_ES\" \/>\n<meta property=\"og:type\" content=\"article\" \/>\n<meta property=\"og:url\" content=\"https:\/\/manussinistra.com\/es\/producto\/el-renacimiento-magico-kenneth-grant\/\" \/>\n<meta property=\"og:site_name\" content=\"Editorial Manus Sinistra\" \/>\n<meta property=\"article:modified_time\" content=\"2022-01-23T23:26:49+00:00\" \/>\n<meta property=\"og:image\" content=\"https:\/\/manussinistra.com\/es\/wp-content\/uploads\/2019\/11\/renacimiento-magico-kenneth-grant.png\" \/>\n\t<meta property=\"og:image:width\" content=\"1000\" \/>\n\t<meta property=\"og:image:height\" content=\"750\" \/>\n\t<meta property=\"og:image:type\" content=\"image\/png\" \/>\n<meta name=\"twitter:card\" content=\"summary_large_image\" \/>\n<script type=\"application\/ld+json\" class=\"yoast-schema-graph\">{\"@context\":\"https:\\\/\\\/schema.org\",\"@graph\":[{\"@type\":\"WebPage\",\"@id\":\"https:\\\/\\\/manussinistra.com\\\/es\\\/producto\\\/el-renacimiento-magico-kenneth-grant\\\/\",\"url\":\"https:\\\/\\\/manussinistra.com\\\/es\\\/producto\\\/el-renacimiento-magico-kenneth-grant\\\/\",\"name\":\"El Renacimiento M\u00e1gico - Kenneth Grant - Editorial Manus Sinistra\",\"isPartOf\":{\"@id\":\"https:\\\/\\\/manussinistra.com\\\/es\\\/#website\"},\"primaryImageOfPage\":{\"@id\":\"https:\\\/\\\/manussinistra.com\\\/es\\\/producto\\\/el-renacimiento-magico-kenneth-grant\\\/#primaryimage\"},\"image\":{\"@id\":\"https:\\\/\\\/manussinistra.com\\\/es\\\/producto\\\/el-renacimiento-magico-kenneth-grant\\\/#primaryimage\"},\"thumbnailUrl\":\"https:\\\/\\\/manussinistra.com\\\/es\\\/wp-content\\\/uploads\\\/2019\\\/11\\\/renacimiento-magico-kenneth-grant.png\",\"datePublished\":\"2019-11-19T01:22:16+00:00\",\"dateModified\":\"2022-01-23T23:26:49+00:00\",\"breadcrumb\":{\"@id\":\"https:\\\/\\\/manussinistra.com\\\/es\\\/producto\\\/el-renacimiento-magico-kenneth-grant\\\/#breadcrumb\"},\"inLanguage\":\"es\",\"potentialAction\":[{\"@type\":\"ReadAction\",\"target\":[\"https:\\\/\\\/manussinistra.com\\\/es\\\/producto\\\/el-renacimiento-magico-kenneth-grant\\\/\"]}]},{\"@type\":\"ImageObject\",\"inLanguage\":\"es\",\"@id\":\"https:\\\/\\\/manussinistra.com\\\/es\\\/producto\\\/el-renacimiento-magico-kenneth-grant\\\/#primaryimage\",\"url\":\"https:\\\/\\\/manussinistra.com\\\/es\\\/wp-content\\\/uploads\\\/2019\\\/11\\\/renacimiento-magico-kenneth-grant.png\",\"contentUrl\":\"https:\\\/\\\/manussinistra.com\\\/es\\\/wp-content\\\/uploads\\\/2019\\\/11\\\/renacimiento-magico-kenneth-grant.png\",\"width\":1000,\"height\":750,\"caption\":\"Renacimiento Magico - Kenneth Grant\"},{\"@type\":\"BreadcrumbList\",\"@id\":\"https:\\\/\\\/manussinistra.com\\\/es\\\/producto\\\/el-renacimiento-magico-kenneth-grant\\\/#breadcrumb\",\"itemListElement\":[{\"@type\":\"ListItem\",\"position\":1,\"name\":\"Portada\",\"item\":\"https:\\\/\\\/manussinistra.com\\\/es\\\/\"},{\"@type\":\"ListItem\",\"position\":2,\"name\":\"Tienda\",\"item\":\"https:\\\/\\\/manussinistra.com\\\/es\\\/tienda\\\/\"},{\"@type\":\"ListItem\",\"position\":3,\"name\":\"El Renacimiento M\u00e1gico &#8211; Kenneth Grant\"}]},{\"@type\":\"WebSite\",\"@id\":\"https:\\\/\\\/manussinistra.com\\\/es\\\/#website\",\"url\":\"https:\\\/\\\/manussinistra.com\\\/es\\\/\",\"name\":\"Editorial Manus Sinistra\",\"description\":\"Sendero de la Mano Izquierda, Satanismo y Magia(k) Contemporanea\",\"potentialAction\":[{\"@type\":\"SearchAction\",\"target\":{\"@type\":\"EntryPoint\",\"urlTemplate\":\"https:\\\/\\\/manussinistra.com\\\/es\\\/?s={search_term_string}\"},\"query-input\":{\"@type\":\"PropertyValueSpecification\",\"valueRequired\":true,\"valueName\":\"search_term_string\"}}],\"inLanguage\":\"es\"}]}<\/script>\n<!-- \/ Yoast SEO plugin. -->","yoast_head_json":{"title":"Editorial Manus Sinistra","robots":{"index":"index","follow":"follow","max-snippet":"max-snippet:-1","max-image-preview":"max-image-preview:large","max-video-preview":"max-video-preview:-1"},"canonical":"https:\/\/manussinistra.com\/es\/producto\/el-renacimiento-magico-kenneth-grant\/","og_locale":"es_ES","og_type":"article","og_url":"https:\/\/manussinistra.com\/es\/producto\/el-renacimiento-magico-kenneth-grant\/","og_site_name":"Editorial Manus Sinistra","article_modified_time":"2022-01-23T23:26:49+00:00","og_image":[{"width":1000,"height":750,"url":"https:\/\/manussinistra.com\/es\/wp-content\/uploads\/2019\/11\/renacimiento-magico-kenneth-grant.png","type":"image\/png"}],"twitter_card":"summary_large_image","schema":{"@context":"https:\/\/schema.org","@graph":[{"@type":"WebPage","@id":"https:\/\/manussinistra.com\/es\/producto\/el-renacimiento-magico-kenneth-grant\/","url":"https:\/\/manussinistra.com\/es\/producto\/el-renacimiento-magico-kenneth-grant\/","name":"El Renacimiento M\u00e1gico - Kenneth Grant - Editorial Manus Sinistra","isPartOf":{"@id":"https:\/\/manussinistra.com\/es\/#website"},"primaryImageOfPage":{"@id":"https:\/\/manussinistra.com\/es\/producto\/el-renacimiento-magico-kenneth-grant\/#primaryimage"},"image":{"@id":"https:\/\/manussinistra.com\/es\/producto\/el-renacimiento-magico-kenneth-grant\/#primaryimage"},"thumbnailUrl":"https:\/\/manussinistra.com\/es\/wp-content\/uploads\/2019\/11\/renacimiento-magico-kenneth-grant.png","datePublished":"2019-11-19T01:22:16+00:00","dateModified":"2022-01-23T23:26:49+00:00","breadcrumb":{"@id":"https:\/\/manussinistra.com\/es\/producto\/el-renacimiento-magico-kenneth-grant\/#breadcrumb"},"inLanguage":"es","potentialAction":[{"@type":"ReadAction","target":["https:\/\/manussinistra.com\/es\/producto\/el-renacimiento-magico-kenneth-grant\/"]}]},{"@type":"ImageObject","inLanguage":"es","@id":"https:\/\/manussinistra.com\/es\/producto\/el-renacimiento-magico-kenneth-grant\/#primaryimage","url":"https:\/\/manussinistra.com\/es\/wp-content\/uploads\/2019\/11\/renacimiento-magico-kenneth-grant.png","contentUrl":"https:\/\/manussinistra.com\/es\/wp-content\/uploads\/2019\/11\/renacimiento-magico-kenneth-grant.png","width":1000,"height":750,"caption":"Renacimiento Magico - Kenneth Grant"},{"@type":"BreadcrumbList","@id":"https:\/\/manussinistra.com\/es\/producto\/el-renacimiento-magico-kenneth-grant\/#breadcrumb","itemListElement":[{"@type":"ListItem","position":1,"name":"Portada","item":"https:\/\/manussinistra.com\/es\/"},{"@type":"ListItem","position":2,"name":"Tienda","item":"https:\/\/manussinistra.com\/es\/tienda\/"},{"@type":"ListItem","position":3,"name":"El Renacimiento M\u00e1gico &#8211; Kenneth Grant"}]},{"@type":"WebSite","@id":"https:\/\/manussinistra.com\/es\/#website","url":"https:\/\/manussinistra.com\/es\/","name":"Editorial Manus Sinistra","description":"Sendero de la Mano Izquierda, Satanismo y Magia(k) Contemporanea","potentialAction":[{"@type":"SearchAction","target":{"@type":"EntryPoint","urlTemplate":"https:\/\/manussinistra.com\/es\/?s={search_term_string}"},"query-input":{"@type":"PropertyValueSpecification","valueRequired":true,"valueName":"search_term_string"}}],"inLanguage":"es"}]}},"_links":{"self":[{"href":"https:\/\/manussinistra.com\/es\/wp-json\/wp\/v2\/product\/6887","targetHints":{"allow":["GET"]}}],"collection":[{"href":"https:\/\/manussinistra.com\/es\/wp-json\/wp\/v2\/product"}],"about":[{"href":"https:\/\/manussinistra.com\/es\/wp-json\/wp\/v2\/types\/product"}],"replies":[{"embeddable":true,"href":"https:\/\/manussinistra.com\/es\/wp-json\/wp\/v2\/comments?post=6887"}],"wp:featuredmedia":[{"embeddable":true,"href":"https:\/\/manussinistra.com\/es\/wp-json\/wp\/v2\/media\/6891"}],"wp:attachment":[{"href":"https:\/\/manussinistra.com\/es\/wp-json\/wp\/v2\/media?parent=6887"}],"wp:term":[{"taxonomy":"product_brand","embeddable":true,"href":"https:\/\/manussinistra.com\/es\/wp-json\/wp\/v2\/product_brand?post=6887"},{"taxonomy":"product_cat","embeddable":true,"href":"https:\/\/manussinistra.com\/es\/wp-json\/wp\/v2\/product_cat?post=6887"},{"taxonomy":"product_tag","embeddable":true,"href":"https:\/\/manussinistra.com\/es\/wp-json\/wp\/v2\/product_tag?post=6887"}],"curies":[{"name":"wp","href":"https:\/\/api.w.org\/{rel}","templated":true}]}}