{"id":64685,"date":"2025-10-21T01:56:49","date_gmt":"2025-10-21T01:56:49","guid":{"rendered":"https:\/\/manussinistra.com\/es\/?post_type=product&#038;p=64685"},"modified":"2025-11-01T01:33:16","modified_gmt":"2025-11-01T01:33:16","slug":"ocultismo-ns-stephen-e-flowers","status":"publish","type":"product","link":"https:\/\/manussinistra.com\/es\/producto\/ocultismo-ns-stephen-e-flowers\/","title":{"rendered":"El Ocultismo en el Nacionalsocialismo \u2013 Stephen E. Flowers Ph.D."},"content":{"rendered":"","protected":false},"excerpt":{"rendered":"<div class=\"xdj266r x11i5rnm xat24cr x1mh8g0r x1vvkbs x126k92a\">\n<p style=\"text-align: left;\" data-start=\"133\" data-end=\"173\"><em><strong>Fecha de publicaci\u00f3n tentativa, diciembre 2025.<\/strong><\/em><\/p>\n<\/div>\n<h2 style=\"text-align: center;\">El Ocultismo en el Nacionalsocialismo<\/h2>\n<p style=\"text-align: center;\"><em>Las influencias simb\u00f3licas, cient\u00edficas y m\u00e1gicas en el Tercer Reich<\/em><\/p>\n<p>&nbsp;<\/p>\n<div class=\"xdj266r x11i5rnm xat24cr x1mh8g0r x1vvkbs x126k92a\">\n<p data-start=\"0\" data-end=\"80\"><strong>Una historia cr\u00edtica de las ra\u00edces del ocultismo nazi y su influencia continua<\/strong><\/p>\n<p style=\"padding-left: 40px;\" data-start=\"82\" data-end=\"235\">\u2022 Explora las influencias ocultas en diversas figuras nazis, incluyendo a Adolf Hitler, Albert Speer, Rudolf Hess, Alfred Rosenberg y Heinrich Himmler.<\/p>\n<p style=\"padding-left: 40px;\" data-start=\"237\" data-end=\"364\">\u2022 Examina los fundamentos del movimiento establecidos en el siglo XIX y que continuaron en las primeras d\u00e9cadas del siglo XX.<\/p>\n<p style=\"padding-left: 40px;\" data-start=\"366\" data-end=\"627\">\u2022 Explica los ritos y la runolog\u00eda del Nacionalsocialismo, las dimensiones ocultas de la ciencia nazi y c\u00f3mo muchas de las descripciones sensacionalistas de las pr\u00e1cticas \u201csat\u00e1nicas\u201d nazis fueron originadas por la propaganda eclesi\u00e1stica despu\u00e9s de la guerra.<\/p>\n<p data-start=\"629\" data-end=\"893\">En este examen exhaustivo del ocultismo nazi, Stephen E. Flowers, Ph.D., ofrece una historia cr\u00edtica y un an\u00e1lisis de las corrientes ocultas y esot\u00e9ricas activas en el Tercer Reich, as\u00ed como del crecimiento del nazismo ocultista presente en movimientos actuales.<\/p>\n<p data-start=\"895\" data-end=\"1459\">Reuniendo el fruto de cinco d\u00e9cadas de investigaci\u00f3n en fuentes primarias y secundarias \u2014muchas de ellas en alem\u00e1n original\u2014, Flowers examina las tradiciones simb\u00f3licas, ocultas, cient\u00edficas y m\u00e1gicas que sirvieron de base para el desarrollo del movimiento nazi. Detalla las influencias de la Teosof\u00eda, el volkismo y la obra de los Hermanos Grimm, as\u00ed como el impacto de la cultura cient\u00edfica de la \u00e9poca. Al observar los comienzos del siglo XX, describe la influencia de Guido von List, Lanz von Liebenfels, Rudolf von Sebottendorf, Friedrich Hielscher y otros.<\/p>\n<p data-start=\"1461\" data-end=\"2340\" data-is-last-node=\"\" data-is-only-node=\"\">Examinando el periodo posterior a la fundaci\u00f3n del Partido Nazi en 1919, y especialmente tras su ascenso al poder en 1933, Flowers explora las influencias ocultas en figuras clave del nazismo, incluyendo a Adolf Hitler, Albert Speer, Rudolf Hess y Heinrich Himmler. Analiza las referencias \u2014habitualmente pasadas por alto\u2014 a t\u00e9cnicas m\u00e1gicas en <em data-start=\"1806\" data-end=\"1818\">Mein Kampf<\/em>, revelando su adopci\u00f3n de m\u00e9todos ocultos para crear una amplia base de seguidores y moldear el pensamiento de las masas. Flowers tambi\u00e9n explica los ritos y la runolog\u00eda del Nacionalsocialismo, las dimensiones ocultas de la ciencia nazi y el florecimiento del cristianismo nazi. Concluye con un examen de la mitolog\u00eda moderna del ocultismo nazi, donde critica la literatura relacionada surgida despu\u00e9s de la guerra y revela la persistencia de mitos nazis esot\u00e9ricos en los c\u00edrculos ocultistas y pol\u00edticos contempor\u00e1neos.<\/p>\n<\/div>\n<div dir=\"auto\" style=\"text-align: left;\">\n<hr \/>\n<\/div>\n<div class=\"x11i5rnm xat24cr x1mh8g0r x1vvkbs xtlvy1s x126k92a\" style=\"text-align: left;\">\n<div dir=\"auto\">\n<p data-pm-slice=\"1 1 []\">\ud83d\udce6 Ediciones:<\/p>\n<p style=\"padding-left: 40px;\">Tapa blanda: (100 unidades)<\/p>\n<p style=\"padding-left: 40px;\">Tapa dura: (56 unidades)<\/p>\n<p style=\"padding-left: 40px;\">Edici\u00f3n de lujo en cuero: (9 unidades)<\/p>\n<\/div>\n<\/div>\n<div class=\"x11i5rnm xat24cr x1mh8g0r x1vvkbs xtlvy1s x126k92a\" style=\"text-align: left;\">\n<div dir=\"auto\">\n<p data-start=\"244\" data-end=\"326\">Los pagos pueden realizarse por PayPal, con la garant\u00eda que ofrece el servicio.<\/p>\n<p data-start=\"328\" data-end=\"468\">\u00a1Este LIBRO PUEDE enviarse junto con otros lanzamientos, y en algunos casos (en pedidos de la edici\u00f3n de lujo), sin costo adicional de env\u00edo!<\/p>\n<p data-start=\"470\" data-end=\"571\">No dudes en escribirnos ante cualquier consulta. \u00a1OFRECEMOS DESCUENTOS POR MAYOR DEL -30%, 40% Y 50%!<\/p>\n<\/div>\n<\/div>\n","protected":false},"featured_media":64693,"comment_status":"closed","ping_status":"closed","template":"","meta":{"_joinchat":[]},"product_brand":[],"product_cat":[25],"product_tag":[],"class_list":{"0":"post-64685","1":"product","2":"type-product","3":"status-publish","4":"has-post-thumbnail","6":"product_cat-espanol","8":"first","9":"instock","10":"shipping-taxable","11":"purchasable","12":"product-type-variable","13":"has-default-attributes"},"yoast_head":"<!-- This site is optimized with the Yoast SEO plugin v27.4 - https:\/\/yoast.com\/product\/yoast-seo-wordpress\/ -->\n<title>Editorial Manus Sinistra<\/title>\n<meta name=\"robots\" content=\"index, follow, max-snippet:-1, max-image-preview:large, max-video-preview:-1\" \/>\n<link rel=\"canonical\" href=\"https:\/\/manussinistra.com\/es\/producto\/ocultismo-ns-stephen-e-flowers\/\" \/>\n<meta property=\"og:locale\" content=\"es_ES\" \/>\n<meta property=\"og:type\" content=\"article\" \/>\n<meta property=\"og:url\" content=\"https:\/\/manussinistra.com\/es\/producto\/ocultismo-ns-stephen-e-flowers\/\" \/>\n<meta property=\"og:site_name\" content=\"Editorial Manus Sinistra\" \/>\n<meta property=\"article:modified_time\" content=\"2025-11-01T01:33:16+00:00\" \/>\n<meta property=\"og:image\" content=\"https:\/\/manussinistra.com\/es\/wp-content\/uploads\/2025\/10\/89c7e8ae-8264-45b8-8ffc-5cb.jpg\" \/>\n\t<meta property=\"og:image:width\" content=\"2048\" \/>\n\t<meta property=\"og:image:height\" content=\"2048\" \/>\n\t<meta property=\"og:image:type\" content=\"image\/jpeg\" \/>\n<meta name=\"twitter:card\" content=\"summary_large_image\" \/>\n<meta name=\"twitter:label1\" content=\"Tiempo de lectura\" \/>\n\t<meta name=\"twitter:data1\" content=\"1 minuto\" \/>\n<script type=\"application\/ld+json\" class=\"yoast-schema-graph\">{\"@context\":\"https:\\\/\\\/schema.org\",\"@graph\":[{\"@type\":\"WebPage\",\"@id\":\"https:\\\/\\\/manussinistra.com\\\/es\\\/producto\\\/ocultismo-ns-stephen-e-flowers\\\/\",\"url\":\"https:\\\/\\\/manussinistra.com\\\/es\\\/producto\\\/ocultismo-ns-stephen-e-flowers\\\/\",\"name\":\"El Ocultismo en el Nacionalsocialismo \u2013 Stephen E. Flowers Ph.D. - Editorial Manus Sinistra\",\"isPartOf\":{\"@id\":\"https:\\\/\\\/manussinistra.com\\\/es\\\/#website\"},\"primaryImageOfPage\":{\"@id\":\"https:\\\/\\\/manussinistra.com\\\/es\\\/producto\\\/ocultismo-ns-stephen-e-flowers\\\/#primaryimage\"},\"image\":{\"@id\":\"https:\\\/\\\/manussinistra.com\\\/es\\\/producto\\\/ocultismo-ns-stephen-e-flowers\\\/#primaryimage\"},\"thumbnailUrl\":\"https:\\\/\\\/manussinistra.com\\\/es\\\/wp-content\\\/uploads\\\/2025\\\/10\\\/89c7e8ae-8264-45b8-8ffc-5cb.jpg\",\"datePublished\":\"2025-10-21T01:56:49+00:00\",\"dateModified\":\"2025-11-01T01:33:16+00:00\",\"breadcrumb\":{\"@id\":\"https:\\\/\\\/manussinistra.com\\\/es\\\/producto\\\/ocultismo-ns-stephen-e-flowers\\\/#breadcrumb\"},\"inLanguage\":\"es\",\"potentialAction\":[{\"@type\":\"ReadAction\",\"target\":[\"https:\\\/\\\/manussinistra.com\\\/es\\\/producto\\\/ocultismo-ns-stephen-e-flowers\\\/\"]}]},{\"@type\":\"ImageObject\",\"inLanguage\":\"es\",\"@id\":\"https:\\\/\\\/manussinistra.com\\\/es\\\/producto\\\/ocultismo-ns-stephen-e-flowers\\\/#primaryimage\",\"url\":\"https:\\\/\\\/manussinistra.com\\\/es\\\/wp-content\\\/uploads\\\/2025\\\/10\\\/89c7e8ae-8264-45b8-8ffc-5cb.jpg\",\"contentUrl\":\"https:\\\/\\\/manussinistra.com\\\/es\\\/wp-content\\\/uploads\\\/2025\\\/10\\\/89c7e8ae-8264-45b8-8ffc-5cb.jpg\",\"width\":2048,\"height\":2048},{\"@type\":\"BreadcrumbList\",\"@id\":\"https:\\\/\\\/manussinistra.com\\\/es\\\/producto\\\/ocultismo-ns-stephen-e-flowers\\\/#breadcrumb\",\"itemListElement\":[{\"@type\":\"ListItem\",\"position\":1,\"name\":\"Portada\",\"item\":\"https:\\\/\\\/manussinistra.com\\\/es\\\/\"},{\"@type\":\"ListItem\",\"position\":2,\"name\":\"Tienda\",\"item\":\"https:\\\/\\\/manussinistra.com\\\/es\\\/tienda\\\/\"},{\"@type\":\"ListItem\",\"position\":3,\"name\":\"El Ocultismo en el Nacionalsocialismo \u2013 Stephen E. Flowers Ph.D.\"}]},{\"@type\":\"WebSite\",\"@id\":\"https:\\\/\\\/manussinistra.com\\\/es\\\/#website\",\"url\":\"https:\\\/\\\/manussinistra.com\\\/es\\\/\",\"name\":\"Editorial Manus Sinistra\",\"description\":\"Sendero de la Mano Izquierda, Satanismo y Magia(k) Contemporanea\",\"potentialAction\":[{\"@type\":\"SearchAction\",\"target\":{\"@type\":\"EntryPoint\",\"urlTemplate\":\"https:\\\/\\\/manussinistra.com\\\/es\\\/?s={search_term_string}\"},\"query-input\":{\"@type\":\"PropertyValueSpecification\",\"valueRequired\":true,\"valueName\":\"search_term_string\"}}],\"inLanguage\":\"es\"}]}<\/script>\n<!-- \/ Yoast SEO plugin. -->","yoast_head_json":{"title":"Editorial Manus Sinistra","robots":{"index":"index","follow":"follow","max-snippet":"max-snippet:-1","max-image-preview":"max-image-preview:large","max-video-preview":"max-video-preview:-1"},"canonical":"https:\/\/manussinistra.com\/es\/producto\/ocultismo-ns-stephen-e-flowers\/","og_locale":"es_ES","og_type":"article","og_url":"https:\/\/manussinistra.com\/es\/producto\/ocultismo-ns-stephen-e-flowers\/","og_site_name":"Editorial Manus Sinistra","article_modified_time":"2025-11-01T01:33:16+00:00","og_image":[{"width":2048,"height":2048,"url":"https:\/\/manussinistra.com\/es\/wp-content\/uploads\/2025\/10\/89c7e8ae-8264-45b8-8ffc-5cb.jpg","type":"image\/jpeg"}],"twitter_card":"summary_large_image","twitter_misc":{"Tiempo de lectura":"1 minuto"},"schema":{"@context":"https:\/\/schema.org","@graph":[{"@type":"WebPage","@id":"https:\/\/manussinistra.com\/es\/producto\/ocultismo-ns-stephen-e-flowers\/","url":"https:\/\/manussinistra.com\/es\/producto\/ocultismo-ns-stephen-e-flowers\/","name":"El Ocultismo en el Nacionalsocialismo \u2013 Stephen E. Flowers Ph.D. - Editorial Manus Sinistra","isPartOf":{"@id":"https:\/\/manussinistra.com\/es\/#website"},"primaryImageOfPage":{"@id":"https:\/\/manussinistra.com\/es\/producto\/ocultismo-ns-stephen-e-flowers\/#primaryimage"},"image":{"@id":"https:\/\/manussinistra.com\/es\/producto\/ocultismo-ns-stephen-e-flowers\/#primaryimage"},"thumbnailUrl":"https:\/\/manussinistra.com\/es\/wp-content\/uploads\/2025\/10\/89c7e8ae-8264-45b8-8ffc-5cb.jpg","datePublished":"2025-10-21T01:56:49+00:00","dateModified":"2025-11-01T01:33:16+00:00","breadcrumb":{"@id":"https:\/\/manussinistra.com\/es\/producto\/ocultismo-ns-stephen-e-flowers\/#breadcrumb"},"inLanguage":"es","potentialAction":[{"@type":"ReadAction","target":["https:\/\/manussinistra.com\/es\/producto\/ocultismo-ns-stephen-e-flowers\/"]}]},{"@type":"ImageObject","inLanguage":"es","@id":"https:\/\/manussinistra.com\/es\/producto\/ocultismo-ns-stephen-e-flowers\/#primaryimage","url":"https:\/\/manussinistra.com\/es\/wp-content\/uploads\/2025\/10\/89c7e8ae-8264-45b8-8ffc-5cb.jpg","contentUrl":"https:\/\/manussinistra.com\/es\/wp-content\/uploads\/2025\/10\/89c7e8ae-8264-45b8-8ffc-5cb.jpg","width":2048,"height":2048},{"@type":"BreadcrumbList","@id":"https:\/\/manussinistra.com\/es\/producto\/ocultismo-ns-stephen-e-flowers\/#breadcrumb","itemListElement":[{"@type":"ListItem","position":1,"name":"Portada","item":"https:\/\/manussinistra.com\/es\/"},{"@type":"ListItem","position":2,"name":"Tienda","item":"https:\/\/manussinistra.com\/es\/tienda\/"},{"@type":"ListItem","position":3,"name":"El Ocultismo en el Nacionalsocialismo \u2013 Stephen E. Flowers Ph.D."}]},{"@type":"WebSite","@id":"https:\/\/manussinistra.com\/es\/#website","url":"https:\/\/manussinistra.com\/es\/","name":"Editorial Manus Sinistra","description":"Sendero de la Mano Izquierda, Satanismo y Magia(k) Contemporanea","potentialAction":[{"@type":"SearchAction","target":{"@type":"EntryPoint","urlTemplate":"https:\/\/manussinistra.com\/es\/?s={search_term_string}"},"query-input":{"@type":"PropertyValueSpecification","valueRequired":true,"valueName":"search_term_string"}}],"inLanguage":"es"}]}},"_links":{"self":[{"href":"https:\/\/manussinistra.com\/es\/wp-json\/wp\/v2\/product\/64685","targetHints":{"allow":["GET"]}}],"collection":[{"href":"https:\/\/manussinistra.com\/es\/wp-json\/wp\/v2\/product"}],"about":[{"href":"https:\/\/manussinistra.com\/es\/wp-json\/wp\/v2\/types\/product"}],"replies":[{"embeddable":true,"href":"https:\/\/manussinistra.com\/es\/wp-json\/wp\/v2\/comments?post=64685"}],"wp:featuredmedia":[{"embeddable":true,"href":"https:\/\/manussinistra.com\/es\/wp-json\/wp\/v2\/media\/64693"}],"wp:attachment":[{"href":"https:\/\/manussinistra.com\/es\/wp-json\/wp\/v2\/media?parent=64685"}],"wp:term":[{"taxonomy":"product_brand","embeddable":true,"href":"https:\/\/manussinistra.com\/es\/wp-json\/wp\/v2\/product_brand?post=64685"},{"taxonomy":"product_cat","embeddable":true,"href":"https:\/\/manussinistra.com\/es\/wp-json\/wp\/v2\/product_cat?post=64685"},{"taxonomy":"product_tag","embeddable":true,"href":"https:\/\/manussinistra.com\/es\/wp-json\/wp\/v2\/product_tag?post=64685"}],"curies":[{"name":"wp","href":"https:\/\/api.w.org\/{rel}","templated":true}]}}