{"id":64491,"date":"2025-06-21T01:37:23","date_gmt":"2025-06-21T01:37:23","guid":{"rendered":"https:\/\/manussinistra.com\/es\/?post_type=product&#038;p=64491"},"modified":"2025-10-25T05:12:53","modified_gmt":"2025-10-25T05:12:53","slug":"iniciacion-draconiana","status":"publish","type":"product","link":"https:\/\/manussinistra.com\/es\/producto\/iniciacion-draconiana\/","title":{"rendered":"Iniciaci\u00f3n Draconiana: Los Cursos M\u00e1gicos de Dragon Rouge \u2013 Thomas Karlsson"},"content":{"rendered":"","protected":false},"excerpt":{"rendered":"<div class=\"xdj266r x11i5rnm xat24cr x1mh8g0r x1vvkbs x126k92a\">\n<p>Este libro re\u00fane los tres primeros a\u00f1os del sistema inici\u00e1tico interno de Dragon Rouge, una de las \u00f3rdenes esot\u00e9ricas m\u00e1s influyentes del Sendero de la Mano Izquierda del \u00faltimo cuarto de siglo.<\/p>\n<p>Cada uno de estos niveles corresponde a una etapa de formaci\u00f3n que abarca aproximadamente un a\u00f1o de pr\u00e1ctica m\u00e1gica estructurada. Lilith, Gamaliel y Samael se vinculan a distintas regiones del \u00c1rbol de la Muerte (Qliphoth) y proponen enfoques espec\u00edficos de trabajo: f\u00edsico, astral y existencial.<\/p>\n<ul>\n<li>Lilith trabaja con lo terrenal, la voluntad y el acceso al mundo on\u00edrico.<br \/>\n\u2022 Gamaliel profundiza en el plano astral, la magia sexual, los arquetipos oscuros y los ciclos lunares.<br \/>\n\u2022 Samael introduce procesos de ruptura, confrontaci\u00f3n y alquimia interior.<\/li>\n<\/ul>\n<p>Cada curso est\u00e1 compuesto por seis cartas con contenidos doctrinales y ejercicios mensuales y semanales. Se abordan pr\u00e1cticas como meditaci\u00f3n, rituales, el despertar del cuerpo energ\u00e9tico, trabajo con sue\u00f1os, invocaciones y t\u00e9cnicas de concentraci\u00f3n y mucho m\u00e1s.<\/p>\n<p>El material est\u00e1 dirigido a quienes buscan un trabajo serio dentro del Sendero de la Mano Izquierda, bajo el tutelaje del Drag\u00f3n.<\/p>\n<\/div>\n<div dir=\"auto\" style=\"text-align: left;\">\n<hr \/>\n<\/div>\n<div class=\"x11i5rnm xat24cr x1mh8g0r x1vvkbs xtlvy1s x126k92a\" style=\"text-align: left;\">\n<div dir=\"auto\"><\/div>\n<\/div>\n<div class=\"x11i5rnm xat24cr x1mh8g0r x1vvkbs xtlvy1s x126k92a\" style=\"text-align: left;\">\n<div dir=\"auto\">\n<p data-start=\"88\" data-end=\"156\">Ediciones en tapa blanda, tapa dura y edici\u00f3n de lujo en cuero.<\/p>\n<p data-start=\"158\" data-end=\"242\">Edici\u00f3n limitada a 15 ejemplares de lujo, 100 en tapa dura con tela y 56 en tapa blanda.<\/p>\n<p data-start=\"244\" data-end=\"326\">Los pagos pueden realizarse por PayPal, con la garant\u00eda que ofrece dicho servicio.<\/p>\n<p data-start=\"328\" data-end=\"468\">\u00a1Este LIBRO PUEDE enviarse junto con otros lanzamientos, y en algunos casos (en pedidos de la edici\u00f3n Deluxe), sin costo adicional de env\u00edo!<\/p>\n<p data-start=\"470\" data-end=\"571\">No dudes en escribirnos ante cualquier consulta. \u00a1OFRECEMOS DESCUENTOS POR MAYOR DEL -30%, 40% Y 50%!<\/p>\n<\/div>\n<\/div>\n","protected":false},"featured_media":64496,"comment_status":"closed","ping_status":"closed","template":"","meta":{"_joinchat":[]},"product_brand":[],"product_cat":[25],"product_tag":[],"class_list":{"0":"post-64491","1":"product","2":"type-product","3":"status-publish","4":"has-post-thumbnail","6":"product_cat-espanol","8":"first","9":"instock","10":"shipping-taxable","11":"purchasable","12":"product-type-variable","13":"has-default-attributes"},"yoast_head":"<!-- This site is optimized with the Yoast SEO plugin v27.4 - https:\/\/yoast.com\/product\/yoast-seo-wordpress\/ -->\n<title>Editorial Manus Sinistra<\/title>\n<meta name=\"robots\" content=\"index, follow, max-snippet:-1, max-image-preview:large, max-video-preview:-1\" \/>\n<link rel=\"canonical\" href=\"https:\/\/manussinistra.com\/es\/producto\/iniciacion-draconiana\/\" \/>\n<meta property=\"og:locale\" content=\"es_ES\" \/>\n<meta property=\"og:type\" content=\"article\" \/>\n<meta property=\"og:url\" content=\"https:\/\/manussinistra.com\/es\/producto\/iniciacion-draconiana\/\" \/>\n<meta property=\"og:site_name\" content=\"Editorial Manus Sinistra\" \/>\n<meta property=\"article:modified_time\" content=\"2025-10-25T05:12:53+00:00\" \/>\n<meta property=\"og:image\" content=\"https:\/\/manussinistra.com\/es\/wp-content\/uploads\/2025\/06\/DR-copia-ESNOL.jpg\" \/>\n\t<meta property=\"og:image:width\" content=\"757\" \/>\n\t<meta property=\"og:image:height\" content=\"1100\" \/>\n\t<meta property=\"og:image:type\" content=\"image\/jpeg\" \/>\n<meta name=\"twitter:card\" content=\"summary_large_image\" \/>\n<meta name=\"twitter:label1\" content=\"Tiempo de lectura\" \/>\n\t<meta name=\"twitter:data1\" content=\"1 minuto\" \/>\n<script type=\"application\/ld+json\" class=\"yoast-schema-graph\">{\"@context\":\"https:\\\/\\\/schema.org\",\"@graph\":[{\"@type\":\"WebPage\",\"@id\":\"https:\\\/\\\/manussinistra.com\\\/es\\\/producto\\\/iniciacion-draconiana\\\/\",\"url\":\"https:\\\/\\\/manussinistra.com\\\/es\\\/producto\\\/iniciacion-draconiana\\\/\",\"name\":\"Iniciaci\u00f3n Draconiana: Los Cursos M\u00e1gicos de Dragon Rouge \u2013 Thomas Karlsson - Editorial Manus Sinistra\",\"isPartOf\":{\"@id\":\"https:\\\/\\\/manussinistra.com\\\/es\\\/#website\"},\"primaryImageOfPage\":{\"@id\":\"https:\\\/\\\/manussinistra.com\\\/es\\\/producto\\\/iniciacion-draconiana\\\/#primaryimage\"},\"image\":{\"@id\":\"https:\\\/\\\/manussinistra.com\\\/es\\\/producto\\\/iniciacion-draconiana\\\/#primaryimage\"},\"thumbnailUrl\":\"https:\\\/\\\/manussinistra.com\\\/es\\\/wp-content\\\/uploads\\\/2025\\\/06\\\/DR-copia-ESNOL.jpg\",\"datePublished\":\"2025-06-21T01:37:23+00:00\",\"dateModified\":\"2025-10-25T05:12:53+00:00\",\"breadcrumb\":{\"@id\":\"https:\\\/\\\/manussinistra.com\\\/es\\\/producto\\\/iniciacion-draconiana\\\/#breadcrumb\"},\"inLanguage\":\"es\",\"potentialAction\":[{\"@type\":\"ReadAction\",\"target\":[\"https:\\\/\\\/manussinistra.com\\\/es\\\/producto\\\/iniciacion-draconiana\\\/\"]}]},{\"@type\":\"ImageObject\",\"inLanguage\":\"es\",\"@id\":\"https:\\\/\\\/manussinistra.com\\\/es\\\/producto\\\/iniciacion-draconiana\\\/#primaryimage\",\"url\":\"https:\\\/\\\/manussinistra.com\\\/es\\\/wp-content\\\/uploads\\\/2025\\\/06\\\/DR-copia-ESNOL.jpg\",\"contentUrl\":\"https:\\\/\\\/manussinistra.com\\\/es\\\/wp-content\\\/uploads\\\/2025\\\/06\\\/DR-copia-ESNOL.jpg\",\"width\":1751,\"height\":2546},{\"@type\":\"BreadcrumbList\",\"@id\":\"https:\\\/\\\/manussinistra.com\\\/es\\\/producto\\\/iniciacion-draconiana\\\/#breadcrumb\",\"itemListElement\":[{\"@type\":\"ListItem\",\"position\":1,\"name\":\"Portada\",\"item\":\"https:\\\/\\\/manussinistra.com\\\/es\\\/\"},{\"@type\":\"ListItem\",\"position\":2,\"name\":\"Tienda\",\"item\":\"https:\\\/\\\/manussinistra.com\\\/es\\\/tienda\\\/\"},{\"@type\":\"ListItem\",\"position\":3,\"name\":\"Iniciaci\u00f3n Draconiana: Los Cursos M\u00e1gicos de Dragon Rouge \u2013 Thomas Karlsson\"}]},{\"@type\":\"WebSite\",\"@id\":\"https:\\\/\\\/manussinistra.com\\\/es\\\/#website\",\"url\":\"https:\\\/\\\/manussinistra.com\\\/es\\\/\",\"name\":\"Editorial Manus Sinistra\",\"description\":\"Sendero de la Mano Izquierda, Satanismo y Magia(k) Contemporanea\",\"potentialAction\":[{\"@type\":\"SearchAction\",\"target\":{\"@type\":\"EntryPoint\",\"urlTemplate\":\"https:\\\/\\\/manussinistra.com\\\/es\\\/?s={search_term_string}\"},\"query-input\":{\"@type\":\"PropertyValueSpecification\",\"valueRequired\":true,\"valueName\":\"search_term_string\"}}],\"inLanguage\":\"es\"}]}<\/script>\n<!-- \/ Yoast SEO plugin. -->","yoast_head_json":{"title":"Editorial Manus Sinistra","robots":{"index":"index","follow":"follow","max-snippet":"max-snippet:-1","max-image-preview":"max-image-preview:large","max-video-preview":"max-video-preview:-1"},"canonical":"https:\/\/manussinistra.com\/es\/producto\/iniciacion-draconiana\/","og_locale":"es_ES","og_type":"article","og_url":"https:\/\/manussinistra.com\/es\/producto\/iniciacion-draconiana\/","og_site_name":"Editorial Manus Sinistra","article_modified_time":"2025-10-25T05:12:53+00:00","og_image":[{"url":"https:\/\/manussinistra.com\/es\/wp-content\/uploads\/2025\/06\/DR-copia-ESNOL.jpg","width":757,"height":1100,"type":"image\/jpeg"}],"twitter_card":"summary_large_image","twitter_misc":{"Tiempo de lectura":"1 minuto"},"schema":{"@context":"https:\/\/schema.org","@graph":[{"@type":"WebPage","@id":"https:\/\/manussinistra.com\/es\/producto\/iniciacion-draconiana\/","url":"https:\/\/manussinistra.com\/es\/producto\/iniciacion-draconiana\/","name":"Iniciaci\u00f3n Draconiana: Los Cursos M\u00e1gicos de Dragon Rouge \u2013 Thomas Karlsson - Editorial Manus Sinistra","isPartOf":{"@id":"https:\/\/manussinistra.com\/es\/#website"},"primaryImageOfPage":{"@id":"https:\/\/manussinistra.com\/es\/producto\/iniciacion-draconiana\/#primaryimage"},"image":{"@id":"https:\/\/manussinistra.com\/es\/producto\/iniciacion-draconiana\/#primaryimage"},"thumbnailUrl":"https:\/\/manussinistra.com\/es\/wp-content\/uploads\/2025\/06\/DR-copia-ESNOL.jpg","datePublished":"2025-06-21T01:37:23+00:00","dateModified":"2025-10-25T05:12:53+00:00","breadcrumb":{"@id":"https:\/\/manussinistra.com\/es\/producto\/iniciacion-draconiana\/#breadcrumb"},"inLanguage":"es","potentialAction":[{"@type":"ReadAction","target":["https:\/\/manussinistra.com\/es\/producto\/iniciacion-draconiana\/"]}]},{"@type":"ImageObject","inLanguage":"es","@id":"https:\/\/manussinistra.com\/es\/producto\/iniciacion-draconiana\/#primaryimage","url":"https:\/\/manussinistra.com\/es\/wp-content\/uploads\/2025\/06\/DR-copia-ESNOL.jpg","contentUrl":"https:\/\/manussinistra.com\/es\/wp-content\/uploads\/2025\/06\/DR-copia-ESNOL.jpg","width":1751,"height":2546},{"@type":"BreadcrumbList","@id":"https:\/\/manussinistra.com\/es\/producto\/iniciacion-draconiana\/#breadcrumb","itemListElement":[{"@type":"ListItem","position":1,"name":"Portada","item":"https:\/\/manussinistra.com\/es\/"},{"@type":"ListItem","position":2,"name":"Tienda","item":"https:\/\/manussinistra.com\/es\/tienda\/"},{"@type":"ListItem","position":3,"name":"Iniciaci\u00f3n Draconiana: Los Cursos M\u00e1gicos de Dragon Rouge \u2013 Thomas Karlsson"}]},{"@type":"WebSite","@id":"https:\/\/manussinistra.com\/es\/#website","url":"https:\/\/manussinistra.com\/es\/","name":"Editorial Manus Sinistra","description":"Sendero de la Mano Izquierda, Satanismo y Magia(k) Contemporanea","potentialAction":[{"@type":"SearchAction","target":{"@type":"EntryPoint","urlTemplate":"https:\/\/manussinistra.com\/es\/?s={search_term_string}"},"query-input":{"@type":"PropertyValueSpecification","valueRequired":true,"valueName":"search_term_string"}}],"inLanguage":"es"}]}},"_links":{"self":[{"href":"https:\/\/manussinistra.com\/es\/wp-json\/wp\/v2\/product\/64491","targetHints":{"allow":["GET"]}}],"collection":[{"href":"https:\/\/manussinistra.com\/es\/wp-json\/wp\/v2\/product"}],"about":[{"href":"https:\/\/manussinistra.com\/es\/wp-json\/wp\/v2\/types\/product"}],"replies":[{"embeddable":true,"href":"https:\/\/manussinistra.com\/es\/wp-json\/wp\/v2\/comments?post=64491"}],"wp:featuredmedia":[{"embeddable":true,"href":"https:\/\/manussinistra.com\/es\/wp-json\/wp\/v2\/media\/64496"}],"wp:attachment":[{"href":"https:\/\/manussinistra.com\/es\/wp-json\/wp\/v2\/media?parent=64491"}],"wp:term":[{"taxonomy":"product_brand","embeddable":true,"href":"https:\/\/manussinistra.com\/es\/wp-json\/wp\/v2\/product_brand?post=64491"},{"taxonomy":"product_cat","embeddable":true,"href":"https:\/\/manussinistra.com\/es\/wp-json\/wp\/v2\/product_cat?post=64491"},{"taxonomy":"product_tag","embeddable":true,"href":"https:\/\/manussinistra.com\/es\/wp-json\/wp\/v2\/product_tag?post=64491"}],"curies":[{"name":"wp","href":"https:\/\/api.w.org\/{rel}","templated":true}]}}