{"id":64451,"date":"2025-04-08T05:06:58","date_gmt":"2025-04-08T05:06:58","guid":{"rendered":"https:\/\/manussinistra.com\/es\/?post_type=product&#038;p=64451"},"modified":"2025-08-13T12:01:38","modified_gmt":"2025-08-13T12:01:38","slug":"friedrich-nietzsche-smi","status":"publish","type":"product","link":"https:\/\/manussinistra.com\/es\/producto\/friedrich-nietzsche-smi\/","title":{"rendered":"Friedrich Nietzsche y el Sendero de la Mano Izquierda  \u2013 Shea Bil\u00e9"},"content":{"rendered":"","protected":false},"excerpt":{"rendered":"<p class=\"\" style=\"text-align: center;\" data-start=\"84\" data-end=\"253\"><em>Friedrich Nietzsche y el Sendero de la Mano Izquierda: <\/em><\/p>\n<p class=\"\" style=\"text-align: center;\" data-start=\"84\" data-end=\"253\"><em>La Filosof\u00eda Oculta de Friedrich Nietzsche, el Superhombre, el Nihilismo y el Ambiente Sat\u00e1nico<\/em><br data-start=\"237\" data-end=\"240\" \/>Por Shea Bil\u00e9<\/p>\n<p class=\"\" data-start=\"255\" data-end=\"395\">\u201cAhora pertenezco al Diablo. Voy con \u00e9l al Infierno. \u00a1Romped, romped, pobres corazones de piedra!\u201d<br data-start=\"353\" data-end=\"356\" \/>\u2014Friedrich Nietzsche, <em data-start=\"378\" data-end=\"395\">El Alba del D\u00eda<\/em><\/p>\n<p class=\"\" data-start=\"397\" data-end=\"997\">Para quien busca la verdad, el encuentro con la tragedia y el abismo m\u00e1s \u00edntimo es inevitable. Un esp\u00edritu impenitente de autoan\u00e1lisis liberador anima la filosof\u00eda de Friedrich Nietzsche y, al hacerlo, la establece como cimiento del antinomianismo religioso, moral y pol\u00edtico, de la anarqu\u00eda y de la disidencia. En numerosos movimientos subversivos de los \u00faltimos 130 a\u00f1os, el nombre de Nietzsche ha permanecido siempre presente, y su filosof\u00eda ha avivado, incluso encendido, la llama negra del pensamiento independiente en los corazones y mentes de quienes han optado por cuestionar y contrarrestar.<\/p>\n<p class=\"\" data-start=\"999\" data-end=\"1480\">La influencia de Nietzsche sobre el Sendero de la Mano Izquierda y el ambiente sat\u00e1nico es innegable: el concepto de la voluntad de poder, el superhombre\/\u00dcbermensch, la fuerza dionis\u00edaca, el nihilismo activo y pasivo, la moral de esclavo, la afirmaci\u00f3n de la vida, entre otros, han sido absorbidos en los escritos de pensadores esot\u00e9ricos fundamentales, quienes, con el tiempo, han forjado un sendero para la heterodoxia religiosa contempor\u00e1nea y una tradici\u00f3n esot\u00e9rica antin\u00f3mica.<\/p>\n<p class=\"\" data-start=\"1482\" data-end=\"2372\">Muchos han entendido la filosof\u00eda de Nietzsche como puramente deconstructiva o antin\u00f3mica; sin embargo, un an\u00e1lisis exhaustivo de <em data-start=\"1612\" data-end=\"1667\">Friedrich Nietzsche y el Sendero de la Mano Izquierda<\/em> pone de relieve la reconstrucci\u00f3n positiva de los valores tras la deconstrucci\u00f3n del nihilismo. A trav\u00e9s de un examen minucioso de la filosof\u00eda del SMI y sus principios fundamentales dentro del satanismo religioso contempor\u00e1neo, el autor se enfrenta al problema del nihilismo tal como lo definiera Nietzsche. En consecuencia, <em data-start=\"2007\" data-end=\"2062\">Friedrich Nietzsche y el Sendero de la Mano Izquierda<\/em> ofrece una comprensi\u00f3n m\u00e1s profunda de los efectos del nihilismo, la autodestrucci\u00f3n, la decadencia, etc., al tiempo que plantea soluciones para superarlos. M\u00e1s a\u00fan, este libro explora la posibilidad de que el satanismo, como fen\u00f3meno religioso moderno, logre reconciliar el nihilismo pasivo de nuestros d\u00edas.<\/p>\n","protected":false},"featured_media":64455,"comment_status":"closed","ping_status":"closed","template":"","meta":{"_joinchat":[]},"product_brand":[],"product_cat":[25],"product_tag":[],"class_list":{"0":"post-64451","1":"product","2":"type-product","3":"status-publish","4":"has-post-thumbnail","6":"product_cat-espanol","8":"first","9":"instock","10":"shipping-taxable","11":"purchasable","12":"product-type-variable","13":"has-default-attributes"},"yoast_head":"<!-- This site is optimized with the Yoast SEO plugin v27.4 - https:\/\/yoast.com\/product\/yoast-seo-wordpress\/ -->\n<title>Editorial Manus Sinistra<\/title>\n<meta name=\"robots\" content=\"index, follow, max-snippet:-1, max-image-preview:large, max-video-preview:-1\" \/>\n<link rel=\"canonical\" href=\"https:\/\/manussinistra.com\/es\/producto\/friedrich-nietzsche-smi\/\" \/>\n<meta property=\"og:locale\" content=\"es_ES\" \/>\n<meta property=\"og:type\" content=\"article\" \/>\n<meta property=\"og:url\" content=\"https:\/\/manussinistra.com\/es\/producto\/friedrich-nietzsche-smi\/\" \/>\n<meta property=\"og:site_name\" content=\"Editorial Manus Sinistra\" \/>\n<meta property=\"article:modified_time\" content=\"2025-08-13T12:01:38+00:00\" \/>\n<meta property=\"og:image\" content=\"https:\/\/manussinistra.com\/es\/wp-content\/uploads\/2025\/04\/Friedrich-Nietzsche.jpg\" \/>\n\t<meta property=\"og:image:width\" content=\"1024\" \/>\n\t<meta property=\"og:image:height\" content=\"1536\" \/>\n\t<meta property=\"og:image:type\" content=\"image\/jpeg\" \/>\n<meta name=\"twitter:card\" content=\"summary_large_image\" \/>\n<meta name=\"twitter:label1\" content=\"Tiempo de lectura\" \/>\n\t<meta name=\"twitter:data1\" content=\"1 minuto\" \/>\n<script type=\"application\/ld+json\" class=\"yoast-schema-graph\">{\"@context\":\"https:\\\/\\\/schema.org\",\"@graph\":[{\"@type\":\"WebPage\",\"@id\":\"https:\\\/\\\/manussinistra.com\\\/es\\\/producto\\\/friedrich-nietzsche-smi\\\/\",\"url\":\"https:\\\/\\\/manussinistra.com\\\/es\\\/producto\\\/friedrich-nietzsche-smi\\\/\",\"name\":\"Friedrich Nietzsche y el Sendero de la Mano Izquierda \u2013 Shea Bil\u00e9 - Editorial Manus Sinistra\",\"isPartOf\":{\"@id\":\"https:\\\/\\\/manussinistra.com\\\/es\\\/#website\"},\"primaryImageOfPage\":{\"@id\":\"https:\\\/\\\/manussinistra.com\\\/es\\\/producto\\\/friedrich-nietzsche-smi\\\/#primaryimage\"},\"image\":{\"@id\":\"https:\\\/\\\/manussinistra.com\\\/es\\\/producto\\\/friedrich-nietzsche-smi\\\/#primaryimage\"},\"thumbnailUrl\":\"https:\\\/\\\/manussinistra.com\\\/es\\\/wp-content\\\/uploads\\\/2025\\\/04\\\/Friedrich-Nietzsche.jpg\",\"datePublished\":\"2025-04-08T05:06:58+00:00\",\"dateModified\":\"2025-08-13T12:01:38+00:00\",\"breadcrumb\":{\"@id\":\"https:\\\/\\\/manussinistra.com\\\/es\\\/producto\\\/friedrich-nietzsche-smi\\\/#breadcrumb\"},\"inLanguage\":\"es\",\"potentialAction\":[{\"@type\":\"ReadAction\",\"target\":[\"https:\\\/\\\/manussinistra.com\\\/es\\\/producto\\\/friedrich-nietzsche-smi\\\/\"]}]},{\"@type\":\"ImageObject\",\"inLanguage\":\"es\",\"@id\":\"https:\\\/\\\/manussinistra.com\\\/es\\\/producto\\\/friedrich-nietzsche-smi\\\/#primaryimage\",\"url\":\"https:\\\/\\\/manussinistra.com\\\/es\\\/wp-content\\\/uploads\\\/2025\\\/04\\\/Friedrich-Nietzsche.jpg\",\"contentUrl\":\"https:\\\/\\\/manussinistra.com\\\/es\\\/wp-content\\\/uploads\\\/2025\\\/04\\\/Friedrich-Nietzsche.jpg\",\"width\":1024,\"height\":1536},{\"@type\":\"BreadcrumbList\",\"@id\":\"https:\\\/\\\/manussinistra.com\\\/es\\\/producto\\\/friedrich-nietzsche-smi\\\/#breadcrumb\",\"itemListElement\":[{\"@type\":\"ListItem\",\"position\":1,\"name\":\"Portada\",\"item\":\"https:\\\/\\\/manussinistra.com\\\/es\\\/\"},{\"@type\":\"ListItem\",\"position\":2,\"name\":\"Tienda\",\"item\":\"https:\\\/\\\/manussinistra.com\\\/es\\\/tienda\\\/\"},{\"@type\":\"ListItem\",\"position\":3,\"name\":\"Friedrich Nietzsche y el Sendero de la Mano Izquierda \u2013 Shea Bil\u00e9\"}]},{\"@type\":\"WebSite\",\"@id\":\"https:\\\/\\\/manussinistra.com\\\/es\\\/#website\",\"url\":\"https:\\\/\\\/manussinistra.com\\\/es\\\/\",\"name\":\"Editorial Manus Sinistra\",\"description\":\"Sendero de la Mano Izquierda, Satanismo y Magia(k) Contemporanea\",\"potentialAction\":[{\"@type\":\"SearchAction\",\"target\":{\"@type\":\"EntryPoint\",\"urlTemplate\":\"https:\\\/\\\/manussinistra.com\\\/es\\\/?s={search_term_string}\"},\"query-input\":{\"@type\":\"PropertyValueSpecification\",\"valueRequired\":true,\"valueName\":\"search_term_string\"}}],\"inLanguage\":\"es\"}]}<\/script>\n<!-- \/ Yoast SEO plugin. -->","yoast_head_json":{"title":"Editorial Manus Sinistra","robots":{"index":"index","follow":"follow","max-snippet":"max-snippet:-1","max-image-preview":"max-image-preview:large","max-video-preview":"max-video-preview:-1"},"canonical":"https:\/\/manussinistra.com\/es\/producto\/friedrich-nietzsche-smi\/","og_locale":"es_ES","og_type":"article","og_url":"https:\/\/manussinistra.com\/es\/producto\/friedrich-nietzsche-smi\/","og_site_name":"Editorial Manus Sinistra","article_modified_time":"2025-08-13T12:01:38+00:00","og_image":[{"width":1024,"height":1536,"url":"https:\/\/manussinistra.com\/es\/wp-content\/uploads\/2025\/04\/Friedrich-Nietzsche.jpg","type":"image\/jpeg"}],"twitter_card":"summary_large_image","twitter_misc":{"Tiempo de lectura":"1 minuto"},"schema":{"@context":"https:\/\/schema.org","@graph":[{"@type":"WebPage","@id":"https:\/\/manussinistra.com\/es\/producto\/friedrich-nietzsche-smi\/","url":"https:\/\/manussinistra.com\/es\/producto\/friedrich-nietzsche-smi\/","name":"Friedrich Nietzsche y el Sendero de la Mano Izquierda \u2013 Shea Bil\u00e9 - Editorial Manus Sinistra","isPartOf":{"@id":"https:\/\/manussinistra.com\/es\/#website"},"primaryImageOfPage":{"@id":"https:\/\/manussinistra.com\/es\/producto\/friedrich-nietzsche-smi\/#primaryimage"},"image":{"@id":"https:\/\/manussinistra.com\/es\/producto\/friedrich-nietzsche-smi\/#primaryimage"},"thumbnailUrl":"https:\/\/manussinistra.com\/es\/wp-content\/uploads\/2025\/04\/Friedrich-Nietzsche.jpg","datePublished":"2025-04-08T05:06:58+00:00","dateModified":"2025-08-13T12:01:38+00:00","breadcrumb":{"@id":"https:\/\/manussinistra.com\/es\/producto\/friedrich-nietzsche-smi\/#breadcrumb"},"inLanguage":"es","potentialAction":[{"@type":"ReadAction","target":["https:\/\/manussinistra.com\/es\/producto\/friedrich-nietzsche-smi\/"]}]},{"@type":"ImageObject","inLanguage":"es","@id":"https:\/\/manussinistra.com\/es\/producto\/friedrich-nietzsche-smi\/#primaryimage","url":"https:\/\/manussinistra.com\/es\/wp-content\/uploads\/2025\/04\/Friedrich-Nietzsche.jpg","contentUrl":"https:\/\/manussinistra.com\/es\/wp-content\/uploads\/2025\/04\/Friedrich-Nietzsche.jpg","width":1024,"height":1536},{"@type":"BreadcrumbList","@id":"https:\/\/manussinistra.com\/es\/producto\/friedrich-nietzsche-smi\/#breadcrumb","itemListElement":[{"@type":"ListItem","position":1,"name":"Portada","item":"https:\/\/manussinistra.com\/es\/"},{"@type":"ListItem","position":2,"name":"Tienda","item":"https:\/\/manussinistra.com\/es\/tienda\/"},{"@type":"ListItem","position":3,"name":"Friedrich Nietzsche y el Sendero de la Mano Izquierda \u2013 Shea Bil\u00e9"}]},{"@type":"WebSite","@id":"https:\/\/manussinistra.com\/es\/#website","url":"https:\/\/manussinistra.com\/es\/","name":"Editorial Manus Sinistra","description":"Sendero de la Mano Izquierda, Satanismo y Magia(k) Contemporanea","potentialAction":[{"@type":"SearchAction","target":{"@type":"EntryPoint","urlTemplate":"https:\/\/manussinistra.com\/es\/?s={search_term_string}"},"query-input":{"@type":"PropertyValueSpecification","valueRequired":true,"valueName":"search_term_string"}}],"inLanguage":"es"}]}},"_links":{"self":[{"href":"https:\/\/manussinistra.com\/es\/wp-json\/wp\/v2\/product\/64451","targetHints":{"allow":["GET"]}}],"collection":[{"href":"https:\/\/manussinistra.com\/es\/wp-json\/wp\/v2\/product"}],"about":[{"href":"https:\/\/manussinistra.com\/es\/wp-json\/wp\/v2\/types\/product"}],"replies":[{"embeddable":true,"href":"https:\/\/manussinistra.com\/es\/wp-json\/wp\/v2\/comments?post=64451"}],"wp:featuredmedia":[{"embeddable":true,"href":"https:\/\/manussinistra.com\/es\/wp-json\/wp\/v2\/media\/64455"}],"wp:attachment":[{"href":"https:\/\/manussinistra.com\/es\/wp-json\/wp\/v2\/media?parent=64451"}],"wp:term":[{"taxonomy":"product_brand","embeddable":true,"href":"https:\/\/manussinistra.com\/es\/wp-json\/wp\/v2\/product_brand?post=64451"},{"taxonomy":"product_cat","embeddable":true,"href":"https:\/\/manussinistra.com\/es\/wp-json\/wp\/v2\/product_cat?post=64451"},{"taxonomy":"product_tag","embeddable":true,"href":"https:\/\/manussinistra.com\/es\/wp-json\/wp\/v2\/product_tag?post=64451"}],"curies":[{"name":"wp","href":"https:\/\/api.w.org\/{rel}","templated":true}]}}