{"id":6374,"date":"2019-11-07T01:13:29","date_gmt":"2019-11-07T01:13:29","guid":{"rendered":"https:\/\/manussinistra.com\/es\/test666_web_new\/?post_type=product&#038;p=6374"},"modified":"2022-06-04T15:33:03","modified_gmt":"2022-06-04T15:33:03","slug":"evocando-la-eternidad-e-a-koetting","status":"publish","type":"product","link":"https:\/\/manussinistra.com\/es\/producto\/evocando-la-eternidad-e-a-koetting\/","title":{"rendered":"Evocando la Eternidad \u2013 E.A. Koetting"},"content":{"rendered":"","protected":false},"excerpt":{"rendered":"<p>La capacidad de convocar a la materializaci\u00f3n visible y f\u00edsica es tal vez el poder m\u00e1s potente y buscado en todo el mundo de lo oculto. E.A. Koetting, ofrece en los primeros cinco cap\u00edtulos, los principios elementales por los cuales la evocaci\u00f3n opera, instrucciones para la\u00a0 preparaci\u00f3n necesaria del Operador para llamar y comunicarse cara a cara con cualquier entidad en la existencia, y la totalidad de la informaci\u00f3n y gu\u00eda que se necesita para abrir los portales entre los mundos y facilitar la materializaci\u00f3n de los esp\u00edritus. Una vez que se haya desarrollado la habilidad de evocar, y una vez que esos portales se hayan abierto, el Operador tendr\u00e1 acceso a los secretos que fueron protegidos durante milenios por la muerte, asesinato e inclusive la guerra. Incluso dentro de lo prohibido existen tab\u00faes que permanecen en su lugar para proteger a la raza humana de s\u00ed misma, para impedir que una fuerza incontrolable sea liberada en este reino, e impedir que el hombre derroque el equilibrio de la existencia por completo. Los seis cap\u00edtulos restantes descubren estos secretos, divulgando los m\u00e9todos por los que el Operador puede de forma segura y sin ninguna duda elevarse sobre las antiguas admoniciones de los Maestros y tomar por s\u00ed mismo todo el poder y gloria que \u00e9l desea. <em>Evocando la Eternidad<\/em> ense\u00f1a las formulas y los signos para la evocaci\u00f3n de entidades que acelerar\u00e1n el Ascenso del Evocador a la divinidad, para la convocaci\u00f3n de m\u00faltiples entidades para la consecuci\u00f3n de una \u00fanico objetivo, para convocar legiones de esp\u00edritus a la materializaci\u00f3n, as\u00ed como tambi\u00e9n instrucciones cuidadosas y s\u00f3lidas para la evocaci\u00f3n sin la utilizaci\u00f3n de implementos rituales, sin los muros de protecci\u00f3n entre la carne y el esp\u00edritu y sin inhibiciones al poder. Finalmente, <em>Evocando la Eternidad<\/em> revela el secreto para convocar exitosamente entidades cuyo poder es tan grande que la tierra debajo de ellas se desmoronar\u00eda en su presencia, cuyas emanaciones de luz espiritual conducir\u00edan al mundo a la guerra, quienes no deber\u00edan ser llamados aqu\u00ed en cuerpos de polvo, pero que pueden serlo\u2026\u00a0<em>Evocando la Eternidad<\/em> no es tan solo un manual para el hechicero, ni un simple grimorio de esp\u00edritus, es m\u00e1s bien, un compendio de lo imposible hecho realidad por los seres desatados y hambrientos, materializados ahora por la grandiosa evocaci\u00f3n de aquel\u00a0que no esperar\u00e1 m\u00e1s a que el velo se levante.<\/p>\n<p>Detalles :<\/p>\n<ul>\n<li>Traducci\u00f3n profesional<\/li>\n<li>Arte exclusivo para esta edici\u00f3n<\/li>\n<li>Prefacio por Asenath Mason<\/li>\n<li>Material adicional\u00a0a la edici\u00f3n\u00a0original<\/li>\n<li>Tama\u00f1o 22cm x 14cm<\/li>\n<li>P\u00e1ginas cosidas<\/li>\n<li>Solapas<\/li>\n<li>Papel bond\u00a0de m\u00e1xima calidad<\/li>\n<li>216 y 218 p\u00e1gs. (r\u00fastica y tapa dura)<\/li>\n<li>Presentaci\u00f3n en tapa dura y r\u00fastica<\/li>\n<li>Edici\u00f3n tapa dura de lujo: tela negra, dise\u00f1o dorado en cubierta, esquinas de metal<\/li>\n<li>Ejemplares dedicados\u00a0a un demonio\/\u00e1ngel\/genii (SOLO\u00a0tapa dura)<\/li>\n<li>Ediciones numeradas y limitadas<\/li>\n<\/ul>\n","protected":false},"featured_media":6705,"comment_status":"closed","ping_status":"closed","template":"","meta":{"_joinchat":[]},"product_brand":[],"product_cat":[25],"product_tag":[],"class_list":{"0":"post-6374","1":"product","2":"type-product","3":"status-publish","4":"has-post-thumbnail","6":"product_cat-espanol","8":"first","9":"outofstock","10":"shipping-taxable","11":"purchasable","12":"product-type-variable","13":"has-default-attributes"},"yoast_head":"<!-- This site is optimized with the Yoast SEO plugin v27.4 - https:\/\/yoast.com\/product\/yoast-seo-wordpress\/ -->\n<title>Editorial Manus Sinistra<\/title>\n<meta name=\"robots\" content=\"index, follow, max-snippet:-1, max-image-preview:large, max-video-preview:-1\" \/>\n<link rel=\"canonical\" href=\"https:\/\/manussinistra.com\/es\/producto\/evocando-la-eternidad-e-a-koetting\/\" \/>\n<meta property=\"og:locale\" content=\"es_ES\" \/>\n<meta property=\"og:type\" content=\"article\" \/>\n<meta property=\"og:url\" content=\"https:\/\/manussinistra.com\/es\/producto\/evocando-la-eternidad-e-a-koetting\/\" \/>\n<meta property=\"og:site_name\" content=\"Editorial Manus Sinistra\" \/>\n<meta property=\"article:modified_time\" content=\"2022-06-04T15:33:03+00:00\" \/>\n<meta property=\"og:image\" content=\"https:\/\/manussinistra.com\/es\/wp-content\/uploads\/2019\/11\/Evocando-la-Eternidad-\u2013-E.A.-Koetting.png\" \/>\n\t<meta property=\"og:image:width\" content=\"1000\" \/>\n\t<meta property=\"og:image:height\" content=\"750\" \/>\n\t<meta property=\"og:image:type\" content=\"image\/png\" \/>\n<meta name=\"twitter:card\" content=\"summary_large_image\" \/>\n<script type=\"application\/ld+json\" class=\"yoast-schema-graph\">{\"@context\":\"https:\\\/\\\/schema.org\",\"@graph\":[{\"@type\":\"WebPage\",\"@id\":\"https:\\\/\\\/manussinistra.com\\\/es\\\/producto\\\/evocando-la-eternidad-e-a-koetting\\\/\",\"url\":\"https:\\\/\\\/manussinistra.com\\\/es\\\/producto\\\/evocando-la-eternidad-e-a-koetting\\\/\",\"name\":\"Evocando la Eternidad \u2013 E.A. Koetting - Editorial Manus Sinistra\",\"isPartOf\":{\"@id\":\"https:\\\/\\\/manussinistra.com\\\/es\\\/#website\"},\"primaryImageOfPage\":{\"@id\":\"https:\\\/\\\/manussinistra.com\\\/es\\\/producto\\\/evocando-la-eternidad-e-a-koetting\\\/#primaryimage\"},\"image\":{\"@id\":\"https:\\\/\\\/manussinistra.com\\\/es\\\/producto\\\/evocando-la-eternidad-e-a-koetting\\\/#primaryimage\"},\"thumbnailUrl\":\"https:\\\/\\\/manussinistra.com\\\/es\\\/wp-content\\\/uploads\\\/2019\\\/11\\\/Evocando-la-Eternidad-\u2013-E.A.-Koetting.png\",\"datePublished\":\"2019-11-07T01:13:29+00:00\",\"dateModified\":\"2022-06-04T15:33:03+00:00\",\"breadcrumb\":{\"@id\":\"https:\\\/\\\/manussinistra.com\\\/es\\\/producto\\\/evocando-la-eternidad-e-a-koetting\\\/#breadcrumb\"},\"inLanguage\":\"es\",\"potentialAction\":[{\"@type\":\"ReadAction\",\"target\":[\"https:\\\/\\\/manussinistra.com\\\/es\\\/producto\\\/evocando-la-eternidad-e-a-koetting\\\/\"]}]},{\"@type\":\"ImageObject\",\"inLanguage\":\"es\",\"@id\":\"https:\\\/\\\/manussinistra.com\\\/es\\\/producto\\\/evocando-la-eternidad-e-a-koetting\\\/#primaryimage\",\"url\":\"https:\\\/\\\/manussinistra.com\\\/es\\\/wp-content\\\/uploads\\\/2019\\\/11\\\/Evocando-la-Eternidad-\u2013-E.A.-Koetting.png\",\"contentUrl\":\"https:\\\/\\\/manussinistra.com\\\/es\\\/wp-content\\\/uploads\\\/2019\\\/11\\\/Evocando-la-Eternidad-\u2013-E.A.-Koetting.png\",\"width\":1000,\"height\":750,\"caption\":\"Evocando la Eternidad \u2013 E.A. Koetting\"},{\"@type\":\"BreadcrumbList\",\"@id\":\"https:\\\/\\\/manussinistra.com\\\/es\\\/producto\\\/evocando-la-eternidad-e-a-koetting\\\/#breadcrumb\",\"itemListElement\":[{\"@type\":\"ListItem\",\"position\":1,\"name\":\"Portada\",\"item\":\"https:\\\/\\\/manussinistra.com\\\/es\\\/\"},{\"@type\":\"ListItem\",\"position\":2,\"name\":\"Tienda\",\"item\":\"https:\\\/\\\/manussinistra.com\\\/es\\\/tienda\\\/\"},{\"@type\":\"ListItem\",\"position\":3,\"name\":\"Evocando la Eternidad \u2013 E.A. Koetting\"}]},{\"@type\":\"WebSite\",\"@id\":\"https:\\\/\\\/manussinistra.com\\\/es\\\/#website\",\"url\":\"https:\\\/\\\/manussinistra.com\\\/es\\\/\",\"name\":\"Editorial Manus Sinistra\",\"description\":\"Sendero de la Mano Izquierda, Satanismo y Magia(k) Contemporanea\",\"potentialAction\":[{\"@type\":\"SearchAction\",\"target\":{\"@type\":\"EntryPoint\",\"urlTemplate\":\"https:\\\/\\\/manussinistra.com\\\/es\\\/?s={search_term_string}\"},\"query-input\":{\"@type\":\"PropertyValueSpecification\",\"valueRequired\":true,\"valueName\":\"search_term_string\"}}],\"inLanguage\":\"es\"}]}<\/script>\n<!-- \/ Yoast SEO plugin. -->","yoast_head_json":{"title":"Editorial Manus Sinistra","robots":{"index":"index","follow":"follow","max-snippet":"max-snippet:-1","max-image-preview":"max-image-preview:large","max-video-preview":"max-video-preview:-1"},"canonical":"https:\/\/manussinistra.com\/es\/producto\/evocando-la-eternidad-e-a-koetting\/","og_locale":"es_ES","og_type":"article","og_url":"https:\/\/manussinistra.com\/es\/producto\/evocando-la-eternidad-e-a-koetting\/","og_site_name":"Editorial Manus Sinistra","article_modified_time":"2022-06-04T15:33:03+00:00","og_image":[{"width":1000,"height":750,"url":"https:\/\/manussinistra.com\/es\/wp-content\/uploads\/2019\/11\/Evocando-la-Eternidad-\u2013-E.A.-Koetting.png","type":"image\/png"}],"twitter_card":"summary_large_image","schema":{"@context":"https:\/\/schema.org","@graph":[{"@type":"WebPage","@id":"https:\/\/manussinistra.com\/es\/producto\/evocando-la-eternidad-e-a-koetting\/","url":"https:\/\/manussinistra.com\/es\/producto\/evocando-la-eternidad-e-a-koetting\/","name":"Evocando la Eternidad \u2013 E.A. Koetting - Editorial Manus Sinistra","isPartOf":{"@id":"https:\/\/manussinistra.com\/es\/#website"},"primaryImageOfPage":{"@id":"https:\/\/manussinistra.com\/es\/producto\/evocando-la-eternidad-e-a-koetting\/#primaryimage"},"image":{"@id":"https:\/\/manussinistra.com\/es\/producto\/evocando-la-eternidad-e-a-koetting\/#primaryimage"},"thumbnailUrl":"https:\/\/manussinistra.com\/es\/wp-content\/uploads\/2019\/11\/Evocando-la-Eternidad-\u2013-E.A.-Koetting.png","datePublished":"2019-11-07T01:13:29+00:00","dateModified":"2022-06-04T15:33:03+00:00","breadcrumb":{"@id":"https:\/\/manussinistra.com\/es\/producto\/evocando-la-eternidad-e-a-koetting\/#breadcrumb"},"inLanguage":"es","potentialAction":[{"@type":"ReadAction","target":["https:\/\/manussinistra.com\/es\/producto\/evocando-la-eternidad-e-a-koetting\/"]}]},{"@type":"ImageObject","inLanguage":"es","@id":"https:\/\/manussinistra.com\/es\/producto\/evocando-la-eternidad-e-a-koetting\/#primaryimage","url":"https:\/\/manussinistra.com\/es\/wp-content\/uploads\/2019\/11\/Evocando-la-Eternidad-\u2013-E.A.-Koetting.png","contentUrl":"https:\/\/manussinistra.com\/es\/wp-content\/uploads\/2019\/11\/Evocando-la-Eternidad-\u2013-E.A.-Koetting.png","width":1000,"height":750,"caption":"Evocando la Eternidad \u2013 E.A. Koetting"},{"@type":"BreadcrumbList","@id":"https:\/\/manussinistra.com\/es\/producto\/evocando-la-eternidad-e-a-koetting\/#breadcrumb","itemListElement":[{"@type":"ListItem","position":1,"name":"Portada","item":"https:\/\/manussinistra.com\/es\/"},{"@type":"ListItem","position":2,"name":"Tienda","item":"https:\/\/manussinistra.com\/es\/tienda\/"},{"@type":"ListItem","position":3,"name":"Evocando la Eternidad \u2013 E.A. Koetting"}]},{"@type":"WebSite","@id":"https:\/\/manussinistra.com\/es\/#website","url":"https:\/\/manussinistra.com\/es\/","name":"Editorial Manus Sinistra","description":"Sendero de la Mano Izquierda, Satanismo y Magia(k) Contemporanea","potentialAction":[{"@type":"SearchAction","target":{"@type":"EntryPoint","urlTemplate":"https:\/\/manussinistra.com\/es\/?s={search_term_string}"},"query-input":{"@type":"PropertyValueSpecification","valueRequired":true,"valueName":"search_term_string"}}],"inLanguage":"es"}]}},"_links":{"self":[{"href":"https:\/\/manussinistra.com\/es\/wp-json\/wp\/v2\/product\/6374","targetHints":{"allow":["GET"]}}],"collection":[{"href":"https:\/\/manussinistra.com\/es\/wp-json\/wp\/v2\/product"}],"about":[{"href":"https:\/\/manussinistra.com\/es\/wp-json\/wp\/v2\/types\/product"}],"replies":[{"embeddable":true,"href":"https:\/\/manussinistra.com\/es\/wp-json\/wp\/v2\/comments?post=6374"}],"wp:featuredmedia":[{"embeddable":true,"href":"https:\/\/manussinistra.com\/es\/wp-json\/wp\/v2\/media\/6705"}],"wp:attachment":[{"href":"https:\/\/manussinistra.com\/es\/wp-json\/wp\/v2\/media?parent=6374"}],"wp:term":[{"taxonomy":"product_brand","embeddable":true,"href":"https:\/\/manussinistra.com\/es\/wp-json\/wp\/v2\/product_brand?post=6374"},{"taxonomy":"product_cat","embeddable":true,"href":"https:\/\/manussinistra.com\/es\/wp-json\/wp\/v2\/product_cat?post=6374"},{"taxonomy":"product_tag","embeddable":true,"href":"https:\/\/manussinistra.com\/es\/wp-json\/wp\/v2\/product_tag?post=6374"}],"curies":[{"name":"wp","href":"https:\/\/api.w.org\/{rel}","templated":true}]}}