{"id":6373,"date":"2019-11-07T01:09:03","date_gmt":"2019-11-07T01:09:03","guid":{"rendered":"https:\/\/manussinistra.com\/es\/test666_web_new\/?post_type=product&#038;p=6373"},"modified":"2021-12-23T22:47:37","modified_gmt":"2021-12-23T22:47:37","slug":"akhkharu-magiak-vampyrica-michael-w-ford","status":"publish","type":"product","link":"https:\/\/manussinistra.com\/es\/producto\/akhkharu-magiak-vampyrica-michael-w-ford\/","title":{"rendered":"Akhkharu: Magia(k) Vampyrica \u2013 Michael W. Ford"},"content":{"rendered":"","protected":false},"excerpt":{"rendered":"<p><em>Akhkharu: Magia<sup>(k)<\/sup> Vampyrica<\/em> presenta la pr\u00e1ctica m\u00e1gica centrada en la corriente inici\u00e1tica predatoria del luciferianismo. El vampirismo o vampyrismo es un enfoque filos\u00f3fico y espiritual extremo dentro de la magia<sup>(k)<\/sup>. Este toma las partes profundas de la psique y las manifiesta en la vida de la persona encamin\u00e1ndolas hacia fines productivos, mientras que el lado espiritual se ve desarrollado por la absorci\u00f3n de la energ\u00eda que el mago se entrena para poder tomar. Este tomo te ense\u00f1a los pasos para volverte un depredador y situarte en la cima de la pir\u00e1mide mediante la pr\u00e1ctica del Yoga Ahrim\u00e1nico, las t\u00e9cnicas para drenar a trav\u00e9s de los chakras y la magia<sup>(k)<\/sup> astral (proyecci\u00f3n fuera del cuerpo y la cacer\u00eda en las pesadillas), junto con el recorrido y las evocaciones e invocaciones a energ\u00edas densas del Lado Nocturno para crecer en poder. Los peligros est\u00e1n siempre presentes; lo extremo de esta aproximaci\u00f3n no la hace apta para todos, ni todos est\u00e1n hechos para el dominio y liderazgo.<\/p>\n<p><img decoding=\"async\" class=\"alignright wp-image-3798\" src=\"https:\/\/manussinistra.com\/es\/wp-content\/uploads\/2017\/11\/201711bd6fc3b3c7e69971.png\" sizes=\"(max-width: 176px) 100vw, 176px\" srcset=\"https:\/\/manussinistra.com\/es\/wp-content\/uploads\/2017\/11\/201711bd6fc3b3c7e69971.png 613w, https:\/\/manussinistra.com\/es\/wp-content\/uploads\/2017\/11\/201711bd6fc3b3c7e69971-300x376.png 300w\" alt=\"\" width=\"176\" height=\"220\" \/><\/p>\n<p>El vampyrismo en este libro es una corriente profunda e inspirada en la hechicer\u00eda primordial babil\u00f3nica y caldea, la demonolog\u00eda y magia<sup>(k)<\/sup> qlipp\u00f3thica y en el culto antiguo de Tiamat\/Lilith-Labartu y la Corriente Adversaria. Este libro contiene rituales qlipp\u00f3thicos avanzados con las Tribus de las Qlippoth y sus Pr\u00edncipes, adem\u00e1s de las invocaciones a los regentes del \u00c1rbol de la Muerte y la exploraci\u00f3n de la Sombra, llamada tambi\u00e9n Choronzon.<\/p>\n<p><img decoding=\"async\" class=\"wp-image-3797 alignleft\" src=\"https:\/\/manussinistra.com\/es\/wp-content\/uploads\/2017\/11\/201711a6469b292fd33c04.jpg\" sizes=\"(max-width: 168px) 100vw, 168px\" srcset=\"https:\/\/manussinistra.com\/es\/wp-content\/uploads\/2017\/11\/201711a6469b292fd33c04.jpg 583w, https:\/\/manussinistra.com\/es\/wp-content\/uploads\/2017\/11\/201711a6469b292fd33c04-300x395.jpg 300w\" alt=\"\" width=\"168\" height=\"221\" \/><\/p>\n<p>Se presenta tambi\u00e9n el \u201cRito de Magna Mater Daemonum\u201d o Lilith como la Verdadera Voluntad y Diosa del Sendero,\u00a0un trabajo inmensamente beneficioso para hombres y mujeres en la misma l\u00ednea que el trabajo de Azal\u2019ucel. Los rituales y pr\u00e1cticas con lo Femenino Daemoniaco incluyen los trabajos de H\u00e9cate, Lilith-Az y Tiamat. Los fundamentos de la Orden Negra del Drag\u00f3n son expuestos a la luz y la corriente de la hechicer\u00eda mesopot\u00e1mica es explorada en una perspectiva vampyrica: los Akhkharu, los Siete Dioses de la Oscuridad, t\u00e9cnicas para drenar energ\u00eda y meditaciones con cantos sumerios y caldeos. <em>Akhkharu<\/em> es un libro imprescindible para los interesados en la magia<sup>(k)<\/sup> del Sendero de la Mano Izquierda, las proyecciones astrales, el vampirismo y el luciferianismo.<\/p>\n<p>La presente edici\u00f3n fue mejorada y ampliada e incluye muchas nuevas ilustraciones acompa\u00f1antes que elevan el trabajo en su conjunto.<\/p>\n<p>Detalles:<\/p>\n<ul>\n<li>Traducci\u00f3n profesional<\/li>\n<li>Arte exclusivo para esta edici\u00f3n por Fosco Culto, Emerson Cotillo e\n<div class=\"_52eh _5bcu\">Itan Celebrimbor<\/div>\n<\/li>\n<li>Material adicional\u00a0a la edici\u00f3n\u00a0original<\/li>\n<li>Tama\u00f1o 14.6 x 22.9 cm<\/li>\n<li>P\u00e1ginas cosidas<\/li>\n<li>Solapas<\/li>\n<li>Papel marfile\u00f1o de m\u00e1xima calidad<\/li>\n<li>315 y 317 p\u00e1gs. (seg\u00fan edici\u00f3n)<\/li>\n<li>Presentaci\u00f3n en tapa dura (negro y rojo) y r\u00fastica<\/li>\n<li>Ediciones numeradas y limitadas\u00a0(tapa dura)<\/li>\n<\/ul>\n","protected":false},"featured_media":6706,"comment_status":"closed","ping_status":"closed","template":"","meta":{"_joinchat":[]},"product_brand":[],"product_cat":[25],"product_tag":[],"class_list":{"0":"post-6373","1":"product","2":"type-product","3":"status-publish","4":"has-post-thumbnail","6":"product_cat-espanol","8":"first","9":"instock","10":"shipping-taxable","11":"purchasable","12":"product-type-variable","13":"has-default-attributes"},"yoast_head":"<!-- This site is optimized with the Yoast SEO plugin v27.4 - https:\/\/yoast.com\/product\/yoast-seo-wordpress\/ -->\n<title>Editorial Manus Sinistra<\/title>\n<meta name=\"robots\" content=\"index, follow, max-snippet:-1, max-image-preview:large, max-video-preview:-1\" \/>\n<link rel=\"canonical\" href=\"https:\/\/manussinistra.com\/es\/producto\/akhkharu-magiak-vampyrica-michael-w-ford\/\" \/>\n<meta property=\"og:locale\" content=\"es_ES\" \/>\n<meta property=\"og:type\" content=\"article\" \/>\n<meta property=\"og:url\" content=\"https:\/\/manussinistra.com\/es\/producto\/akhkharu-magiak-vampyrica-michael-w-ford\/\" \/>\n<meta property=\"og:site_name\" content=\"Editorial Manus Sinistra\" \/>\n<meta property=\"article:modified_time\" content=\"2021-12-23T22:47:37+00:00\" \/>\n<meta property=\"og:image\" content=\"https:\/\/manussinistra.com\/es\/wp-content\/uploads\/2019\/11\/Akhkharu-Magia-Vampyrica-Michael-W.-Ford.png\" \/>\n\t<meta property=\"og:image:width\" content=\"1000\" \/>\n\t<meta property=\"og:image:height\" content=\"750\" \/>\n\t<meta property=\"og:image:type\" content=\"image\/png\" \/>\n<meta name=\"twitter:card\" content=\"summary_large_image\" \/>\n<script type=\"application\/ld+json\" class=\"yoast-schema-graph\">{\"@context\":\"https:\\\/\\\/schema.org\",\"@graph\":[{\"@type\":\"WebPage\",\"@id\":\"https:\\\/\\\/manussinistra.com\\\/es\\\/producto\\\/akhkharu-magiak-vampyrica-michael-w-ford\\\/\",\"url\":\"https:\\\/\\\/manussinistra.com\\\/es\\\/producto\\\/akhkharu-magiak-vampyrica-michael-w-ford\\\/\",\"name\":\"Akhkharu: Magia(k) Vampyrica \u2013 Michael W. Ford - Editorial Manus Sinistra\",\"isPartOf\":{\"@id\":\"https:\\\/\\\/manussinistra.com\\\/es\\\/#website\"},\"primaryImageOfPage\":{\"@id\":\"https:\\\/\\\/manussinistra.com\\\/es\\\/producto\\\/akhkharu-magiak-vampyrica-michael-w-ford\\\/#primaryimage\"},\"image\":{\"@id\":\"https:\\\/\\\/manussinistra.com\\\/es\\\/producto\\\/akhkharu-magiak-vampyrica-michael-w-ford\\\/#primaryimage\"},\"thumbnailUrl\":\"https:\\\/\\\/manussinistra.com\\\/es\\\/wp-content\\\/uploads\\\/2019\\\/11\\\/Akhkharu-Magia-Vampyrica-Michael-W.-Ford.png\",\"datePublished\":\"2019-11-07T01:09:03+00:00\",\"dateModified\":\"2021-12-23T22:47:37+00:00\",\"breadcrumb\":{\"@id\":\"https:\\\/\\\/manussinistra.com\\\/es\\\/producto\\\/akhkharu-magiak-vampyrica-michael-w-ford\\\/#breadcrumb\"},\"inLanguage\":\"es\",\"potentialAction\":[{\"@type\":\"ReadAction\",\"target\":[\"https:\\\/\\\/manussinistra.com\\\/es\\\/producto\\\/akhkharu-magiak-vampyrica-michael-w-ford\\\/\"]}]},{\"@type\":\"ImageObject\",\"inLanguage\":\"es\",\"@id\":\"https:\\\/\\\/manussinistra.com\\\/es\\\/producto\\\/akhkharu-magiak-vampyrica-michael-w-ford\\\/#primaryimage\",\"url\":\"https:\\\/\\\/manussinistra.com\\\/es\\\/wp-content\\\/uploads\\\/2019\\\/11\\\/Akhkharu-Magia-Vampyrica-Michael-W.-Ford.png\",\"contentUrl\":\"https:\\\/\\\/manussinistra.com\\\/es\\\/wp-content\\\/uploads\\\/2019\\\/11\\\/Akhkharu-Magia-Vampyrica-Michael-W.-Ford.png\",\"width\":1000,\"height\":750,\"caption\":\"Akhkharu Magia Vampyrica - Michael W. Ford\"},{\"@type\":\"BreadcrumbList\",\"@id\":\"https:\\\/\\\/manussinistra.com\\\/es\\\/producto\\\/akhkharu-magiak-vampyrica-michael-w-ford\\\/#breadcrumb\",\"itemListElement\":[{\"@type\":\"ListItem\",\"position\":1,\"name\":\"Portada\",\"item\":\"https:\\\/\\\/manussinistra.com\\\/es\\\/\"},{\"@type\":\"ListItem\",\"position\":2,\"name\":\"Tienda\",\"item\":\"https:\\\/\\\/manussinistra.com\\\/es\\\/tienda\\\/\"},{\"@type\":\"ListItem\",\"position\":3,\"name\":\"Akhkharu: Magia(k) Vampyrica \u2013 Michael W. Ford\"}]},{\"@type\":\"WebSite\",\"@id\":\"https:\\\/\\\/manussinistra.com\\\/es\\\/#website\",\"url\":\"https:\\\/\\\/manussinistra.com\\\/es\\\/\",\"name\":\"Editorial Manus Sinistra\",\"description\":\"Sendero de la Mano Izquierda, Satanismo y Magia(k) Contemporanea\",\"potentialAction\":[{\"@type\":\"SearchAction\",\"target\":{\"@type\":\"EntryPoint\",\"urlTemplate\":\"https:\\\/\\\/manussinistra.com\\\/es\\\/?s={search_term_string}\"},\"query-input\":{\"@type\":\"PropertyValueSpecification\",\"valueRequired\":true,\"valueName\":\"search_term_string\"}}],\"inLanguage\":\"es\"}]}<\/script>\n<!-- \/ Yoast SEO plugin. -->","yoast_head_json":{"title":"Editorial Manus Sinistra","robots":{"index":"index","follow":"follow","max-snippet":"max-snippet:-1","max-image-preview":"max-image-preview:large","max-video-preview":"max-video-preview:-1"},"canonical":"https:\/\/manussinistra.com\/es\/producto\/akhkharu-magiak-vampyrica-michael-w-ford\/","og_locale":"es_ES","og_type":"article","og_url":"https:\/\/manussinistra.com\/es\/producto\/akhkharu-magiak-vampyrica-michael-w-ford\/","og_site_name":"Editorial Manus Sinistra","article_modified_time":"2021-12-23T22:47:37+00:00","og_image":[{"width":1000,"height":750,"url":"https:\/\/manussinistra.com\/es\/wp-content\/uploads\/2019\/11\/Akhkharu-Magia-Vampyrica-Michael-W.-Ford.png","type":"image\/png"}],"twitter_card":"summary_large_image","schema":{"@context":"https:\/\/schema.org","@graph":[{"@type":"WebPage","@id":"https:\/\/manussinistra.com\/es\/producto\/akhkharu-magiak-vampyrica-michael-w-ford\/","url":"https:\/\/manussinistra.com\/es\/producto\/akhkharu-magiak-vampyrica-michael-w-ford\/","name":"Akhkharu: Magia(k) Vampyrica \u2013 Michael W. Ford - Editorial Manus Sinistra","isPartOf":{"@id":"https:\/\/manussinistra.com\/es\/#website"},"primaryImageOfPage":{"@id":"https:\/\/manussinistra.com\/es\/producto\/akhkharu-magiak-vampyrica-michael-w-ford\/#primaryimage"},"image":{"@id":"https:\/\/manussinistra.com\/es\/producto\/akhkharu-magiak-vampyrica-michael-w-ford\/#primaryimage"},"thumbnailUrl":"https:\/\/manussinistra.com\/es\/wp-content\/uploads\/2019\/11\/Akhkharu-Magia-Vampyrica-Michael-W.-Ford.png","datePublished":"2019-11-07T01:09:03+00:00","dateModified":"2021-12-23T22:47:37+00:00","breadcrumb":{"@id":"https:\/\/manussinistra.com\/es\/producto\/akhkharu-magiak-vampyrica-michael-w-ford\/#breadcrumb"},"inLanguage":"es","potentialAction":[{"@type":"ReadAction","target":["https:\/\/manussinistra.com\/es\/producto\/akhkharu-magiak-vampyrica-michael-w-ford\/"]}]},{"@type":"ImageObject","inLanguage":"es","@id":"https:\/\/manussinistra.com\/es\/producto\/akhkharu-magiak-vampyrica-michael-w-ford\/#primaryimage","url":"https:\/\/manussinistra.com\/es\/wp-content\/uploads\/2019\/11\/Akhkharu-Magia-Vampyrica-Michael-W.-Ford.png","contentUrl":"https:\/\/manussinistra.com\/es\/wp-content\/uploads\/2019\/11\/Akhkharu-Magia-Vampyrica-Michael-W.-Ford.png","width":1000,"height":750,"caption":"Akhkharu Magia Vampyrica - Michael W. Ford"},{"@type":"BreadcrumbList","@id":"https:\/\/manussinistra.com\/es\/producto\/akhkharu-magiak-vampyrica-michael-w-ford\/#breadcrumb","itemListElement":[{"@type":"ListItem","position":1,"name":"Portada","item":"https:\/\/manussinistra.com\/es\/"},{"@type":"ListItem","position":2,"name":"Tienda","item":"https:\/\/manussinistra.com\/es\/tienda\/"},{"@type":"ListItem","position":3,"name":"Akhkharu: Magia(k) Vampyrica \u2013 Michael W. Ford"}]},{"@type":"WebSite","@id":"https:\/\/manussinistra.com\/es\/#website","url":"https:\/\/manussinistra.com\/es\/","name":"Editorial Manus Sinistra","description":"Sendero de la Mano Izquierda, Satanismo y Magia(k) Contemporanea","potentialAction":[{"@type":"SearchAction","target":{"@type":"EntryPoint","urlTemplate":"https:\/\/manussinistra.com\/es\/?s={search_term_string}"},"query-input":{"@type":"PropertyValueSpecification","valueRequired":true,"valueName":"search_term_string"}}],"inLanguage":"es"}]}},"_links":{"self":[{"href":"https:\/\/manussinistra.com\/es\/wp-json\/wp\/v2\/product\/6373","targetHints":{"allow":["GET"]}}],"collection":[{"href":"https:\/\/manussinistra.com\/es\/wp-json\/wp\/v2\/product"}],"about":[{"href":"https:\/\/manussinistra.com\/es\/wp-json\/wp\/v2\/types\/product"}],"replies":[{"embeddable":true,"href":"https:\/\/manussinistra.com\/es\/wp-json\/wp\/v2\/comments?post=6373"}],"wp:featuredmedia":[{"embeddable":true,"href":"https:\/\/manussinistra.com\/es\/wp-json\/wp\/v2\/media\/6706"}],"wp:attachment":[{"href":"https:\/\/manussinistra.com\/es\/wp-json\/wp\/v2\/media?parent=6373"}],"wp:term":[{"taxonomy":"product_brand","embeddable":true,"href":"https:\/\/manussinistra.com\/es\/wp-json\/wp\/v2\/product_brand?post=6373"},{"taxonomy":"product_cat","embeddable":true,"href":"https:\/\/manussinistra.com\/es\/wp-json\/wp\/v2\/product_cat?post=6373"},{"taxonomy":"product_tag","embeddable":true,"href":"https:\/\/manussinistra.com\/es\/wp-json\/wp\/v2\/product_tag?post=6373"}],"curies":[{"name":"wp","href":"https:\/\/api.w.org\/{rel}","templated":true}]}}