{"id":6372,"date":"2019-11-07T01:02:13","date_gmt":"2019-11-07T01:02:13","guid":{"rendered":"https:\/\/manussinistra.com\/es\/test666_web_new\/?post_type=product&#038;p=6372"},"modified":"2022-07-25T06:14:43","modified_gmt":"2022-07-25T06:14:43","slug":"grimorium-verum-alibeckel-egipcio-atrib","status":"publish","type":"product","link":"https:\/\/manussinistra.com\/es\/producto\/grimorium-verum-alibeckel-egipcio-atrib\/","title":{"rendered":"Grimorium Verum- Alibeckel egipcio (atrib.)"},"content":{"rendered":"","protected":false},"excerpt":{"rendered":"<p><em>Es este uno de los libros m\u00e1s interesantes sobre rituales m\u00e1gicos, en el que se incluyen los famosos grimorios, o libros negros de los brujos. Se trata, en efecto, de nada menos que un manual del mago, que contiene, en peque\u00f1a extensi\u00f3n, todos los ritos de la preparaci\u00f3n, identificaci\u00f3n de esp\u00edritus, conjuros, y m\u00e9todos para llegar a la supuesta realizaci\u00f3n de todos los deseos del oficiante.<\/em> \u2013 Idries Shah<\/p>\n<p>Esta edici\u00f3n del Grimorium Verum es \u00fanica en su integridad, autenticidad comprobable y material nunca antes publicado. Lucifer, Beelzebub y Ashtaroth, as\u00ed como sus servidores y firmas est\u00e1n totalmente representados en este raro tomo de demonolog\u00eda. Las herramientas rituales y su elaboraci\u00f3n se mantienen en su cl\u00e1sico detalle. Se describen las instrucciones preparatorias, los oficios de cada demonio y los m\u00e9todos para evocarlos a la apariencia visible. Se ha agregado como ap\u00e9ndice a esta edici\u00f3n El Libro de la Serpiente Negra, in\u00e9dito hasta ahora, y que complementa la demonolog\u00eda del Grimorium Verum adem\u00e1s de ser un raro tratado.<\/p>\n<p>Detalles :<\/p>\n<ul>\n<li>Traducci\u00f3n profesional<\/li>\n<li>Arte exclusivo para esta edici\u00f3n<\/li>\n<li>Material adicional\u00a0a la edici\u00f3n\u00a0original<\/li>\n<li>Tama\u00f1o 21cm x 14cm<\/li>\n<li>P\u00e1ginas cosidas<\/li>\n<li>Solapas<\/li>\n<li>Papel de m\u00e1xima calidad<\/li>\n<li>96 p\u00e1gs.<\/li>\n<li>Presentaci\u00f3n en tapa dura y r\u00fastica<\/li>\n<li>Edici\u00f3n tapa dura de lujo: tela negra y estampado en dorado.<\/li>\n<li>Ediciones numeradas y limitadas<\/li>\n<\/ul>\n","protected":false},"featured_media":6708,"comment_status":"closed","ping_status":"closed","template":"","meta":{"_joinchat":[]},"product_brand":[],"product_cat":[25],"product_tag":[],"class_list":{"0":"post-6372","1":"product","2":"type-product","3":"status-publish","4":"has-post-thumbnail","6":"product_cat-espanol","8":"first","9":"instock","10":"shipping-taxable","11":"purchasable","12":"product-type-variable","13":"has-default-attributes"},"yoast_head":"<!-- This site is optimized with the Yoast SEO plugin v27.4 - https:\/\/yoast.com\/product\/yoast-seo-wordpress\/ -->\n<title>Editorial Manus Sinistra<\/title>\n<meta name=\"robots\" content=\"index, follow, max-snippet:-1, max-image-preview:large, max-video-preview:-1\" \/>\n<link rel=\"canonical\" href=\"https:\/\/manussinistra.com\/es\/producto\/grimorium-verum-alibeckel-egipcio-atrib\/\" \/>\n<meta property=\"og:locale\" content=\"es_ES\" \/>\n<meta property=\"og:type\" content=\"article\" \/>\n<meta property=\"og:url\" content=\"https:\/\/manussinistra.com\/es\/producto\/grimorium-verum-alibeckel-egipcio-atrib\/\" \/>\n<meta property=\"og:site_name\" content=\"Editorial Manus Sinistra\" \/>\n<meta property=\"article:modified_time\" content=\"2022-07-25T06:14:43+00:00\" \/>\n<meta property=\"og:image\" content=\"https:\/\/manussinistra.com\/es\/wp-content\/uploads\/2019\/11\/grimorium-verum.png\" \/>\n\t<meta property=\"og:image:width\" content=\"1000\" \/>\n\t<meta property=\"og:image:height\" content=\"750\" \/>\n\t<meta property=\"og:image:type\" content=\"image\/png\" \/>\n<meta name=\"twitter:card\" content=\"summary_large_image\" \/>\n<script type=\"application\/ld+json\" class=\"yoast-schema-graph\">{\"@context\":\"https:\\\/\\\/schema.org\",\"@graph\":[{\"@type\":\"WebPage\",\"@id\":\"https:\\\/\\\/manussinistra.com\\\/es\\\/producto\\\/grimorium-verum-alibeckel-egipcio-atrib\\\/\",\"url\":\"https:\\\/\\\/manussinistra.com\\\/es\\\/producto\\\/grimorium-verum-alibeckel-egipcio-atrib\\\/\",\"name\":\"Grimorium Verum- Alibeckel egipcio (atrib.) - Editorial Manus Sinistra\",\"isPartOf\":{\"@id\":\"https:\\\/\\\/manussinistra.com\\\/es\\\/#website\"},\"primaryImageOfPage\":{\"@id\":\"https:\\\/\\\/manussinistra.com\\\/es\\\/producto\\\/grimorium-verum-alibeckel-egipcio-atrib\\\/#primaryimage\"},\"image\":{\"@id\":\"https:\\\/\\\/manussinistra.com\\\/es\\\/producto\\\/grimorium-verum-alibeckel-egipcio-atrib\\\/#primaryimage\"},\"thumbnailUrl\":\"https:\\\/\\\/manussinistra.com\\\/es\\\/wp-content\\\/uploads\\\/2019\\\/11\\\/grimorium-verum.png\",\"datePublished\":\"2019-11-07T01:02:13+00:00\",\"dateModified\":\"2022-07-25T06:14:43+00:00\",\"breadcrumb\":{\"@id\":\"https:\\\/\\\/manussinistra.com\\\/es\\\/producto\\\/grimorium-verum-alibeckel-egipcio-atrib\\\/#breadcrumb\"},\"inLanguage\":\"es\",\"potentialAction\":[{\"@type\":\"ReadAction\",\"target\":[\"https:\\\/\\\/manussinistra.com\\\/es\\\/producto\\\/grimorium-verum-alibeckel-egipcio-atrib\\\/\"]}]},{\"@type\":\"ImageObject\",\"inLanguage\":\"es\",\"@id\":\"https:\\\/\\\/manussinistra.com\\\/es\\\/producto\\\/grimorium-verum-alibeckel-egipcio-atrib\\\/#primaryimage\",\"url\":\"https:\\\/\\\/manussinistra.com\\\/es\\\/wp-content\\\/uploads\\\/2019\\\/11\\\/grimorium-verum.png\",\"contentUrl\":\"https:\\\/\\\/manussinistra.com\\\/es\\\/wp-content\\\/uploads\\\/2019\\\/11\\\/grimorium-verum.png\",\"width\":1000,\"height\":750,\"caption\":\"Grimorium Verum\"},{\"@type\":\"BreadcrumbList\",\"@id\":\"https:\\\/\\\/manussinistra.com\\\/es\\\/producto\\\/grimorium-verum-alibeckel-egipcio-atrib\\\/#breadcrumb\",\"itemListElement\":[{\"@type\":\"ListItem\",\"position\":1,\"name\":\"Portada\",\"item\":\"https:\\\/\\\/manussinistra.com\\\/es\\\/\"},{\"@type\":\"ListItem\",\"position\":2,\"name\":\"Tienda\",\"item\":\"https:\\\/\\\/manussinistra.com\\\/es\\\/tienda\\\/\"},{\"@type\":\"ListItem\",\"position\":3,\"name\":\"Grimorium Verum- Alibeckel egipcio (atrib.)\"}]},{\"@type\":\"WebSite\",\"@id\":\"https:\\\/\\\/manussinistra.com\\\/es\\\/#website\",\"url\":\"https:\\\/\\\/manussinistra.com\\\/es\\\/\",\"name\":\"Editorial Manus Sinistra\",\"description\":\"Sendero de la Mano Izquierda, Satanismo y Magia(k) Contemporanea\",\"potentialAction\":[{\"@type\":\"SearchAction\",\"target\":{\"@type\":\"EntryPoint\",\"urlTemplate\":\"https:\\\/\\\/manussinistra.com\\\/es\\\/?s={search_term_string}\"},\"query-input\":{\"@type\":\"PropertyValueSpecification\",\"valueRequired\":true,\"valueName\":\"search_term_string\"}}],\"inLanguage\":\"es\"}]}<\/script>\n<!-- \/ Yoast SEO plugin. -->","yoast_head_json":{"title":"Editorial Manus Sinistra","robots":{"index":"index","follow":"follow","max-snippet":"max-snippet:-1","max-image-preview":"max-image-preview:large","max-video-preview":"max-video-preview:-1"},"canonical":"https:\/\/manussinistra.com\/es\/producto\/grimorium-verum-alibeckel-egipcio-atrib\/","og_locale":"es_ES","og_type":"article","og_url":"https:\/\/manussinistra.com\/es\/producto\/grimorium-verum-alibeckel-egipcio-atrib\/","og_site_name":"Editorial Manus Sinistra","article_modified_time":"2022-07-25T06:14:43+00:00","og_image":[{"width":1000,"height":750,"url":"https:\/\/manussinistra.com\/es\/wp-content\/uploads\/2019\/11\/grimorium-verum.png","type":"image\/png"}],"twitter_card":"summary_large_image","schema":{"@context":"https:\/\/schema.org","@graph":[{"@type":"WebPage","@id":"https:\/\/manussinistra.com\/es\/producto\/grimorium-verum-alibeckel-egipcio-atrib\/","url":"https:\/\/manussinistra.com\/es\/producto\/grimorium-verum-alibeckel-egipcio-atrib\/","name":"Grimorium Verum- Alibeckel egipcio (atrib.) - Editorial Manus Sinistra","isPartOf":{"@id":"https:\/\/manussinistra.com\/es\/#website"},"primaryImageOfPage":{"@id":"https:\/\/manussinistra.com\/es\/producto\/grimorium-verum-alibeckel-egipcio-atrib\/#primaryimage"},"image":{"@id":"https:\/\/manussinistra.com\/es\/producto\/grimorium-verum-alibeckel-egipcio-atrib\/#primaryimage"},"thumbnailUrl":"https:\/\/manussinistra.com\/es\/wp-content\/uploads\/2019\/11\/grimorium-verum.png","datePublished":"2019-11-07T01:02:13+00:00","dateModified":"2022-07-25T06:14:43+00:00","breadcrumb":{"@id":"https:\/\/manussinistra.com\/es\/producto\/grimorium-verum-alibeckel-egipcio-atrib\/#breadcrumb"},"inLanguage":"es","potentialAction":[{"@type":"ReadAction","target":["https:\/\/manussinistra.com\/es\/producto\/grimorium-verum-alibeckel-egipcio-atrib\/"]}]},{"@type":"ImageObject","inLanguage":"es","@id":"https:\/\/manussinistra.com\/es\/producto\/grimorium-verum-alibeckel-egipcio-atrib\/#primaryimage","url":"https:\/\/manussinistra.com\/es\/wp-content\/uploads\/2019\/11\/grimorium-verum.png","contentUrl":"https:\/\/manussinistra.com\/es\/wp-content\/uploads\/2019\/11\/grimorium-verum.png","width":1000,"height":750,"caption":"Grimorium Verum"},{"@type":"BreadcrumbList","@id":"https:\/\/manussinistra.com\/es\/producto\/grimorium-verum-alibeckel-egipcio-atrib\/#breadcrumb","itemListElement":[{"@type":"ListItem","position":1,"name":"Portada","item":"https:\/\/manussinistra.com\/es\/"},{"@type":"ListItem","position":2,"name":"Tienda","item":"https:\/\/manussinistra.com\/es\/tienda\/"},{"@type":"ListItem","position":3,"name":"Grimorium Verum- Alibeckel egipcio (atrib.)"}]},{"@type":"WebSite","@id":"https:\/\/manussinistra.com\/es\/#website","url":"https:\/\/manussinistra.com\/es\/","name":"Editorial Manus Sinistra","description":"Sendero de la Mano Izquierda, Satanismo y Magia(k) Contemporanea","potentialAction":[{"@type":"SearchAction","target":{"@type":"EntryPoint","urlTemplate":"https:\/\/manussinistra.com\/es\/?s={search_term_string}"},"query-input":{"@type":"PropertyValueSpecification","valueRequired":true,"valueName":"search_term_string"}}],"inLanguage":"es"}]}},"_links":{"self":[{"href":"https:\/\/manussinistra.com\/es\/wp-json\/wp\/v2\/product\/6372","targetHints":{"allow":["GET"]}}],"collection":[{"href":"https:\/\/manussinistra.com\/es\/wp-json\/wp\/v2\/product"}],"about":[{"href":"https:\/\/manussinistra.com\/es\/wp-json\/wp\/v2\/types\/product"}],"replies":[{"embeddable":true,"href":"https:\/\/manussinistra.com\/es\/wp-json\/wp\/v2\/comments?post=6372"}],"wp:featuredmedia":[{"embeddable":true,"href":"https:\/\/manussinistra.com\/es\/wp-json\/wp\/v2\/media\/6708"}],"wp:attachment":[{"href":"https:\/\/manussinistra.com\/es\/wp-json\/wp\/v2\/media?parent=6372"}],"wp:term":[{"taxonomy":"product_brand","embeddable":true,"href":"https:\/\/manussinistra.com\/es\/wp-json\/wp\/v2\/product_brand?post=6372"},{"taxonomy":"product_cat","embeddable":true,"href":"https:\/\/manussinistra.com\/es\/wp-json\/wp\/v2\/product_cat?post=6372"},{"taxonomy":"product_tag","embeddable":true,"href":"https:\/\/manussinistra.com\/es\/wp-json\/wp\/v2\/product_tag?post=6372"}],"curies":[{"name":"wp","href":"https:\/\/api.w.org\/{rel}","templated":true}]}}