{"id":6370,"date":"2019-11-07T00:56:10","date_gmt":"2019-11-07T00:56:10","guid":{"rendered":"https:\/\/manussinistra.com\/es\/test666_web_new\/?post_type=product&#038;p=6370"},"modified":"2025-03-19T02:01:37","modified_gmt":"2025-03-19T02:01:37","slug":"proyeccion-astral-thomas-karlsson","status":"publish","type":"product","link":"https:\/\/manussinistra.com\/es\/producto\/proyeccion-astral-thomas-karlsson\/","title":{"rendered":"Proyecci\u00f3n Astral: El Manual del Psiconauta \u2013 Thomas Karlsson"},"content":{"rendered":"","protected":false},"excerpt":{"rendered":"<p>Al hombre siempre le ha fascinado su propia habilidad de transportarse con su cuerpo astral, tanto a trav\u00e9s del mundo ya conocido como por dimensiones que van m\u00e1s all\u00e1 del conocimiento humano.<\/p>\n<p>Thomas Karlsson, cient\u00edfico de la religi\u00f3n, mago sueco y un experimentado viajero astral, trata el fen\u00f3meno de los viajes astrales mientras nos presenta la psicolog\u00eda del antiguo Egipto, la qabalah y la cultura n\u00f3rdica, y no solo desde un punto de vista acad\u00e9mico, sino tambi\u00e9n a partir de t\u00e9cnicas que posibilitan que cada persona aprenda por s\u00ed misma el arte de los viajes astrales.<\/p>\n<p>El libro se divide en tres partes: una presentaci\u00f3n hist\u00f3rica y mitol\u00f3gica de los viajes astrales, un plan de estudios orientado a la pr\u00e1ctica y una compilaci\u00f3n de vivencias. El objetivo de este libro es hacer del lector un viajero experimentado en los viajes astrales.<\/p>\n<p>Traducci\u00f3n profesional, material adicional a la edici\u00f3n original y arte exclusivo.<\/p>\n","protected":false},"featured_media":6710,"comment_status":"closed","ping_status":"closed","template":"","meta":{"_joinchat":[]},"product_brand":[],"product_cat":[25],"product_tag":[],"class_list":{"0":"post-6370","1":"product","2":"type-product","3":"status-publish","4":"has-post-thumbnail","6":"product_cat-espanol","8":"first","9":"outofstock","10":"shipping-taxable","11":"purchasable","12":"product-type-variable","13":"has-default-attributes"},"yoast_head":"<!-- This site is optimized with the Yoast SEO plugin v27.4 - https:\/\/yoast.com\/product\/yoast-seo-wordpress\/ -->\n<title>Editorial Manus Sinistra<\/title>\n<meta name=\"robots\" content=\"index, follow, max-snippet:-1, max-image-preview:large, max-video-preview:-1\" \/>\n<link rel=\"canonical\" href=\"https:\/\/manussinistra.com\/es\/producto\/proyeccion-astral-thomas-karlsson\/\" \/>\n<meta property=\"og:locale\" content=\"es_ES\" \/>\n<meta property=\"og:type\" content=\"article\" \/>\n<meta property=\"og:url\" content=\"https:\/\/manussinistra.com\/es\/producto\/proyeccion-astral-thomas-karlsson\/\" \/>\n<meta property=\"og:site_name\" content=\"Editorial Manus Sinistra\" \/>\n<meta property=\"article:modified_time\" content=\"2025-03-19T02:01:37+00:00\" \/>\n<meta property=\"og:image\" content=\"https:\/\/manussinistra.com\/es\/wp-content\/uploads\/2019\/11\/proyeccion-astral-thomas-karlson.png\" \/>\n\t<meta property=\"og:image:width\" content=\"1000\" \/>\n\t<meta property=\"og:image:height\" content=\"750\" \/>\n\t<meta property=\"og:image:type\" content=\"image\/png\" \/>\n<meta name=\"twitter:card\" content=\"summary_large_image\" \/>\n<meta name=\"twitter:label1\" content=\"Tiempo de lectura\" \/>\n\t<meta name=\"twitter:data1\" content=\"1 minuto\" \/>\n<script type=\"application\/ld+json\" class=\"yoast-schema-graph\">{\"@context\":\"https:\\\/\\\/schema.org\",\"@graph\":[{\"@type\":\"WebPage\",\"@id\":\"https:\\\/\\\/manussinistra.com\\\/es\\\/producto\\\/proyeccion-astral-thomas-karlsson\\\/\",\"url\":\"https:\\\/\\\/manussinistra.com\\\/es\\\/producto\\\/proyeccion-astral-thomas-karlsson\\\/\",\"name\":\"Proyecci\u00f3n Astral: El Manual del Psiconauta \u2013 Thomas Karlsson - Editorial Manus Sinistra\",\"isPartOf\":{\"@id\":\"https:\\\/\\\/manussinistra.com\\\/es\\\/#website\"},\"primaryImageOfPage\":{\"@id\":\"https:\\\/\\\/manussinistra.com\\\/es\\\/producto\\\/proyeccion-astral-thomas-karlsson\\\/#primaryimage\"},\"image\":{\"@id\":\"https:\\\/\\\/manussinistra.com\\\/es\\\/producto\\\/proyeccion-astral-thomas-karlsson\\\/#primaryimage\"},\"thumbnailUrl\":\"https:\\\/\\\/manussinistra.com\\\/es\\\/wp-content\\\/uploads\\\/2019\\\/11\\\/proyeccion-astral-thomas-karlson.png\",\"datePublished\":\"2019-11-07T00:56:10+00:00\",\"dateModified\":\"2025-03-19T02:01:37+00:00\",\"breadcrumb\":{\"@id\":\"https:\\\/\\\/manussinistra.com\\\/es\\\/producto\\\/proyeccion-astral-thomas-karlsson\\\/#breadcrumb\"},\"inLanguage\":\"es\",\"potentialAction\":[{\"@type\":\"ReadAction\",\"target\":[\"https:\\\/\\\/manussinistra.com\\\/es\\\/producto\\\/proyeccion-astral-thomas-karlsson\\\/\"]}]},{\"@type\":\"ImageObject\",\"inLanguage\":\"es\",\"@id\":\"https:\\\/\\\/manussinistra.com\\\/es\\\/producto\\\/proyeccion-astral-thomas-karlsson\\\/#primaryimage\",\"url\":\"https:\\\/\\\/manussinistra.com\\\/es\\\/wp-content\\\/uploads\\\/2019\\\/11\\\/proyeccion-astral-thomas-karlson.png\",\"contentUrl\":\"https:\\\/\\\/manussinistra.com\\\/es\\\/wp-content\\\/uploads\\\/2019\\\/11\\\/proyeccion-astral-thomas-karlson.png\",\"width\":1000,\"height\":750,\"caption\":\"Proyeccion Astral - Thomas Karlson\"},{\"@type\":\"BreadcrumbList\",\"@id\":\"https:\\\/\\\/manussinistra.com\\\/es\\\/producto\\\/proyeccion-astral-thomas-karlsson\\\/#breadcrumb\",\"itemListElement\":[{\"@type\":\"ListItem\",\"position\":1,\"name\":\"Portada\",\"item\":\"https:\\\/\\\/manussinistra.com\\\/es\\\/\"},{\"@type\":\"ListItem\",\"position\":2,\"name\":\"Tienda\",\"item\":\"https:\\\/\\\/manussinistra.com\\\/es\\\/tienda\\\/\"},{\"@type\":\"ListItem\",\"position\":3,\"name\":\"Proyecci\u00f3n Astral: El Manual del Psiconauta \u2013 Thomas Karlsson\"}]},{\"@type\":\"WebSite\",\"@id\":\"https:\\\/\\\/manussinistra.com\\\/es\\\/#website\",\"url\":\"https:\\\/\\\/manussinistra.com\\\/es\\\/\",\"name\":\"Editorial Manus Sinistra\",\"description\":\"Sendero de la Mano Izquierda, Satanismo y Magia(k) Contemporanea\",\"potentialAction\":[{\"@type\":\"SearchAction\",\"target\":{\"@type\":\"EntryPoint\",\"urlTemplate\":\"https:\\\/\\\/manussinistra.com\\\/es\\\/?s={search_term_string}\"},\"query-input\":{\"@type\":\"PropertyValueSpecification\",\"valueRequired\":true,\"valueName\":\"search_term_string\"}}],\"inLanguage\":\"es\"}]}<\/script>\n<!-- \/ Yoast SEO plugin. -->","yoast_head_json":{"title":"Editorial Manus Sinistra","robots":{"index":"index","follow":"follow","max-snippet":"max-snippet:-1","max-image-preview":"max-image-preview:large","max-video-preview":"max-video-preview:-1"},"canonical":"https:\/\/manussinistra.com\/es\/producto\/proyeccion-astral-thomas-karlsson\/","og_locale":"es_ES","og_type":"article","og_url":"https:\/\/manussinistra.com\/es\/producto\/proyeccion-astral-thomas-karlsson\/","og_site_name":"Editorial Manus Sinistra","article_modified_time":"2025-03-19T02:01:37+00:00","og_image":[{"width":1000,"height":750,"url":"https:\/\/manussinistra.com\/es\/wp-content\/uploads\/2019\/11\/proyeccion-astral-thomas-karlson.png","type":"image\/png"}],"twitter_card":"summary_large_image","twitter_misc":{"Tiempo de lectura":"1 minuto"},"schema":{"@context":"https:\/\/schema.org","@graph":[{"@type":"WebPage","@id":"https:\/\/manussinistra.com\/es\/producto\/proyeccion-astral-thomas-karlsson\/","url":"https:\/\/manussinistra.com\/es\/producto\/proyeccion-astral-thomas-karlsson\/","name":"Proyecci\u00f3n Astral: El Manual del Psiconauta \u2013 Thomas Karlsson - Editorial Manus Sinistra","isPartOf":{"@id":"https:\/\/manussinistra.com\/es\/#website"},"primaryImageOfPage":{"@id":"https:\/\/manussinistra.com\/es\/producto\/proyeccion-astral-thomas-karlsson\/#primaryimage"},"image":{"@id":"https:\/\/manussinistra.com\/es\/producto\/proyeccion-astral-thomas-karlsson\/#primaryimage"},"thumbnailUrl":"https:\/\/manussinistra.com\/es\/wp-content\/uploads\/2019\/11\/proyeccion-astral-thomas-karlson.png","datePublished":"2019-11-07T00:56:10+00:00","dateModified":"2025-03-19T02:01:37+00:00","breadcrumb":{"@id":"https:\/\/manussinistra.com\/es\/producto\/proyeccion-astral-thomas-karlsson\/#breadcrumb"},"inLanguage":"es","potentialAction":[{"@type":"ReadAction","target":["https:\/\/manussinistra.com\/es\/producto\/proyeccion-astral-thomas-karlsson\/"]}]},{"@type":"ImageObject","inLanguage":"es","@id":"https:\/\/manussinistra.com\/es\/producto\/proyeccion-astral-thomas-karlsson\/#primaryimage","url":"https:\/\/manussinistra.com\/es\/wp-content\/uploads\/2019\/11\/proyeccion-astral-thomas-karlson.png","contentUrl":"https:\/\/manussinistra.com\/es\/wp-content\/uploads\/2019\/11\/proyeccion-astral-thomas-karlson.png","width":1000,"height":750,"caption":"Proyeccion Astral - Thomas Karlson"},{"@type":"BreadcrumbList","@id":"https:\/\/manussinistra.com\/es\/producto\/proyeccion-astral-thomas-karlsson\/#breadcrumb","itemListElement":[{"@type":"ListItem","position":1,"name":"Portada","item":"https:\/\/manussinistra.com\/es\/"},{"@type":"ListItem","position":2,"name":"Tienda","item":"https:\/\/manussinistra.com\/es\/tienda\/"},{"@type":"ListItem","position":3,"name":"Proyecci\u00f3n Astral: El Manual del Psiconauta \u2013 Thomas Karlsson"}]},{"@type":"WebSite","@id":"https:\/\/manussinistra.com\/es\/#website","url":"https:\/\/manussinistra.com\/es\/","name":"Editorial Manus Sinistra","description":"Sendero de la Mano Izquierda, Satanismo y Magia(k) Contemporanea","potentialAction":[{"@type":"SearchAction","target":{"@type":"EntryPoint","urlTemplate":"https:\/\/manussinistra.com\/es\/?s={search_term_string}"},"query-input":{"@type":"PropertyValueSpecification","valueRequired":true,"valueName":"search_term_string"}}],"inLanguage":"es"}]}},"_links":{"self":[{"href":"https:\/\/manussinistra.com\/es\/wp-json\/wp\/v2\/product\/6370","targetHints":{"allow":["GET"]}}],"collection":[{"href":"https:\/\/manussinistra.com\/es\/wp-json\/wp\/v2\/product"}],"about":[{"href":"https:\/\/manussinistra.com\/es\/wp-json\/wp\/v2\/types\/product"}],"replies":[{"embeddable":true,"href":"https:\/\/manussinistra.com\/es\/wp-json\/wp\/v2\/comments?post=6370"}],"wp:featuredmedia":[{"embeddable":true,"href":"https:\/\/manussinistra.com\/es\/wp-json\/wp\/v2\/media\/6710"}],"wp:attachment":[{"href":"https:\/\/manussinistra.com\/es\/wp-json\/wp\/v2\/media?parent=6370"}],"wp:term":[{"taxonomy":"product_brand","embeddable":true,"href":"https:\/\/manussinistra.com\/es\/wp-json\/wp\/v2\/product_brand?post=6370"},{"taxonomy":"product_cat","embeddable":true,"href":"https:\/\/manussinistra.com\/es\/wp-json\/wp\/v2\/product_cat?post=6370"},{"taxonomy":"product_tag","embeddable":true,"href":"https:\/\/manussinistra.com\/es\/wp-json\/wp\/v2\/product_tag?post=6370"}],"curies":[{"name":"wp","href":"https:\/\/api.w.org\/{rel}","templated":true}]}}