{"id":6369,"date":"2019-11-07T00:54:29","date_gmt":"2019-11-07T00:54:29","guid":{"rendered":"https:\/\/manussinistra.com\/es\/test666_web_new\/?post_type=product&#038;p=6369"},"modified":"2022-03-02T03:32:16","modified_gmt":"2022-03-02T03:32:16","slug":"liber-hvhi-la-magiak-del-adversario-michael-w-ford","status":"publish","type":"product","link":"https:\/\/manussinistra.com\/es\/producto\/liber-hvhi-la-magiak-del-adversario-michael-w-ford\/","title":{"rendered":"Liber HVHI: la Magia(k) del Adversario \u2013 Michael W. Ford"},"content":{"rendered":"","protected":false},"excerpt":{"rendered":"<p><em>Liber HVHI<\/em>, el grimorio del Sendero Luciferino, contiene los ritos infernales de las qlippoth, un extenso sistema m\u00e1gico que presenta una forma s\u00f3lida y comprensible de trabajar con el \u00c1rbol de Da\u2019ath y sus ramas. En este libro se presenta a las 22 Esferas de las Qlippoth Infernales, los m\u00e9todos de llenar y drenar esas \u201ccascaras\u201d y los ritos luciferinos de Ca\u00edn, simb\u00f3lico del Primer Satanista de los antiguos textos hebreos relacionados con el proceso de devorar desde una aproximaci\u00f3n simb\u00f3lica y ritualista. Las ra\u00edces del Adversario como lo Masculino y Femenino Demoniaco son exploradas desde las fuentes hebreas y persas encaminadas hacia un potente sistema inici\u00e1tico del Sendero de la Mano Izquierda. Se abren las puertas del infierno para el despertar del Anticristo, desde Ca\u00edn y Belial, a trav\u00e9s del adepto negro.<\/p>\n<p>La segunda mitad del grimorio se basa en las inversiones ritualistas de los textos av\u00e9sticos y la herej\u00eda del daeva-yasna (adoraci\u00f3n de demonios) adaptada hacia la autodeificaci\u00f3n, adem\u00e1s del camino prohibido del espiritualismo predatorio\/vampirismo y trabajos rituales extremos.<br \/>\nLos trabajos de transformaci\u00f3n presentados tienen lugar a trav\u00e9s del \u201cRito de Posesi\u00f3n\u201d (un extensa inversi\u00f3n autoinici\u00e1tica del rito cat\u00f3lico de exorcismo), los rituales de Ca\u00edn, la convocaci\u00f3n al Se\u00f1or del \u00c1rbol de la Muerte (importante como un llamado del Santo \u00c1ngel Guardi\u00e1n\/Genio Maligno) y los trabajos de sendero dentro de los T\u00faneles, ejercicios energ\u00e9ticos como el Yoga Ahrim\u00e1nico y la Lengua de las Sombras o staota, llamados a esp\u00edritus vamp\u00edricos y a Tiamat y secciones de la Orden Negra del Drag\u00f3n, entre mucho m\u00e1s.<\/p>\n<p>Sin importar con qu\u00e9 nombre ha sido llamado el Adversario, desde el antiguo culto persa de los hechiceros yatukih, con Ahriman o Angra Maiunyu y su esposa Jahi o Az, al hebreo Samael y Lilith, la Corriente Luciferina ha permanecido fuerte, arraigada en las culturas antiguas. <em>Liber HVHI<\/em> es un grimorio escrito a partir de la sombra de antiguos textos religiosos. El resultado es una poderosa ideolog\u00eda luciferina y una metodolog\u00eda ritual y su puesta en pr\u00e1ctica en la vida diaria que transforma la mente en el esp\u00edritu del Adversario.<\/p>\n<p>Los demonios de la antig\u00fcedad se levantan del polvo y toman nueva vida en este libro, desde las antiguas deidades oscuras mesopot\u00e1micas y persas, los \u00e1ngeles ca\u00eddos, la maldad gn\u00f3stica, los archidemonios de las qlippoth y sus esferas, a los mal\u00e9volos djinnes del islam, los demonios de oriente que volvieron a transformarse en la brujer\u00eda europea y los diablos medievales.<\/p>\n<p>Esta edici\u00f3n ofrece arte exclusivo en representaci\u00f3n del daemon de este grimorio y la inclusi\u00f3n de mucho material extra junto con la adici\u00f3n de dos libros del autor: <em>Magia<sup>(k)<\/sup> Sat\u00e1nica: El Paradigma de Therion<\/em> y <em>Escamas de la Serpiente Negra: Magia<sup>(k)<\/sup> Qlipp\u00f3thica B\u00e1sica.<\/em><\/p>\n","protected":false},"featured_media":6711,"comment_status":"closed","ping_status":"closed","template":"","meta":{"_joinchat":[]},"product_brand":[],"product_cat":[25],"product_tag":[],"class_list":{"0":"post-6369","1":"product","2":"type-product","3":"status-publish","4":"has-post-thumbnail","6":"product_cat-espanol","8":"first","9":"instock","10":"shipping-taxable","11":"purchasable","12":"product-type-variable","13":"has-default-attributes"},"yoast_head":"<!-- This site is optimized with the Yoast SEO plugin v27.4 - https:\/\/yoast.com\/product\/yoast-seo-wordpress\/ -->\n<title>Editorial Manus Sinistra<\/title>\n<meta name=\"robots\" content=\"index, follow, max-snippet:-1, max-image-preview:large, max-video-preview:-1\" \/>\n<link rel=\"canonical\" href=\"https:\/\/manussinistra.com\/es\/producto\/liber-hvhi-la-magiak-del-adversario-michael-w-ford\/\" \/>\n<meta property=\"og:locale\" content=\"es_ES\" \/>\n<meta property=\"og:type\" content=\"article\" \/>\n<meta property=\"og:url\" content=\"https:\/\/manussinistra.com\/es\/producto\/liber-hvhi-la-magiak-del-adversario-michael-w-ford\/\" \/>\n<meta property=\"og:site_name\" content=\"Editorial Manus Sinistra\" \/>\n<meta property=\"article:modified_time\" content=\"2022-03-02T03:32:16+00:00\" \/>\n<meta property=\"og:image\" content=\"https:\/\/manussinistra.com\/es\/wp-content\/uploads\/2019\/11\/Liber-HVHI-la-Magiak-del-Adversario-\u2013-Michael-W.-Ford.png\" \/>\n\t<meta property=\"og:image:width\" content=\"1000\" \/>\n\t<meta property=\"og:image:height\" content=\"750\" \/>\n\t<meta property=\"og:image:type\" content=\"image\/png\" \/>\n<meta name=\"twitter:card\" content=\"summary_large_image\" \/>\n<script type=\"application\/ld+json\" class=\"yoast-schema-graph\">{\"@context\":\"https:\\\/\\\/schema.org\",\"@graph\":[{\"@type\":\"WebPage\",\"@id\":\"https:\\\/\\\/manussinistra.com\\\/es\\\/producto\\\/liber-hvhi-la-magiak-del-adversario-michael-w-ford\\\/\",\"url\":\"https:\\\/\\\/manussinistra.com\\\/es\\\/producto\\\/liber-hvhi-la-magiak-del-adversario-michael-w-ford\\\/\",\"name\":\"Liber HVHI: la Magia(k) del Adversario \u2013 Michael W. Ford - Editorial Manus Sinistra\",\"isPartOf\":{\"@id\":\"https:\\\/\\\/manussinistra.com\\\/es\\\/#website\"},\"primaryImageOfPage\":{\"@id\":\"https:\\\/\\\/manussinistra.com\\\/es\\\/producto\\\/liber-hvhi-la-magiak-del-adversario-michael-w-ford\\\/#primaryimage\"},\"image\":{\"@id\":\"https:\\\/\\\/manussinistra.com\\\/es\\\/producto\\\/liber-hvhi-la-magiak-del-adversario-michael-w-ford\\\/#primaryimage\"},\"thumbnailUrl\":\"https:\\\/\\\/manussinistra.com\\\/es\\\/wp-content\\\/uploads\\\/2019\\\/11\\\/Liber-HVHI-la-Magiak-del-Adversario-\u2013-Michael-W.-Ford.png\",\"datePublished\":\"2019-11-07T00:54:29+00:00\",\"dateModified\":\"2022-03-02T03:32:16+00:00\",\"breadcrumb\":{\"@id\":\"https:\\\/\\\/manussinistra.com\\\/es\\\/producto\\\/liber-hvhi-la-magiak-del-adversario-michael-w-ford\\\/#breadcrumb\"},\"inLanguage\":\"es\",\"potentialAction\":[{\"@type\":\"ReadAction\",\"target\":[\"https:\\\/\\\/manussinistra.com\\\/es\\\/producto\\\/liber-hvhi-la-magiak-del-adversario-michael-w-ford\\\/\"]}]},{\"@type\":\"ImageObject\",\"inLanguage\":\"es\",\"@id\":\"https:\\\/\\\/manussinistra.com\\\/es\\\/producto\\\/liber-hvhi-la-magiak-del-adversario-michael-w-ford\\\/#primaryimage\",\"url\":\"https:\\\/\\\/manussinistra.com\\\/es\\\/wp-content\\\/uploads\\\/2019\\\/11\\\/Liber-HVHI-la-Magiak-del-Adversario-\u2013-Michael-W.-Ford.png\",\"contentUrl\":\"https:\\\/\\\/manussinistra.com\\\/es\\\/wp-content\\\/uploads\\\/2019\\\/11\\\/Liber-HVHI-la-Magiak-del-Adversario-\u2013-Michael-W.-Ford.png\",\"width\":1000,\"height\":750,\"caption\":\"Liber HVHI la Magia(k) del Adversario \u2013 Michael W. Ford\"},{\"@type\":\"BreadcrumbList\",\"@id\":\"https:\\\/\\\/manussinistra.com\\\/es\\\/producto\\\/liber-hvhi-la-magiak-del-adversario-michael-w-ford\\\/#breadcrumb\",\"itemListElement\":[{\"@type\":\"ListItem\",\"position\":1,\"name\":\"Portada\",\"item\":\"https:\\\/\\\/manussinistra.com\\\/es\\\/\"},{\"@type\":\"ListItem\",\"position\":2,\"name\":\"Tienda\",\"item\":\"https:\\\/\\\/manussinistra.com\\\/es\\\/tienda\\\/\"},{\"@type\":\"ListItem\",\"position\":3,\"name\":\"Liber HVHI: la Magia(k) del Adversario \u2013 Michael W. Ford\"}]},{\"@type\":\"WebSite\",\"@id\":\"https:\\\/\\\/manussinistra.com\\\/es\\\/#website\",\"url\":\"https:\\\/\\\/manussinistra.com\\\/es\\\/\",\"name\":\"Editorial Manus Sinistra\",\"description\":\"Sendero de la Mano Izquierda, Satanismo y Magia(k) Contemporanea\",\"potentialAction\":[{\"@type\":\"SearchAction\",\"target\":{\"@type\":\"EntryPoint\",\"urlTemplate\":\"https:\\\/\\\/manussinistra.com\\\/es\\\/?s={search_term_string}\"},\"query-input\":{\"@type\":\"PropertyValueSpecification\",\"valueRequired\":true,\"valueName\":\"search_term_string\"}}],\"inLanguage\":\"es\"}]}<\/script>\n<!-- \/ Yoast SEO plugin. -->","yoast_head_json":{"title":"Editorial Manus Sinistra","robots":{"index":"index","follow":"follow","max-snippet":"max-snippet:-1","max-image-preview":"max-image-preview:large","max-video-preview":"max-video-preview:-1"},"canonical":"https:\/\/manussinistra.com\/es\/producto\/liber-hvhi-la-magiak-del-adversario-michael-w-ford\/","og_locale":"es_ES","og_type":"article","og_url":"https:\/\/manussinistra.com\/es\/producto\/liber-hvhi-la-magiak-del-adversario-michael-w-ford\/","og_site_name":"Editorial Manus Sinistra","article_modified_time":"2022-03-02T03:32:16+00:00","og_image":[{"width":1000,"height":750,"url":"https:\/\/manussinistra.com\/es\/wp-content\/uploads\/2019\/11\/Liber-HVHI-la-Magiak-del-Adversario-\u2013-Michael-W.-Ford.png","type":"image\/png"}],"twitter_card":"summary_large_image","schema":{"@context":"https:\/\/schema.org","@graph":[{"@type":"WebPage","@id":"https:\/\/manussinistra.com\/es\/producto\/liber-hvhi-la-magiak-del-adversario-michael-w-ford\/","url":"https:\/\/manussinistra.com\/es\/producto\/liber-hvhi-la-magiak-del-adversario-michael-w-ford\/","name":"Liber HVHI: la Magia(k) del Adversario \u2013 Michael W. Ford - Editorial Manus Sinistra","isPartOf":{"@id":"https:\/\/manussinistra.com\/es\/#website"},"primaryImageOfPage":{"@id":"https:\/\/manussinistra.com\/es\/producto\/liber-hvhi-la-magiak-del-adversario-michael-w-ford\/#primaryimage"},"image":{"@id":"https:\/\/manussinistra.com\/es\/producto\/liber-hvhi-la-magiak-del-adversario-michael-w-ford\/#primaryimage"},"thumbnailUrl":"https:\/\/manussinistra.com\/es\/wp-content\/uploads\/2019\/11\/Liber-HVHI-la-Magiak-del-Adversario-\u2013-Michael-W.-Ford.png","datePublished":"2019-11-07T00:54:29+00:00","dateModified":"2022-03-02T03:32:16+00:00","breadcrumb":{"@id":"https:\/\/manussinistra.com\/es\/producto\/liber-hvhi-la-magiak-del-adversario-michael-w-ford\/#breadcrumb"},"inLanguage":"es","potentialAction":[{"@type":"ReadAction","target":["https:\/\/manussinistra.com\/es\/producto\/liber-hvhi-la-magiak-del-adversario-michael-w-ford\/"]}]},{"@type":"ImageObject","inLanguage":"es","@id":"https:\/\/manussinistra.com\/es\/producto\/liber-hvhi-la-magiak-del-adversario-michael-w-ford\/#primaryimage","url":"https:\/\/manussinistra.com\/es\/wp-content\/uploads\/2019\/11\/Liber-HVHI-la-Magiak-del-Adversario-\u2013-Michael-W.-Ford.png","contentUrl":"https:\/\/manussinistra.com\/es\/wp-content\/uploads\/2019\/11\/Liber-HVHI-la-Magiak-del-Adversario-\u2013-Michael-W.-Ford.png","width":1000,"height":750,"caption":"Liber HVHI la Magia(k) del Adversario \u2013 Michael W. Ford"},{"@type":"BreadcrumbList","@id":"https:\/\/manussinistra.com\/es\/producto\/liber-hvhi-la-magiak-del-adversario-michael-w-ford\/#breadcrumb","itemListElement":[{"@type":"ListItem","position":1,"name":"Portada","item":"https:\/\/manussinistra.com\/es\/"},{"@type":"ListItem","position":2,"name":"Tienda","item":"https:\/\/manussinistra.com\/es\/tienda\/"},{"@type":"ListItem","position":3,"name":"Liber HVHI: la Magia(k) del Adversario \u2013 Michael W. Ford"}]},{"@type":"WebSite","@id":"https:\/\/manussinistra.com\/es\/#website","url":"https:\/\/manussinistra.com\/es\/","name":"Editorial Manus Sinistra","description":"Sendero de la Mano Izquierda, Satanismo y Magia(k) Contemporanea","potentialAction":[{"@type":"SearchAction","target":{"@type":"EntryPoint","urlTemplate":"https:\/\/manussinistra.com\/es\/?s={search_term_string}"},"query-input":{"@type":"PropertyValueSpecification","valueRequired":true,"valueName":"search_term_string"}}],"inLanguage":"es"}]}},"_links":{"self":[{"href":"https:\/\/manussinistra.com\/es\/wp-json\/wp\/v2\/product\/6369","targetHints":{"allow":["GET"]}}],"collection":[{"href":"https:\/\/manussinistra.com\/es\/wp-json\/wp\/v2\/product"}],"about":[{"href":"https:\/\/manussinistra.com\/es\/wp-json\/wp\/v2\/types\/product"}],"replies":[{"embeddable":true,"href":"https:\/\/manussinistra.com\/es\/wp-json\/wp\/v2\/comments?post=6369"}],"wp:featuredmedia":[{"embeddable":true,"href":"https:\/\/manussinistra.com\/es\/wp-json\/wp\/v2\/media\/6711"}],"wp:attachment":[{"href":"https:\/\/manussinistra.com\/es\/wp-json\/wp\/v2\/media?parent=6369"}],"wp:term":[{"taxonomy":"product_brand","embeddable":true,"href":"https:\/\/manussinistra.com\/es\/wp-json\/wp\/v2\/product_brand?post=6369"},{"taxonomy":"product_cat","embeddable":true,"href":"https:\/\/manussinistra.com\/es\/wp-json\/wp\/v2\/product_cat?post=6369"},{"taxonomy":"product_tag","embeddable":true,"href":"https:\/\/manussinistra.com\/es\/wp-json\/wp\/v2\/product_tag?post=6369"}],"curies":[{"name":"wp","href":"https:\/\/api.w.org\/{rel}","templated":true}]}}