{"id":6327,"date":"2019-10-28T22:17:41","date_gmt":"2019-10-28T22:17:41","guid":{"rendered":"https:\/\/manussinistra.com\/es\/test666_web_new\/?post_type=product&#038;p=6327"},"modified":"2022-01-23T23:37:52","modified_gmt":"2022-01-23T23:37:52","slug":"entre-misticos-y-magos-en-estocolmo-thomas-karlsson","status":"publish","type":"product","link":"https:\/\/manussinistra.com\/es\/producto\/entre-misticos-y-magos-en-estocolmo-thomas-karlsson\/","title":{"rendered":"Entre M\u00edsticos y Magos en Estocolmo \u2013 Thomas Karlsson"},"content":{"rendered":"<p>La orden sueca Dragon Rouge (Ordo Draconis et Atri Adamantis) fue fundada en la v\u00edspera de a\u00f1o nuevo en 1989 por Thomas Karlsson en conjunto con un grupo de ocultistas locales y el apoyo de otros de larga trayectoria. La orden, que se centra en la iniciaci\u00f3n draconiana en relaci\u00f3n a la q\u00e1balah qlif\u00f3tica, se ha convertido desde entonces en una organizaci\u00f3n de alcance mundial, y se centra principalmente en Europa y algunos pa\u00edses de Am\u00e9rica.<\/p>\n<p>En <em>Entre M\u00edsticos y Magos en Estocolmo<\/em>, Thomas Karlsson relata los primeros a\u00f1os de su pr\u00e1ctica m\u00e1gica durante los a\u00f1os 1989-1991, la misma que condujo a la formaci\u00f3n de Dragon Rouge. En su narraci\u00f3n en primera persona, Karlsson nos cuenta muchas experiencias importantes que tuvo en su casa de verano en la isla de Gotland y en Estocolmo durante el auge ocultista de los a\u00f1os 90\u2019s, entre muchos otros lugares. El libro contiene muchas referencias al contexto subcultural de la juventud del autor y el registro de su viaje a Marrakech, Marruecos, donde recibi\u00f3 la profec\u00eda para construir un templo para el Drag\u00f3n Rojo. Un viaje acompa\u00f1ado de m\u00fasica, referencias inici\u00e1ticas y pr\u00e1cticas m\u00e1gicas que sin duda ser\u00e1 de inter\u00e9s tanto al lector com\u00fan como al pr\u00e1cticamente ocultista.<\/p>\n<p><em>Entre M\u00edsticos y Magos en Estocolmo<\/em> fue publicado originalmente en sueco en el 2012 y es el primer libro de una serie acerca de la historia y el desarrollo de Dragon Rouge y el viaje inici\u00e1tico de algunos de sus miembros.<\/p>\n<p>Thomas Karlsson, nacido en 1972, ha escrito varios libros sobre esoterismo y magia. Karlsson posee el grado de Ph.D. en Historia de las Religiones de la Universidad de Estocolmo y ha realizado una extensa investigaci\u00f3n\u00a0 sobre el m\u00edstico sueco Johannes Bureus y su kabbalah g\u00f3tica, y la alquimia runica. Thomas es tambi\u00e9n un vocalista invitado y reconocido letrista de diferentes bandas como Therion, Serpent Noir y Shadowseeds.<\/p>\n<p>Detalles:<\/p>\n<ul>\n<li>Traducci\u00f3n profesional<\/li>\n<li>Arte exclusivo para esta edici\u00f3n<\/li>\n<li>Material adicional\u00a0a la edici\u00f3n\u00a0original<\/li>\n<li>Tama\u00f1o 12.7cm x 18.4cm (bolsillo)<\/li>\n<li>P\u00e1ginas cosidas<\/li>\n<li>Solapas<\/li>\n<li>Papel marfile\u00f1o de m\u00e1xima calidad<\/li>\n<li>216 p\u00e1gs.<\/li>\n<li>Presentaci\u00f3n en tapa dura y r\u00fastica<\/li>\n<li>Ediciones numeradas (tapa dura) y limitadas<\/li>\n<\/ul>\n","protected":false},"excerpt":{"rendered":"<p>La orden sueca Dragon Rouge (Ordo Draconis et Atri Adamantis) fue fundada en la v\u00edspera de a\u00f1o nuevo en 1989 por Thomas Karlsson en conjunto con un grupo de ocultistas locales y el apoyo de otros de larga trayectoria. La orden, que se centra en la iniciaci\u00f3n draconiana en relaci\u00f3n a la q\u00e1balah qlif\u00f3tica, se [&hellip;]<\/p>\n","protected":false},"featured_media":6712,"comment_status":"closed","ping_status":"closed","template":"","meta":{"_joinchat":[]},"product_brand":[],"product_cat":[25],"product_tag":[],"class_list":{"0":"post-6327","1":"product","2":"type-product","3":"status-publish","4":"has-post-thumbnail","6":"product_cat-espanol","8":"first","9":"instock","10":"shipping-taxable","11":"purchasable","12":"product-type-variable"},"yoast_head":"<!-- This site is optimized with the Yoast SEO plugin v27.4 - https:\/\/yoast.com\/product\/yoast-seo-wordpress\/ -->\n<title>Editorial Manus Sinistra<\/title>\n<meta name=\"robots\" content=\"index, follow, max-snippet:-1, max-image-preview:large, max-video-preview:-1\" \/>\n<link rel=\"canonical\" href=\"https:\/\/manussinistra.com\/es\/producto\/entre-misticos-y-magos-en-estocolmo-thomas-karlsson\/\" \/>\n<meta property=\"og:locale\" content=\"es_ES\" \/>\n<meta property=\"og:type\" content=\"article\" \/>\n<meta property=\"og:url\" content=\"https:\/\/manussinistra.com\/es\/producto\/entre-misticos-y-magos-en-estocolmo-thomas-karlsson\/\" \/>\n<meta property=\"og:site_name\" content=\"Editorial Manus Sinistra\" \/>\n<meta property=\"article:modified_time\" content=\"2022-01-23T23:37:52+00:00\" \/>\n<meta property=\"og:image\" content=\"https:\/\/manussinistra.com\/es\/wp-content\/uploads\/2019\/10\/Entre-M\u00edsticos-y-Magos-en-Estocolmo-\u2013-Thomas-Karlsson.png\" \/>\n\t<meta property=\"og:image:width\" content=\"1000\" \/>\n\t<meta property=\"og:image:height\" content=\"750\" \/>\n\t<meta property=\"og:image:type\" content=\"image\/png\" \/>\n<meta name=\"twitter:card\" content=\"summary_large_image\" \/>\n<meta name=\"twitter:label1\" content=\"Tiempo de lectura\" \/>\n\t<meta name=\"twitter:data1\" content=\"2 minutos\" \/>\n<script type=\"application\/ld+json\" class=\"yoast-schema-graph\">{\"@context\":\"https:\\\/\\\/schema.org\",\"@graph\":[{\"@type\":\"WebPage\",\"@id\":\"https:\\\/\\\/manussinistra.com\\\/es\\\/producto\\\/entre-misticos-y-magos-en-estocolmo-thomas-karlsson\\\/\",\"url\":\"https:\\\/\\\/manussinistra.com\\\/es\\\/producto\\\/entre-misticos-y-magos-en-estocolmo-thomas-karlsson\\\/\",\"name\":\"Entre M\u00edsticos y Magos en Estocolmo \u2013 Thomas Karlsson - Editorial Manus Sinistra\",\"isPartOf\":{\"@id\":\"https:\\\/\\\/manussinistra.com\\\/es\\\/#website\"},\"primaryImageOfPage\":{\"@id\":\"https:\\\/\\\/manussinistra.com\\\/es\\\/producto\\\/entre-misticos-y-magos-en-estocolmo-thomas-karlsson\\\/#primaryimage\"},\"image\":{\"@id\":\"https:\\\/\\\/manussinistra.com\\\/es\\\/producto\\\/entre-misticos-y-magos-en-estocolmo-thomas-karlsson\\\/#primaryimage\"},\"thumbnailUrl\":\"https:\\\/\\\/manussinistra.com\\\/es\\\/wp-content\\\/uploads\\\/2019\\\/10\\\/Entre-M\u00edsticos-y-Magos-en-Estocolmo-\u2013-Thomas-Karlsson.png\",\"datePublished\":\"2019-10-28T22:17:41+00:00\",\"dateModified\":\"2022-01-23T23:37:52+00:00\",\"breadcrumb\":{\"@id\":\"https:\\\/\\\/manussinistra.com\\\/es\\\/producto\\\/entre-misticos-y-magos-en-estocolmo-thomas-karlsson\\\/#breadcrumb\"},\"inLanguage\":\"es\",\"potentialAction\":[{\"@type\":\"ReadAction\",\"target\":[\"https:\\\/\\\/manussinistra.com\\\/es\\\/producto\\\/entre-misticos-y-magos-en-estocolmo-thomas-karlsson\\\/\"]}]},{\"@type\":\"ImageObject\",\"inLanguage\":\"es\",\"@id\":\"https:\\\/\\\/manussinistra.com\\\/es\\\/producto\\\/entre-misticos-y-magos-en-estocolmo-thomas-karlsson\\\/#primaryimage\",\"url\":\"https:\\\/\\\/manussinistra.com\\\/es\\\/wp-content\\\/uploads\\\/2019\\\/10\\\/Entre-M\u00edsticos-y-Magos-en-Estocolmo-\u2013-Thomas-Karlsson.png\",\"contentUrl\":\"https:\\\/\\\/manussinistra.com\\\/es\\\/wp-content\\\/uploads\\\/2019\\\/10\\\/Entre-M\u00edsticos-y-Magos-en-Estocolmo-\u2013-Thomas-Karlsson.png\",\"width\":1000,\"height\":750,\"caption\":\"Entre M\u00edsticos y Magos en Estocolmo \u2013 Thomas Karlsson\"},{\"@type\":\"BreadcrumbList\",\"@id\":\"https:\\\/\\\/manussinistra.com\\\/es\\\/producto\\\/entre-misticos-y-magos-en-estocolmo-thomas-karlsson\\\/#breadcrumb\",\"itemListElement\":[{\"@type\":\"ListItem\",\"position\":1,\"name\":\"Portada\",\"item\":\"https:\\\/\\\/manussinistra.com\\\/es\\\/\"},{\"@type\":\"ListItem\",\"position\":2,\"name\":\"Tienda\",\"item\":\"https:\\\/\\\/manussinistra.com\\\/es\\\/tienda\\\/\"},{\"@type\":\"ListItem\",\"position\":3,\"name\":\"Entre M\u00edsticos y Magos en Estocolmo \u2013 Thomas Karlsson\"}]},{\"@type\":\"WebSite\",\"@id\":\"https:\\\/\\\/manussinistra.com\\\/es\\\/#website\",\"url\":\"https:\\\/\\\/manussinistra.com\\\/es\\\/\",\"name\":\"Editorial Manus Sinistra\",\"description\":\"Sendero de la Mano Izquierda, Satanismo y Magia(k) Contemporanea\",\"potentialAction\":[{\"@type\":\"SearchAction\",\"target\":{\"@type\":\"EntryPoint\",\"urlTemplate\":\"https:\\\/\\\/manussinistra.com\\\/es\\\/?s={search_term_string}\"},\"query-input\":{\"@type\":\"PropertyValueSpecification\",\"valueRequired\":true,\"valueName\":\"search_term_string\"}}],\"inLanguage\":\"es\"}]}<\/script>\n<!-- \/ Yoast SEO plugin. -->","yoast_head_json":{"title":"Editorial Manus Sinistra","robots":{"index":"index","follow":"follow","max-snippet":"max-snippet:-1","max-image-preview":"max-image-preview:large","max-video-preview":"max-video-preview:-1"},"canonical":"https:\/\/manussinistra.com\/es\/producto\/entre-misticos-y-magos-en-estocolmo-thomas-karlsson\/","og_locale":"es_ES","og_type":"article","og_url":"https:\/\/manussinistra.com\/es\/producto\/entre-misticos-y-magos-en-estocolmo-thomas-karlsson\/","og_site_name":"Editorial Manus Sinistra","article_modified_time":"2022-01-23T23:37:52+00:00","og_image":[{"width":1000,"height":750,"url":"https:\/\/manussinistra.com\/es\/wp-content\/uploads\/2019\/10\/Entre-M\u00edsticos-y-Magos-en-Estocolmo-\u2013-Thomas-Karlsson.png","type":"image\/png"}],"twitter_card":"summary_large_image","twitter_misc":{"Tiempo de lectura":"2 minutos"},"schema":{"@context":"https:\/\/schema.org","@graph":[{"@type":"WebPage","@id":"https:\/\/manussinistra.com\/es\/producto\/entre-misticos-y-magos-en-estocolmo-thomas-karlsson\/","url":"https:\/\/manussinistra.com\/es\/producto\/entre-misticos-y-magos-en-estocolmo-thomas-karlsson\/","name":"Entre M\u00edsticos y Magos en Estocolmo \u2013 Thomas Karlsson - Editorial Manus Sinistra","isPartOf":{"@id":"https:\/\/manussinistra.com\/es\/#website"},"primaryImageOfPage":{"@id":"https:\/\/manussinistra.com\/es\/producto\/entre-misticos-y-magos-en-estocolmo-thomas-karlsson\/#primaryimage"},"image":{"@id":"https:\/\/manussinistra.com\/es\/producto\/entre-misticos-y-magos-en-estocolmo-thomas-karlsson\/#primaryimage"},"thumbnailUrl":"https:\/\/manussinistra.com\/es\/wp-content\/uploads\/2019\/10\/Entre-M\u00edsticos-y-Magos-en-Estocolmo-\u2013-Thomas-Karlsson.png","datePublished":"2019-10-28T22:17:41+00:00","dateModified":"2022-01-23T23:37:52+00:00","breadcrumb":{"@id":"https:\/\/manussinistra.com\/es\/producto\/entre-misticos-y-magos-en-estocolmo-thomas-karlsson\/#breadcrumb"},"inLanguage":"es","potentialAction":[{"@type":"ReadAction","target":["https:\/\/manussinistra.com\/es\/producto\/entre-misticos-y-magos-en-estocolmo-thomas-karlsson\/"]}]},{"@type":"ImageObject","inLanguage":"es","@id":"https:\/\/manussinistra.com\/es\/producto\/entre-misticos-y-magos-en-estocolmo-thomas-karlsson\/#primaryimage","url":"https:\/\/manussinistra.com\/es\/wp-content\/uploads\/2019\/10\/Entre-M\u00edsticos-y-Magos-en-Estocolmo-\u2013-Thomas-Karlsson.png","contentUrl":"https:\/\/manussinistra.com\/es\/wp-content\/uploads\/2019\/10\/Entre-M\u00edsticos-y-Magos-en-Estocolmo-\u2013-Thomas-Karlsson.png","width":1000,"height":750,"caption":"Entre M\u00edsticos y Magos en Estocolmo \u2013 Thomas Karlsson"},{"@type":"BreadcrumbList","@id":"https:\/\/manussinistra.com\/es\/producto\/entre-misticos-y-magos-en-estocolmo-thomas-karlsson\/#breadcrumb","itemListElement":[{"@type":"ListItem","position":1,"name":"Portada","item":"https:\/\/manussinistra.com\/es\/"},{"@type":"ListItem","position":2,"name":"Tienda","item":"https:\/\/manussinistra.com\/es\/tienda\/"},{"@type":"ListItem","position":3,"name":"Entre M\u00edsticos y Magos en Estocolmo \u2013 Thomas Karlsson"}]},{"@type":"WebSite","@id":"https:\/\/manussinistra.com\/es\/#website","url":"https:\/\/manussinistra.com\/es\/","name":"Editorial Manus Sinistra","description":"Sendero de la Mano Izquierda, Satanismo y Magia(k) Contemporanea","potentialAction":[{"@type":"SearchAction","target":{"@type":"EntryPoint","urlTemplate":"https:\/\/manussinistra.com\/es\/?s={search_term_string}"},"query-input":{"@type":"PropertyValueSpecification","valueRequired":true,"valueName":"search_term_string"}}],"inLanguage":"es"}]}},"_links":{"self":[{"href":"https:\/\/manussinistra.com\/es\/wp-json\/wp\/v2\/product\/6327","targetHints":{"allow":["GET"]}}],"collection":[{"href":"https:\/\/manussinistra.com\/es\/wp-json\/wp\/v2\/product"}],"about":[{"href":"https:\/\/manussinistra.com\/es\/wp-json\/wp\/v2\/types\/product"}],"replies":[{"embeddable":true,"href":"https:\/\/manussinistra.com\/es\/wp-json\/wp\/v2\/comments?post=6327"}],"wp:featuredmedia":[{"embeddable":true,"href":"https:\/\/manussinistra.com\/es\/wp-json\/wp\/v2\/media\/6712"}],"wp:attachment":[{"href":"https:\/\/manussinistra.com\/es\/wp-json\/wp\/v2\/media?parent=6327"}],"wp:term":[{"taxonomy":"product_brand","embeddable":true,"href":"https:\/\/manussinistra.com\/es\/wp-json\/wp\/v2\/product_brand?post=6327"},{"taxonomy":"product_cat","embeddable":true,"href":"https:\/\/manussinistra.com\/es\/wp-json\/wp\/v2\/product_cat?post=6327"},{"taxonomy":"product_tag","embeddable":true,"href":"https:\/\/manussinistra.com\/es\/wp-json\/wp\/v2\/product_tag?post=6327"}],"curies":[{"name":"wp","href":"https:\/\/api.w.org\/{rel}","templated":true}]}}