{"id":6326,"date":"2019-10-28T22:15:14","date_gmt":"2019-10-28T22:15:14","guid":{"rendered":"https:\/\/manussinistra.com\/es\/test666_web_new\/?post_type=product&#038;p=6326"},"modified":"2025-03-21T09:05:57","modified_gmt":"2025-03-21T09:05:57","slug":"qabalah-qlifot-y-magia-goetica-thomas-karlsson","status":"publish","type":"product","link":"https:\/\/manussinistra.com\/es\/producto\/qabalah-qlifot-y-magia-goetica-thomas-karlsson\/","title":{"rendered":"Qabalah, Qliphot y Magia Go\u00e9tica \u2013 Thomas Karlsson"},"content":{"rendered":"","protected":false},"excerpt":{"rendered":"<p><em>Qabalah, Qliphot y Magia Go\u00e9tica <\/em>es una introducci\u00f3n pr\u00e1ctica y \u00fanica a la magia. El tema principal de este libro es la exploraci\u00f3n de las Ql\u00edfot y los misterios oscuros que durante mucho tiempo fueron una parte reprimida del esoterismo occidental. En vez de ignorar y negar el lado oscuro, el autor revela, paso a paso, la forma en que el hombre puede llegar a conocer a su Sombra y, mediante este proceso, alcanzar un conocimiento m\u00e1s profundo del Yo. A trav\u00e9s de la exploraci\u00f3n de la Sombra, en lugar de su represi\u00f3n, esta puede transformarse de una fuerza destructiva hac\u00eda un poder creativo.<\/p>\n<p>El libro trata con el problema del mal, el simbolismo detr\u00e1s de la ca\u00edda de Lucifer y el proceso de la creaci\u00f3n del hombre de acuerdo a la filosof\u00eda qabal\u00edstica.<\/p>\n<p>Las teor\u00edas que se presentan en este libro son tambi\u00e9n vinculadas con la pr\u00e1ctica. Algunos ejemplos de rituales, meditaciones, ejercicios m\u00e1gicos y correspondencias ocultas ser\u00e1n encontrados dentro de este tomo. <em>Qabalah, Qliphot y Magia Go\u00e9tica<\/em>\u00a0contiene m\u00e1s de un centenar de sigilos demon\u00edacos y piezas de arte que fueron creadas para este libro, el cual incluye, adem\u00e1s, una colecci\u00f3n \u00fanica de todos los sigilos de los grimorios cl\u00e1sicos como el <em>Lemeget\u00f3n: La Clav\u00edcula de Salom\u00f3n<\/em> y el infame <em>Grimorium Verum<\/em>.<\/p>\n<p>Thomas Karlsson estudi\u00f3 y pr\u00e1ctico las ciencias ocultas durante m\u00e1s de 20 a\u00f1os y es el fundador de la orden esot\u00e9rica Dragon Rouge. En la actualidad, posee el grado de Doctor en el campo de Historia de la Religi\u00f3n, adem\u00e1s de una Maestr\u00eda en Historia de las Ideas.<\/p>\n","protected":false},"featured_media":55637,"comment_status":"closed","ping_status":"closed","template":"","meta":{"_joinchat":[]},"product_brand":[],"product_cat":[25],"product_tag":[],"class_list":{"0":"post-6326","1":"product","2":"type-product","3":"status-publish","4":"has-post-thumbnail","6":"product_cat-espanol","8":"first","9":"onbackorder","10":"shipping-taxable","11":"purchasable","12":"product-type-variable","13":"has-default-attributes"},"yoast_head":"<!-- This site is optimized with the Yoast SEO plugin v27.4 - https:\/\/yoast.com\/product\/yoast-seo-wordpress\/ -->\n<title>Editorial Manus Sinistra<\/title>\n<meta name=\"robots\" content=\"index, follow, max-snippet:-1, max-image-preview:large, max-video-preview:-1\" \/>\n<link rel=\"canonical\" href=\"https:\/\/manussinistra.com\/es\/producto\/qabalah-qlifot-y-magia-goetica-thomas-karlsson\/\" \/>\n<meta property=\"og:locale\" content=\"es_ES\" \/>\n<meta property=\"og:type\" content=\"article\" \/>\n<meta property=\"og:url\" content=\"https:\/\/manussinistra.com\/es\/producto\/qabalah-qlifot-y-magia-goetica-thomas-karlsson\/\" \/>\n<meta property=\"og:site_name\" content=\"Editorial Manus Sinistra\" \/>\n<meta property=\"article:modified_time\" content=\"2025-03-21T09:05:57+00:00\" \/>\n<meta property=\"og:image\" content=\"https:\/\/manussinistra.com\/es\/wp-content\/uploads\/2019\/10\/Qabalah-blanda-scaled.jpg\" \/>\n\t<meta property=\"og:image:width\" content=\"2560\" \/>\n\t<meta property=\"og:image:height\" content=\"1809\" \/>\n\t<meta property=\"og:image:type\" content=\"image\/jpeg\" \/>\n<meta name=\"twitter:card\" content=\"summary_large_image\" \/>\n<meta name=\"twitter:label1\" content=\"Tiempo de lectura\" \/>\n\t<meta name=\"twitter:data1\" content=\"1 minuto\" \/>\n<script type=\"application\/ld+json\" class=\"yoast-schema-graph\">{\"@context\":\"https:\\\/\\\/schema.org\",\"@graph\":[{\"@type\":\"WebPage\",\"@id\":\"https:\\\/\\\/manussinistra.com\\\/es\\\/producto\\\/qabalah-qlifot-y-magia-goetica-thomas-karlsson\\\/\",\"url\":\"https:\\\/\\\/manussinistra.com\\\/es\\\/producto\\\/qabalah-qlifot-y-magia-goetica-thomas-karlsson\\\/\",\"name\":\"Qabalah, Qliphot y Magia Go\u00e9tica \u2013 Thomas Karlsson - Editorial Manus Sinistra\",\"isPartOf\":{\"@id\":\"https:\\\/\\\/manussinistra.com\\\/es\\\/#website\"},\"primaryImageOfPage\":{\"@id\":\"https:\\\/\\\/manussinistra.com\\\/es\\\/producto\\\/qabalah-qlifot-y-magia-goetica-thomas-karlsson\\\/#primaryimage\"},\"image\":{\"@id\":\"https:\\\/\\\/manussinistra.com\\\/es\\\/producto\\\/qabalah-qlifot-y-magia-goetica-thomas-karlsson\\\/#primaryimage\"},\"thumbnailUrl\":\"https:\\\/\\\/manussinistra.com\\\/es\\\/wp-content\\\/uploads\\\/2019\\\/10\\\/Qabalah-blanda-scaled.jpg\",\"datePublished\":\"2019-10-28T22:15:14+00:00\",\"dateModified\":\"2025-03-21T09:05:57+00:00\",\"breadcrumb\":{\"@id\":\"https:\\\/\\\/manussinistra.com\\\/es\\\/producto\\\/qabalah-qlifot-y-magia-goetica-thomas-karlsson\\\/#breadcrumb\"},\"inLanguage\":\"es\",\"potentialAction\":[{\"@type\":\"ReadAction\",\"target\":[\"https:\\\/\\\/manussinistra.com\\\/es\\\/producto\\\/qabalah-qlifot-y-magia-goetica-thomas-karlsson\\\/\"]}]},{\"@type\":\"ImageObject\",\"inLanguage\":\"es\",\"@id\":\"https:\\\/\\\/manussinistra.com\\\/es\\\/producto\\\/qabalah-qlifot-y-magia-goetica-thomas-karlsson\\\/#primaryimage\",\"url\":\"https:\\\/\\\/manussinistra.com\\\/es\\\/wp-content\\\/uploads\\\/2019\\\/10\\\/Qabalah-blanda-scaled.jpg\",\"contentUrl\":\"https:\\\/\\\/manussinistra.com\\\/es\\\/wp-content\\\/uploads\\\/2019\\\/10\\\/Qabalah-blanda-scaled.jpg\",\"width\":2560,\"height\":1809},{\"@type\":\"BreadcrumbList\",\"@id\":\"https:\\\/\\\/manussinistra.com\\\/es\\\/producto\\\/qabalah-qlifot-y-magia-goetica-thomas-karlsson\\\/#breadcrumb\",\"itemListElement\":[{\"@type\":\"ListItem\",\"position\":1,\"name\":\"Portada\",\"item\":\"https:\\\/\\\/manussinistra.com\\\/es\\\/\"},{\"@type\":\"ListItem\",\"position\":2,\"name\":\"Tienda\",\"item\":\"https:\\\/\\\/manussinistra.com\\\/es\\\/tienda\\\/\"},{\"@type\":\"ListItem\",\"position\":3,\"name\":\"Qabalah, Qliphot y Magia Go\u00e9tica \u2013 Thomas Karlsson\"}]},{\"@type\":\"WebSite\",\"@id\":\"https:\\\/\\\/manussinistra.com\\\/es\\\/#website\",\"url\":\"https:\\\/\\\/manussinistra.com\\\/es\\\/\",\"name\":\"Editorial Manus Sinistra\",\"description\":\"Sendero de la Mano Izquierda, Satanismo y Magia(k) Contemporanea\",\"potentialAction\":[{\"@type\":\"SearchAction\",\"target\":{\"@type\":\"EntryPoint\",\"urlTemplate\":\"https:\\\/\\\/manussinistra.com\\\/es\\\/?s={search_term_string}\"},\"query-input\":{\"@type\":\"PropertyValueSpecification\",\"valueRequired\":true,\"valueName\":\"search_term_string\"}}],\"inLanguage\":\"es\"}]}<\/script>\n<!-- \/ Yoast SEO plugin. -->","yoast_head_json":{"title":"Editorial Manus Sinistra","robots":{"index":"index","follow":"follow","max-snippet":"max-snippet:-1","max-image-preview":"max-image-preview:large","max-video-preview":"max-video-preview:-1"},"canonical":"https:\/\/manussinistra.com\/es\/producto\/qabalah-qlifot-y-magia-goetica-thomas-karlsson\/","og_locale":"es_ES","og_type":"article","og_url":"https:\/\/manussinistra.com\/es\/producto\/qabalah-qlifot-y-magia-goetica-thomas-karlsson\/","og_site_name":"Editorial Manus Sinistra","article_modified_time":"2025-03-21T09:05:57+00:00","og_image":[{"width":2560,"height":1809,"url":"https:\/\/manussinistra.com\/es\/wp-content\/uploads\/2019\/10\/Qabalah-blanda-scaled.jpg","type":"image\/jpeg"}],"twitter_card":"summary_large_image","twitter_misc":{"Tiempo de lectura":"1 minuto"},"schema":{"@context":"https:\/\/schema.org","@graph":[{"@type":"WebPage","@id":"https:\/\/manussinistra.com\/es\/producto\/qabalah-qlifot-y-magia-goetica-thomas-karlsson\/","url":"https:\/\/manussinistra.com\/es\/producto\/qabalah-qlifot-y-magia-goetica-thomas-karlsson\/","name":"Qabalah, Qliphot y Magia Go\u00e9tica \u2013 Thomas Karlsson - Editorial Manus Sinistra","isPartOf":{"@id":"https:\/\/manussinistra.com\/es\/#website"},"primaryImageOfPage":{"@id":"https:\/\/manussinistra.com\/es\/producto\/qabalah-qlifot-y-magia-goetica-thomas-karlsson\/#primaryimage"},"image":{"@id":"https:\/\/manussinistra.com\/es\/producto\/qabalah-qlifot-y-magia-goetica-thomas-karlsson\/#primaryimage"},"thumbnailUrl":"https:\/\/manussinistra.com\/es\/wp-content\/uploads\/2019\/10\/Qabalah-blanda-scaled.jpg","datePublished":"2019-10-28T22:15:14+00:00","dateModified":"2025-03-21T09:05:57+00:00","breadcrumb":{"@id":"https:\/\/manussinistra.com\/es\/producto\/qabalah-qlifot-y-magia-goetica-thomas-karlsson\/#breadcrumb"},"inLanguage":"es","potentialAction":[{"@type":"ReadAction","target":["https:\/\/manussinistra.com\/es\/producto\/qabalah-qlifot-y-magia-goetica-thomas-karlsson\/"]}]},{"@type":"ImageObject","inLanguage":"es","@id":"https:\/\/manussinistra.com\/es\/producto\/qabalah-qlifot-y-magia-goetica-thomas-karlsson\/#primaryimage","url":"https:\/\/manussinistra.com\/es\/wp-content\/uploads\/2019\/10\/Qabalah-blanda-scaled.jpg","contentUrl":"https:\/\/manussinistra.com\/es\/wp-content\/uploads\/2019\/10\/Qabalah-blanda-scaled.jpg","width":2560,"height":1809},{"@type":"BreadcrumbList","@id":"https:\/\/manussinistra.com\/es\/producto\/qabalah-qlifot-y-magia-goetica-thomas-karlsson\/#breadcrumb","itemListElement":[{"@type":"ListItem","position":1,"name":"Portada","item":"https:\/\/manussinistra.com\/es\/"},{"@type":"ListItem","position":2,"name":"Tienda","item":"https:\/\/manussinistra.com\/es\/tienda\/"},{"@type":"ListItem","position":3,"name":"Qabalah, Qliphot y Magia Go\u00e9tica \u2013 Thomas Karlsson"}]},{"@type":"WebSite","@id":"https:\/\/manussinistra.com\/es\/#website","url":"https:\/\/manussinistra.com\/es\/","name":"Editorial Manus Sinistra","description":"Sendero de la Mano Izquierda, Satanismo y Magia(k) Contemporanea","potentialAction":[{"@type":"SearchAction","target":{"@type":"EntryPoint","urlTemplate":"https:\/\/manussinistra.com\/es\/?s={search_term_string}"},"query-input":{"@type":"PropertyValueSpecification","valueRequired":true,"valueName":"search_term_string"}}],"inLanguage":"es"}]}},"_links":{"self":[{"href":"https:\/\/manussinistra.com\/es\/wp-json\/wp\/v2\/product\/6326","targetHints":{"allow":["GET"]}}],"collection":[{"href":"https:\/\/manussinistra.com\/es\/wp-json\/wp\/v2\/product"}],"about":[{"href":"https:\/\/manussinistra.com\/es\/wp-json\/wp\/v2\/types\/product"}],"replies":[{"embeddable":true,"href":"https:\/\/manussinistra.com\/es\/wp-json\/wp\/v2\/comments?post=6326"}],"wp:featuredmedia":[{"embeddable":true,"href":"https:\/\/manussinistra.com\/es\/wp-json\/wp\/v2\/media\/55637"}],"wp:attachment":[{"href":"https:\/\/manussinistra.com\/es\/wp-json\/wp\/v2\/media?parent=6326"}],"wp:term":[{"taxonomy":"product_brand","embeddable":true,"href":"https:\/\/manussinistra.com\/es\/wp-json\/wp\/v2\/product_brand?post=6326"},{"taxonomy":"product_cat","embeddable":true,"href":"https:\/\/manussinistra.com\/es\/wp-json\/wp\/v2\/product_cat?post=6326"},{"taxonomy":"product_tag","embeddable":true,"href":"https:\/\/manussinistra.com\/es\/wp-json\/wp\/v2\/product_tag?post=6326"}],"curies":[{"name":"wp","href":"https:\/\/api.w.org\/{rel}","templated":true}]}}