{"id":6321,"date":"2019-10-28T21:16:43","date_gmt":"2019-10-28T21:16:43","guid":{"rendered":"https:\/\/manussinistra.com\/es\/test666_web_new\/?post_type=product&#038;p=6321"},"modified":"2024-08-26T07:05:48","modified_gmt":"2024-08-26T07:05:48","slug":"la-biblia-del-adversario-michael-w-ford","status":"publish","type":"product","link":"https:\/\/manussinistra.com\/es\/producto\/la-biblia-del-adversario-michael-w-ford\/","title":{"rendered":"La Biblia del Adversario \u2013 Michael W. Ford"},"content":{"rendered":"","protected":false},"excerpt":{"rendered":"<p>La Biblia del Adversario: La Gu\u00eda Definitiva del Luciferianismo y el Sendero de la Mano Izquierda &#8211; <span class=\"xv78j7m\" spellcheck=\"false\">Michael W. Ford<\/span><\/p>\n<p>Tras 10 a\u00f1os de la primera publicaci\u00f3n al espa\u00f1ol, en el 2014, y por la enorme demanda tras haberse agotado hace mucho y el impacto de las ense\u00f1anzas en la vida de los practicantes, decidimos lanzar esta nueva edici\u00f3n corregida y profusamente aumentada, elevando la calidad del trabajo m\u00e1s all\u00e1 de lo que inicialmente fue pensado.<\/p>\n<p>Esta edici\u00f3n contiene en su cuidada traducci\u00f3n profesional, material extra de la nueva edici\u00f3n en ingl\u00e9s por sus 10 a\u00f1os, material de la Iglesia Mayor de Lucifer (autoiniciaci\u00f3n y Ceremonia de Iluminaci\u00f3n) y los siguientes libros del autor como contenido interno:<\/p>\n<p>&#8211; <em>Sabidur\u00eda de E\u00f3sforo<\/em><br \/>\n&#8211; <em>Apoteosis<\/em><br \/>\n&#8211; <em>Comenzando con la Magia Luciferina<\/em><\/p>\n<p>+ de 600 p\u00e1ginas, a diferencia de la primera edici\u00f3n de 286 p\u00e1ginas.<\/p>\n<p>Ediciones en tapa blanda, tapa dura (limitada a 200 ejemplares), y edici\u00f3n de lujo en cuero a pedido (limitada a 15 ejemplares).<\/p>\n<hr \/>\n<p><em>La Biblia del Adversario<\/em> es la base ideol\u00f3gica fundacional y ceremonial del luciferianismo. Lucifer, en este contexto, simboliza la convergencia de las polaridades, la Luz y la Oscuridad, mientras que su doctrina se manifiesta como la expresi\u00f3n del conocimiento alcanzado a trav\u00e9s de la identificaci\u00f3n de sus principios y cualidades mediante el trabajo introspectivo y ritual. El Adversario, siendo una extensi\u00f3n clave de este proceso y otro nombre entre muchos que se le atribuyen a Lucifer, es la uni\u00f3n de Samael y Lilith, dando origen al nuevo ser o iniciado, personificado en Ca\u00edn, seg\u00fan las tradiciones m\u00e1gicas oscuras.<\/p>\n<p><em>La Biblia del Adversario<\/em> se estructura en diversos cap\u00edtulos que exploran la Filosof\u00eda Luciferina desde lo m\u00e1s elemental hasta aspectos m\u00e1s avanzados. Este compendio incluye invocaciones, aforismos, poes\u00eda y ensayos, inicialmente recopilados en 2007 y ampliados en 2017, alcanzando su plenitud en esta nueva edici\u00f3n que incorpora material adicional, como los libros del autor: \u2018Sabidur\u00eda de E\u00f3sforo\u2019, \u2018Comenzando Con la Magia Luciferina\u2019 y \u2018Apoteosis\u2019. Asimismo, la obra se enriquece con contribuciones de la Iglesia Mayor de Lucifer y una gu\u00eda para la autoiniciaci\u00f3n en la Corriente Luciferina mediante la Ceremonia de Autoiluminaci\u00f3n. Se han a\u00f1adido rituales de apertura y avanzados que complementan la obra como un conjunto tanto pr\u00e1ctico como filos\u00f3fico.<\/p>\n<p>Este trabajo act\u00faa como el umbral hacia otras obras del autor, alcanzando su m\u00e1xima expresi\u00f3n en esta edici\u00f3n definitiva. La inclusi\u00f3n de arte original y nuevas creaciones complementan este cl\u00e1sico moderno.<\/p>\n<hr \/>\n<p>ADVERTENCIA: <em>Nuestras obras son hechas con cari\u00f1o y celo, ninguna otra \u201cedici\u00f3n\u201d hecha aparte puede ser igual, pues tan solo el arte de la traducci\u00f3n es \u00fanico de traductor en traductor, y las ediciones que hacemos en Manus Sinistra distan mucho de las paup\u00e9rrimas copias que otra gente quiere vender o piratear y que mejor har\u00edas t\u00fa mismo con el traductor online. Tampoco podr\u00e1s encontrar el material extra que utilizamos ni las consultas directas con el autor. Si quieres ver calidad y aprecias tu propio trabajo y el de los autores, apoya a las empresas peque\u00f1as emergentes y serias, no te estafes a ti mismo.<\/em><\/p>\n","protected":false},"featured_media":57259,"comment_status":"closed","ping_status":"closed","template":"","meta":{"_joinchat":[]},"product_brand":[],"product_cat":[25],"product_tag":[],"class_list":{"0":"post-6321","1":"product","2":"type-product","3":"status-publish","4":"has-post-thumbnail","6":"product_cat-espanol","8":"first","9":"instock","10":"shipping-taxable","11":"purchasable","12":"product-type-variable","13":"has-default-attributes"},"yoast_head":"<!-- This site is optimized with the Yoast SEO plugin v27.4 - https:\/\/yoast.com\/product\/yoast-seo-wordpress\/ -->\n<title>Editorial Manus Sinistra<\/title>\n<meta name=\"robots\" content=\"index, follow, max-snippet:-1, max-image-preview:large, max-video-preview:-1\" \/>\n<link rel=\"canonical\" href=\"https:\/\/manussinistra.com\/es\/producto\/la-biblia-del-adversario-michael-w-ford\/\" \/>\n<meta property=\"og:locale\" content=\"es_ES\" \/>\n<meta property=\"og:type\" content=\"article\" \/>\n<meta property=\"og:url\" content=\"https:\/\/manussinistra.com\/es\/producto\/la-biblia-del-adversario-michael-w-ford\/\" \/>\n<meta property=\"og:site_name\" content=\"Editorial Manus Sinistra\" \/>\n<meta property=\"article:modified_time\" content=\"2024-08-26T07:05:48+00:00\" \/>\n<meta property=\"og:image\" content=\"https:\/\/manussinistra.com\/es\/wp-content\/uploads\/2019\/10\/378596098_355848183433683_1351435524539656147_n.jpg\" \/>\n\t<meta property=\"og:image:width\" content=\"1440\" \/>\n\t<meta property=\"og:image:height\" content=\"1663\" \/>\n\t<meta property=\"og:image:type\" content=\"image\/jpeg\" \/>\n<meta name=\"twitter:card\" content=\"summary_large_image\" \/>\n<meta name=\"twitter:label1\" content=\"Tiempo de lectura\" \/>\n\t<meta name=\"twitter:data1\" content=\"1 minuto\" \/>\n<script type=\"application\/ld+json\" class=\"yoast-schema-graph\">{\"@context\":\"https:\\\/\\\/schema.org\",\"@graph\":[{\"@type\":\"WebPage\",\"@id\":\"https:\\\/\\\/manussinistra.com\\\/es\\\/producto\\\/la-biblia-del-adversario-michael-w-ford\\\/\",\"url\":\"https:\\\/\\\/manussinistra.com\\\/es\\\/producto\\\/la-biblia-del-adversario-michael-w-ford\\\/\",\"name\":\"La Biblia del Adversario \u2013 Michael W. Ford - Editorial Manus Sinistra\",\"isPartOf\":{\"@id\":\"https:\\\/\\\/manussinistra.com\\\/es\\\/#website\"},\"primaryImageOfPage\":{\"@id\":\"https:\\\/\\\/manussinistra.com\\\/es\\\/producto\\\/la-biblia-del-adversario-michael-w-ford\\\/#primaryimage\"},\"image\":{\"@id\":\"https:\\\/\\\/manussinistra.com\\\/es\\\/producto\\\/la-biblia-del-adversario-michael-w-ford\\\/#primaryimage\"},\"thumbnailUrl\":\"https:\\\/\\\/manussinistra.com\\\/es\\\/wp-content\\\/uploads\\\/2019\\\/10\\\/378596098_355848183433683_1351435524539656147_n.jpg\",\"datePublished\":\"2019-10-28T21:16:43+00:00\",\"dateModified\":\"2024-08-26T07:05:48+00:00\",\"breadcrumb\":{\"@id\":\"https:\\\/\\\/manussinistra.com\\\/es\\\/producto\\\/la-biblia-del-adversario-michael-w-ford\\\/#breadcrumb\"},\"inLanguage\":\"es\",\"potentialAction\":[{\"@type\":\"ReadAction\",\"target\":[\"https:\\\/\\\/manussinistra.com\\\/es\\\/producto\\\/la-biblia-del-adversario-michael-w-ford\\\/\"]}]},{\"@type\":\"ImageObject\",\"inLanguage\":\"es\",\"@id\":\"https:\\\/\\\/manussinistra.com\\\/es\\\/producto\\\/la-biblia-del-adversario-michael-w-ford\\\/#primaryimage\",\"url\":\"https:\\\/\\\/manussinistra.com\\\/es\\\/wp-content\\\/uploads\\\/2019\\\/10\\\/378596098_355848183433683_1351435524539656147_n.jpg\",\"contentUrl\":\"https:\\\/\\\/manussinistra.com\\\/es\\\/wp-content\\\/uploads\\\/2019\\\/10\\\/378596098_355848183433683_1351435524539656147_n.jpg\",\"width\":1440,\"height\":1663},{\"@type\":\"BreadcrumbList\",\"@id\":\"https:\\\/\\\/manussinistra.com\\\/es\\\/producto\\\/la-biblia-del-adversario-michael-w-ford\\\/#breadcrumb\",\"itemListElement\":[{\"@type\":\"ListItem\",\"position\":1,\"name\":\"Portada\",\"item\":\"https:\\\/\\\/manussinistra.com\\\/es\\\/\"},{\"@type\":\"ListItem\",\"position\":2,\"name\":\"Tienda\",\"item\":\"https:\\\/\\\/manussinistra.com\\\/es\\\/tienda\\\/\"},{\"@type\":\"ListItem\",\"position\":3,\"name\":\"La Biblia del Adversario \u2013 Michael W. Ford\"}]},{\"@type\":\"WebSite\",\"@id\":\"https:\\\/\\\/manussinistra.com\\\/es\\\/#website\",\"url\":\"https:\\\/\\\/manussinistra.com\\\/es\\\/\",\"name\":\"Editorial Manus Sinistra\",\"description\":\"Sendero de la Mano Izquierda, Satanismo y Magia(k) Contemporanea\",\"potentialAction\":[{\"@type\":\"SearchAction\",\"target\":{\"@type\":\"EntryPoint\",\"urlTemplate\":\"https:\\\/\\\/manussinistra.com\\\/es\\\/?s={search_term_string}\"},\"query-input\":{\"@type\":\"PropertyValueSpecification\",\"valueRequired\":true,\"valueName\":\"search_term_string\"}}],\"inLanguage\":\"es\"}]}<\/script>\n<!-- \/ Yoast SEO plugin. -->","yoast_head_json":{"title":"Editorial Manus Sinistra","robots":{"index":"index","follow":"follow","max-snippet":"max-snippet:-1","max-image-preview":"max-image-preview:large","max-video-preview":"max-video-preview:-1"},"canonical":"https:\/\/manussinistra.com\/es\/producto\/la-biblia-del-adversario-michael-w-ford\/","og_locale":"es_ES","og_type":"article","og_url":"https:\/\/manussinistra.com\/es\/producto\/la-biblia-del-adversario-michael-w-ford\/","og_site_name":"Editorial Manus Sinistra","article_modified_time":"2024-08-26T07:05:48+00:00","og_image":[{"width":1440,"height":1663,"url":"https:\/\/manussinistra.com\/es\/wp-content\/uploads\/2019\/10\/378596098_355848183433683_1351435524539656147_n.jpg","type":"image\/jpeg"}],"twitter_card":"summary_large_image","twitter_misc":{"Tiempo de lectura":"1 minuto"},"schema":{"@context":"https:\/\/schema.org","@graph":[{"@type":"WebPage","@id":"https:\/\/manussinistra.com\/es\/producto\/la-biblia-del-adversario-michael-w-ford\/","url":"https:\/\/manussinistra.com\/es\/producto\/la-biblia-del-adversario-michael-w-ford\/","name":"La Biblia del Adversario \u2013 Michael W. Ford - Editorial Manus Sinistra","isPartOf":{"@id":"https:\/\/manussinistra.com\/es\/#website"},"primaryImageOfPage":{"@id":"https:\/\/manussinistra.com\/es\/producto\/la-biblia-del-adversario-michael-w-ford\/#primaryimage"},"image":{"@id":"https:\/\/manussinistra.com\/es\/producto\/la-biblia-del-adversario-michael-w-ford\/#primaryimage"},"thumbnailUrl":"https:\/\/manussinistra.com\/es\/wp-content\/uploads\/2019\/10\/378596098_355848183433683_1351435524539656147_n.jpg","datePublished":"2019-10-28T21:16:43+00:00","dateModified":"2024-08-26T07:05:48+00:00","breadcrumb":{"@id":"https:\/\/manussinistra.com\/es\/producto\/la-biblia-del-adversario-michael-w-ford\/#breadcrumb"},"inLanguage":"es","potentialAction":[{"@type":"ReadAction","target":["https:\/\/manussinistra.com\/es\/producto\/la-biblia-del-adversario-michael-w-ford\/"]}]},{"@type":"ImageObject","inLanguage":"es","@id":"https:\/\/manussinistra.com\/es\/producto\/la-biblia-del-adversario-michael-w-ford\/#primaryimage","url":"https:\/\/manussinistra.com\/es\/wp-content\/uploads\/2019\/10\/378596098_355848183433683_1351435524539656147_n.jpg","contentUrl":"https:\/\/manussinistra.com\/es\/wp-content\/uploads\/2019\/10\/378596098_355848183433683_1351435524539656147_n.jpg","width":1440,"height":1663},{"@type":"BreadcrumbList","@id":"https:\/\/manussinistra.com\/es\/producto\/la-biblia-del-adversario-michael-w-ford\/#breadcrumb","itemListElement":[{"@type":"ListItem","position":1,"name":"Portada","item":"https:\/\/manussinistra.com\/es\/"},{"@type":"ListItem","position":2,"name":"Tienda","item":"https:\/\/manussinistra.com\/es\/tienda\/"},{"@type":"ListItem","position":3,"name":"La Biblia del Adversario \u2013 Michael W. Ford"}]},{"@type":"WebSite","@id":"https:\/\/manussinistra.com\/es\/#website","url":"https:\/\/manussinistra.com\/es\/","name":"Editorial Manus Sinistra","description":"Sendero de la Mano Izquierda, Satanismo y Magia(k) Contemporanea","potentialAction":[{"@type":"SearchAction","target":{"@type":"EntryPoint","urlTemplate":"https:\/\/manussinistra.com\/es\/?s={search_term_string}"},"query-input":{"@type":"PropertyValueSpecification","valueRequired":true,"valueName":"search_term_string"}}],"inLanguage":"es"}]}},"_links":{"self":[{"href":"https:\/\/manussinistra.com\/es\/wp-json\/wp\/v2\/product\/6321","targetHints":{"allow":["GET"]}}],"collection":[{"href":"https:\/\/manussinistra.com\/es\/wp-json\/wp\/v2\/product"}],"about":[{"href":"https:\/\/manussinistra.com\/es\/wp-json\/wp\/v2\/types\/product"}],"replies":[{"embeddable":true,"href":"https:\/\/manussinistra.com\/es\/wp-json\/wp\/v2\/comments?post=6321"}],"wp:featuredmedia":[{"embeddable":true,"href":"https:\/\/manussinistra.com\/es\/wp-json\/wp\/v2\/media\/57259"}],"wp:attachment":[{"href":"https:\/\/manussinistra.com\/es\/wp-json\/wp\/v2\/media?parent=6321"}],"wp:term":[{"taxonomy":"product_brand","embeddable":true,"href":"https:\/\/manussinistra.com\/es\/wp-json\/wp\/v2\/product_brand?post=6321"},{"taxonomy":"product_cat","embeddable":true,"href":"https:\/\/manussinistra.com\/es\/wp-json\/wp\/v2\/product_cat?post=6321"},{"taxonomy":"product_tag","embeddable":true,"href":"https:\/\/manussinistra.com\/es\/wp-json\/wp\/v2\/product_tag?post=6321"}],"curies":[{"name":"wp","href":"https:\/\/api.w.org\/{rel}","templated":true}]}}