{"id":61779,"date":"2024-11-29T03:20:09","date_gmt":"2024-11-29T03:20:09","guid":{"rendered":"https:\/\/manussinistra.com\/es\/?post_type=product&#038;p=61779"},"modified":"2025-02-03T21:11:19","modified_gmt":"2025-02-03T21:11:19","slug":"angeles-caidos-michael-w-ford","status":"publish","type":"product","link":"https:\/\/manussinistra.com\/es\/producto\/angeles-caidos-michael-w-ford\/","title":{"rendered":"\u00c1ngeles Ca\u00eddos: Los Vigilantes y el Aquelarre  \u2013 Michael W. Ford"},"content":{"rendered":"","protected":false},"excerpt":{"rendered":"<p>Magia Luciferina Ang\u00e9lica y Demon\u00edaca\u2026 La Tradici\u00f3n de la Brujer\u00eda Luciferina contiene un ciclo de ceremonias inici\u00e1ticas donde el Aspirante aplica una filosof\u00eda y pr\u00e1cticas exigentes que abren caminos hacia el conocimiento y la comprensi\u00f3n. Este libro explora la historia, leyendas y estudios acad\u00e9micos sobre los nombres de los \u00c1ngeles Ca\u00eddos o Vigilantes del \ud835\udc73\ud835\udc8a\ud835\udc83\ud835\udc93\ud835\udc90 \ud835\udc85\ud835\udc86 \ud835\udc6c\ud835\udc8f\ud835\udc90\ud835\udc84, profundizando en el simbolismo asociado con este culto sombr\u00edo de \u00c1ngeles. Aqu\u00ed se presentan las ceremonias luciferinas de invocaci\u00f3n y uso de este conocimiento para tu propia Apoteosis y un enfoque equilibrado de la Magia.<\/p>\n<p>Los oscuros ritos del Aquelarre y el Sendero de Ca\u00edn como Bafomet se presentan con claves para el Viaje On\u00edrico hacia la Reuni\u00f3n de los Esp\u00edritus. Este grimorio explora el simbolismo y significado del Sendero de la Mano Izquierda, ofreciendo pr\u00e1cticas como sellos, m\u00e9todos e invocaci\u00f3n de los Vigilantes y los rituales oscuros de los Nefilim.Tambi\u00e9n se incluyen t\u00e9cnicas relacionadas con los planetas, los ciclos lunares y las pr\u00e1cticas de la Brujer\u00eda Luciferina. Se explora el conocimiento y simbolismo del Dios Astado, Bafomet, el Adversario, Ca\u00edn, Lilith y H\u00e9cate, junto con los Ritos del Aquelarre.<\/p>\n<p>Bellamente ilustrado por Mitchell Nolte, quien retrata a los Vigilantes seg\u00fan sus oficios de poder y presenta nuevos y llamativos sellos de los Vigilantes.<\/p>\n","protected":false},"featured_media":61783,"comment_status":"closed","ping_status":"closed","template":"","meta":{"_joinchat":[]},"product_brand":[],"product_cat":[25],"product_tag":[],"class_list":{"0":"post-61779","1":"product","2":"type-product","3":"status-publish","4":"has-post-thumbnail","6":"product_cat-espanol","8":"first","9":"instock","10":"shipping-taxable","11":"purchasable","12":"product-type-variable","13":"has-default-attributes"},"yoast_head":"<!-- This site is optimized with the Yoast SEO plugin v27.4 - https:\/\/yoast.com\/product\/yoast-seo-wordpress\/ -->\n<title>Editorial Manus Sinistra<\/title>\n<meta name=\"robots\" content=\"index, follow, max-snippet:-1, max-image-preview:large, max-video-preview:-1\" \/>\n<link rel=\"canonical\" href=\"https:\/\/manussinistra.com\/es\/producto\/angeles-caidos-michael-w-ford\/\" \/>\n<meta property=\"og:locale\" content=\"es_ES\" \/>\n<meta property=\"og:type\" content=\"article\" \/>\n<meta property=\"og:url\" content=\"https:\/\/manussinistra.com\/es\/producto\/angeles-caidos-michael-w-ford\/\" \/>\n<meta property=\"og:site_name\" content=\"Editorial Manus Sinistra\" \/>\n<meta property=\"article:modified_time\" content=\"2025-02-03T21:11:19+00:00\" \/>\n<meta property=\"og:image\" content=\"https:\/\/manussinistra.com\/es\/wp-content\/uploads\/2024\/11\/Libro-Angeles-scaled.jpg\" \/>\n\t<meta property=\"og:image:width\" content=\"2560\" \/>\n\t<meta property=\"og:image:height\" content=\"1797\" \/>\n\t<meta property=\"og:image:type\" content=\"image\/jpeg\" \/>\n<meta name=\"twitter:card\" content=\"summary_large_image\" \/>\n<meta name=\"twitter:label1\" content=\"Tiempo de lectura\" \/>\n\t<meta name=\"twitter:data1\" content=\"1 minuto\" \/>\n<script type=\"application\/ld+json\" class=\"yoast-schema-graph\">{\"@context\":\"https:\\\/\\\/schema.org\",\"@graph\":[{\"@type\":\"WebPage\",\"@id\":\"https:\\\/\\\/manussinistra.com\\\/es\\\/producto\\\/angeles-caidos-michael-w-ford\\\/\",\"url\":\"https:\\\/\\\/manussinistra.com\\\/es\\\/producto\\\/angeles-caidos-michael-w-ford\\\/\",\"name\":\"\u00c1ngeles Ca\u00eddos: Los Vigilantes y el Aquelarre \u2013 Michael W. Ford - Editorial Manus Sinistra\",\"isPartOf\":{\"@id\":\"https:\\\/\\\/manussinistra.com\\\/es\\\/#website\"},\"primaryImageOfPage\":{\"@id\":\"https:\\\/\\\/manussinistra.com\\\/es\\\/producto\\\/angeles-caidos-michael-w-ford\\\/#primaryimage\"},\"image\":{\"@id\":\"https:\\\/\\\/manussinistra.com\\\/es\\\/producto\\\/angeles-caidos-michael-w-ford\\\/#primaryimage\"},\"thumbnailUrl\":\"https:\\\/\\\/manussinistra.com\\\/es\\\/wp-content\\\/uploads\\\/2024\\\/11\\\/Libro-Angeles-scaled.jpg\",\"datePublished\":\"2024-11-29T03:20:09+00:00\",\"dateModified\":\"2025-02-03T21:11:19+00:00\",\"breadcrumb\":{\"@id\":\"https:\\\/\\\/manussinistra.com\\\/es\\\/producto\\\/angeles-caidos-michael-w-ford\\\/#breadcrumb\"},\"inLanguage\":\"es\",\"potentialAction\":[{\"@type\":\"ReadAction\",\"target\":[\"https:\\\/\\\/manussinistra.com\\\/es\\\/producto\\\/angeles-caidos-michael-w-ford\\\/\"]}]},{\"@type\":\"ImageObject\",\"inLanguage\":\"es\",\"@id\":\"https:\\\/\\\/manussinistra.com\\\/es\\\/producto\\\/angeles-caidos-michael-w-ford\\\/#primaryimage\",\"url\":\"https:\\\/\\\/manussinistra.com\\\/es\\\/wp-content\\\/uploads\\\/2024\\\/11\\\/Libro-Angeles-scaled.jpg\",\"contentUrl\":\"https:\\\/\\\/manussinistra.com\\\/es\\\/wp-content\\\/uploads\\\/2024\\\/11\\\/Libro-Angeles-scaled.jpg\",\"width\":2560,\"height\":1797,\"caption\":\"www.flickr.com\\\/photos\\\/asifsherazi\"},{\"@type\":\"BreadcrumbList\",\"@id\":\"https:\\\/\\\/manussinistra.com\\\/es\\\/producto\\\/angeles-caidos-michael-w-ford\\\/#breadcrumb\",\"itemListElement\":[{\"@type\":\"ListItem\",\"position\":1,\"name\":\"Portada\",\"item\":\"https:\\\/\\\/manussinistra.com\\\/es\\\/\"},{\"@type\":\"ListItem\",\"position\":2,\"name\":\"Tienda\",\"item\":\"https:\\\/\\\/manussinistra.com\\\/es\\\/tienda\\\/\"},{\"@type\":\"ListItem\",\"position\":3,\"name\":\"\u00c1ngeles Ca\u00eddos: Los Vigilantes y el Aquelarre \u2013 Michael W. Ford\"}]},{\"@type\":\"WebSite\",\"@id\":\"https:\\\/\\\/manussinistra.com\\\/es\\\/#website\",\"url\":\"https:\\\/\\\/manussinistra.com\\\/es\\\/\",\"name\":\"Editorial Manus Sinistra\",\"description\":\"Sendero de la Mano Izquierda, Satanismo y Magia(k) Contemporanea\",\"potentialAction\":[{\"@type\":\"SearchAction\",\"target\":{\"@type\":\"EntryPoint\",\"urlTemplate\":\"https:\\\/\\\/manussinistra.com\\\/es\\\/?s={search_term_string}\"},\"query-input\":{\"@type\":\"PropertyValueSpecification\",\"valueRequired\":true,\"valueName\":\"search_term_string\"}}],\"inLanguage\":\"es\"}]}<\/script>\n<!-- \/ Yoast SEO plugin. -->","yoast_head_json":{"title":"Editorial Manus Sinistra","robots":{"index":"index","follow":"follow","max-snippet":"max-snippet:-1","max-image-preview":"max-image-preview:large","max-video-preview":"max-video-preview:-1"},"canonical":"https:\/\/manussinistra.com\/es\/producto\/angeles-caidos-michael-w-ford\/","og_locale":"es_ES","og_type":"article","og_url":"https:\/\/manussinistra.com\/es\/producto\/angeles-caidos-michael-w-ford\/","og_site_name":"Editorial Manus Sinistra","article_modified_time":"2025-02-03T21:11:19+00:00","og_image":[{"width":2560,"height":1797,"url":"https:\/\/manussinistra.com\/es\/wp-content\/uploads\/2024\/11\/Libro-Angeles-scaled.jpg","type":"image\/jpeg"}],"twitter_card":"summary_large_image","twitter_misc":{"Tiempo de lectura":"1 minuto"},"schema":{"@context":"https:\/\/schema.org","@graph":[{"@type":"WebPage","@id":"https:\/\/manussinistra.com\/es\/producto\/angeles-caidos-michael-w-ford\/","url":"https:\/\/manussinistra.com\/es\/producto\/angeles-caidos-michael-w-ford\/","name":"\u00c1ngeles Ca\u00eddos: Los Vigilantes y el Aquelarre \u2013 Michael W. Ford - Editorial Manus Sinistra","isPartOf":{"@id":"https:\/\/manussinistra.com\/es\/#website"},"primaryImageOfPage":{"@id":"https:\/\/manussinistra.com\/es\/producto\/angeles-caidos-michael-w-ford\/#primaryimage"},"image":{"@id":"https:\/\/manussinistra.com\/es\/producto\/angeles-caidos-michael-w-ford\/#primaryimage"},"thumbnailUrl":"https:\/\/manussinistra.com\/es\/wp-content\/uploads\/2024\/11\/Libro-Angeles-scaled.jpg","datePublished":"2024-11-29T03:20:09+00:00","dateModified":"2025-02-03T21:11:19+00:00","breadcrumb":{"@id":"https:\/\/manussinistra.com\/es\/producto\/angeles-caidos-michael-w-ford\/#breadcrumb"},"inLanguage":"es","potentialAction":[{"@type":"ReadAction","target":["https:\/\/manussinistra.com\/es\/producto\/angeles-caidos-michael-w-ford\/"]}]},{"@type":"ImageObject","inLanguage":"es","@id":"https:\/\/manussinistra.com\/es\/producto\/angeles-caidos-michael-w-ford\/#primaryimage","url":"https:\/\/manussinistra.com\/es\/wp-content\/uploads\/2024\/11\/Libro-Angeles-scaled.jpg","contentUrl":"https:\/\/manussinistra.com\/es\/wp-content\/uploads\/2024\/11\/Libro-Angeles-scaled.jpg","width":2560,"height":1797,"caption":"www.flickr.com\/photos\/asifsherazi"},{"@type":"BreadcrumbList","@id":"https:\/\/manussinistra.com\/es\/producto\/angeles-caidos-michael-w-ford\/#breadcrumb","itemListElement":[{"@type":"ListItem","position":1,"name":"Portada","item":"https:\/\/manussinistra.com\/es\/"},{"@type":"ListItem","position":2,"name":"Tienda","item":"https:\/\/manussinistra.com\/es\/tienda\/"},{"@type":"ListItem","position":3,"name":"\u00c1ngeles Ca\u00eddos: Los Vigilantes y el Aquelarre \u2013 Michael W. Ford"}]},{"@type":"WebSite","@id":"https:\/\/manussinistra.com\/es\/#website","url":"https:\/\/manussinistra.com\/es\/","name":"Editorial Manus Sinistra","description":"Sendero de la Mano Izquierda, Satanismo y Magia(k) Contemporanea","potentialAction":[{"@type":"SearchAction","target":{"@type":"EntryPoint","urlTemplate":"https:\/\/manussinistra.com\/es\/?s={search_term_string}"},"query-input":{"@type":"PropertyValueSpecification","valueRequired":true,"valueName":"search_term_string"}}],"inLanguage":"es"}]}},"_links":{"self":[{"href":"https:\/\/manussinistra.com\/es\/wp-json\/wp\/v2\/product\/61779","targetHints":{"allow":["GET"]}}],"collection":[{"href":"https:\/\/manussinistra.com\/es\/wp-json\/wp\/v2\/product"}],"about":[{"href":"https:\/\/manussinistra.com\/es\/wp-json\/wp\/v2\/types\/product"}],"replies":[{"embeddable":true,"href":"https:\/\/manussinistra.com\/es\/wp-json\/wp\/v2\/comments?post=61779"}],"wp:featuredmedia":[{"embeddable":true,"href":"https:\/\/manussinistra.com\/es\/wp-json\/wp\/v2\/media\/61783"}],"wp:attachment":[{"href":"https:\/\/manussinistra.com\/es\/wp-json\/wp\/v2\/media?parent=61779"}],"wp:term":[{"taxonomy":"product_brand","embeddable":true,"href":"https:\/\/manussinistra.com\/es\/wp-json\/wp\/v2\/product_brand?post=61779"},{"taxonomy":"product_cat","embeddable":true,"href":"https:\/\/manussinistra.com\/es\/wp-json\/wp\/v2\/product_cat?post=61779"},{"taxonomy":"product_tag","embeddable":true,"href":"https:\/\/manussinistra.com\/es\/wp-json\/wp\/v2\/product_tag?post=61779"}],"curies":[{"name":"wp","href":"https:\/\/api.w.org\/{rel}","templated":true}]}}