{"id":55859,"date":"2023-09-01T18:54:35","date_gmt":"2023-09-01T18:54:35","guid":{"rendered":"https:\/\/manussinistra.com\/es\/?post_type=product&#038;p=55859"},"modified":"2026-02-19T05:31:40","modified_gmt":"2026-02-19T05:31:40","slug":"el-lado-oscuro-del-eden-kenneth-grant","status":"publish","type":"product","link":"https:\/\/manussinistra.com\/es\/producto\/el-lado-oscuro-del-eden-kenneth-grant\/","title":{"rendered":"El Lado Oscuro del Ed\u00e9n &#8211; Kenneth Grant"},"content":{"rendered":"","protected":false},"excerpt":{"rendered":"<div class=\"kvgmc6g5 cxmmr5t8 oygrvhab hcukyx3x c1et5uql\">\n<p>Existe un mapa de la consciencia, con sus senderos luminosos y oscuros, en forma de un glifo cabal\u00edstico conocido como el \u00c1rbol de la Vida. Tiene sus ra\u00edces en la tierra primordial de Ed\u00e9n, pero sus ramas se extienden hacia dimensiones extraterrestres. Este \u00c1rbol, que es un concepto familiar tanto para m\u00edsticos como para magos, tiene otro lado, un lado oscuro que apenas se menciona de pasada en los manuales contempor\u00e1neos de ocultismo; como si los antiguos escritos de los \u00e1rabes y jud\u00edos contuvieran alusiones a meras figuras ret\u00f3ricas y fantas\u00edas monstruosas.<\/p>\n<p><em>El Lado Oscuro del Ed\u00e9n<\/em> interpreta el simbolismo del \u00c1rbol de la Muerte, el \u201cotro\u201d lado del \u00c1rbol de la Vida que forma la base de la Tradici\u00f3n Ocultista Occidental. Kenneth Grant, cuyas Trilog\u00edas Tifonianas han infundido nueva vida y significado en antiguos misterios olvidados, proporciona aqu\u00ed un exhaustivo estudio del otro lado del \u00c1rbol, acechado por fuerzas oscuras que hoy en d\u00eda se filtran insidiosamente en la consciencia humana y la amenazan con una violenta interrupci\u00f3n. La corriente m\u00e1gica creativa representada por Aleister Crowley, Charles Stansfeld Jones, Austin Osman Spare y, en nuestra \u00e9poca, por Michael Bertiaux, Margaret Cook y otros, se rastrea aqu\u00ed hasta su origen en los vac\u00edos informes m\u00e1s all\u00e1 del umbral de la mente.<\/p>\n<p><em>El Lado Oscuro del Ed\u00e9n<\/em> es una explicaci\u00f3n del Culto de Choronzon y una exposici\u00f3n inici\u00e1tica de los Misterios del Sendero de la Mano Izquierda en relaci\u00f3n con el Ocultismo Occidental. Aqu\u00ed, por primera vez, el l\u00edder de una aut\u00e9ntica Organizaci\u00f3n M\u00e1gica revela las doctrinas esot\u00e9ricas de la magia del Sendero de la Mano Izquierda, as\u00ed como la aplicaci\u00f3n pr\u00e1ctica de f\u00f3rmulas psicosexuales de las que se sabe muy poco en general.<\/p>\n<p>El libro est\u00e1 ilustrado no solo con los sellos demon\u00edacos del \u201cotro lado\u201d, que lo convierten en un grimorio de la Doctrina Oscura, sino tambi\u00e9n con obras curiosas de sideralismo o arte estelar, surgidas de la consciencia del Nuevo E\u00f3n que impregna a aquellas \u00d3rdenes ocultistas que trabajan en armon\u00eda con la Tradici\u00f3n Tifoniana.<\/p>\n<\/div>\n","protected":false},"featured_media":64834,"comment_status":"closed","ping_status":"closed","template":"","meta":{"_joinchat":[]},"product_brand":[],"product_cat":[25],"product_tag":[],"class_list":{"0":"post-55859","1":"product","2":"type-product","3":"status-publish","4":"has-post-thumbnail","6":"product_cat-espanol","8":"first","9":"instock","10":"shipping-taxable","11":"purchasable","12":"product-type-variable"},"yoast_head":"<!-- This site is optimized with the Yoast SEO plugin v27.4 - https:\/\/yoast.com\/product\/yoast-seo-wordpress\/ -->\n<title>Editorial Manus Sinistra<\/title>\n<meta name=\"robots\" content=\"index, follow, max-snippet:-1, max-image-preview:large, max-video-preview:-1\" \/>\n<link rel=\"canonical\" href=\"https:\/\/manussinistra.com\/es\/producto\/el-lado-oscuro-del-eden-kenneth-grant\/\" \/>\n<meta property=\"og:locale\" content=\"es_ES\" \/>\n<meta property=\"og:type\" content=\"article\" \/>\n<meta property=\"og:url\" content=\"https:\/\/manussinistra.com\/es\/producto\/el-lado-oscuro-del-eden-kenneth-grant\/\" \/>\n<meta property=\"og:site_name\" content=\"Editorial Manus Sinistra\" \/>\n<meta property=\"article:modified_time\" content=\"2026-02-19T05:31:40+00:00\" \/>\n<meta property=\"og:image\" content=\"https:\/\/manussinistra.com\/es\/wp-content\/uploads\/2023\/09\/ChatGPT-Image-18-feb-2026-11_15_01-p.m-1100x733.png\" \/>\n\t<meta property=\"og:image:width\" content=\"1100\" \/>\n\t<meta property=\"og:image:height\" content=\"733\" \/>\n\t<meta property=\"og:image:type\" content=\"image\/png\" \/>\n<meta name=\"twitter:card\" content=\"summary_large_image\" \/>\n<meta name=\"twitter:label1\" content=\"Tiempo de lectura\" \/>\n\t<meta name=\"twitter:data1\" content=\"1 minuto\" \/>\n<script type=\"application\/ld+json\" class=\"yoast-schema-graph\">{\"@context\":\"https:\\\/\\\/schema.org\",\"@graph\":[{\"@type\":\"WebPage\",\"@id\":\"https:\\\/\\\/manussinistra.com\\\/es\\\/producto\\\/el-lado-oscuro-del-eden-kenneth-grant\\\/\",\"url\":\"https:\\\/\\\/manussinistra.com\\\/es\\\/producto\\\/el-lado-oscuro-del-eden-kenneth-grant\\\/\",\"name\":\"El Lado Oscuro del Ed\u00e9n - Kenneth Grant - Editorial Manus Sinistra\",\"isPartOf\":{\"@id\":\"https:\\\/\\\/manussinistra.com\\\/es\\\/#website\"},\"primaryImageOfPage\":{\"@id\":\"https:\\\/\\\/manussinistra.com\\\/es\\\/producto\\\/el-lado-oscuro-del-eden-kenneth-grant\\\/#primaryimage\"},\"image\":{\"@id\":\"https:\\\/\\\/manussinistra.com\\\/es\\\/producto\\\/el-lado-oscuro-del-eden-kenneth-grant\\\/#primaryimage\"},\"thumbnailUrl\":\"https:\\\/\\\/manussinistra.com\\\/es\\\/wp-content\\\/uploads\\\/2023\\\/09\\\/ChatGPT-Image-18-feb-2026-11_15_01-p.m.png\",\"datePublished\":\"2023-09-01T18:54:35+00:00\",\"dateModified\":\"2026-02-19T05:31:40+00:00\",\"breadcrumb\":{\"@id\":\"https:\\\/\\\/manussinistra.com\\\/es\\\/producto\\\/el-lado-oscuro-del-eden-kenneth-grant\\\/#breadcrumb\"},\"inLanguage\":\"es\",\"potentialAction\":[{\"@type\":\"ReadAction\",\"target\":[\"https:\\\/\\\/manussinistra.com\\\/es\\\/producto\\\/el-lado-oscuro-del-eden-kenneth-grant\\\/\"]}]},{\"@type\":\"ImageObject\",\"inLanguage\":\"es\",\"@id\":\"https:\\\/\\\/manussinistra.com\\\/es\\\/producto\\\/el-lado-oscuro-del-eden-kenneth-grant\\\/#primaryimage\",\"url\":\"https:\\\/\\\/manussinistra.com\\\/es\\\/wp-content\\\/uploads\\\/2023\\\/09\\\/ChatGPT-Image-18-feb-2026-11_15_01-p.m.png\",\"contentUrl\":\"https:\\\/\\\/manussinistra.com\\\/es\\\/wp-content\\\/uploads\\\/2023\\\/09\\\/ChatGPT-Image-18-feb-2026-11_15_01-p.m.png\",\"width\":1536,\"height\":1024},{\"@type\":\"BreadcrumbList\",\"@id\":\"https:\\\/\\\/manussinistra.com\\\/es\\\/producto\\\/el-lado-oscuro-del-eden-kenneth-grant\\\/#breadcrumb\",\"itemListElement\":[{\"@type\":\"ListItem\",\"position\":1,\"name\":\"Portada\",\"item\":\"https:\\\/\\\/manussinistra.com\\\/es\\\/\"},{\"@type\":\"ListItem\",\"position\":2,\"name\":\"Tienda\",\"item\":\"https:\\\/\\\/manussinistra.com\\\/es\\\/tienda\\\/\"},{\"@type\":\"ListItem\",\"position\":3,\"name\":\"El Lado Oscuro del Ed\u00e9n &#8211; Kenneth Grant\"}]},{\"@type\":\"WebSite\",\"@id\":\"https:\\\/\\\/manussinistra.com\\\/es\\\/#website\",\"url\":\"https:\\\/\\\/manussinistra.com\\\/es\\\/\",\"name\":\"Editorial Manus Sinistra\",\"description\":\"Sendero de la Mano Izquierda, Satanismo y Magia(k) Contemporanea\",\"potentialAction\":[{\"@type\":\"SearchAction\",\"target\":{\"@type\":\"EntryPoint\",\"urlTemplate\":\"https:\\\/\\\/manussinistra.com\\\/es\\\/?s={search_term_string}\"},\"query-input\":{\"@type\":\"PropertyValueSpecification\",\"valueRequired\":true,\"valueName\":\"search_term_string\"}}],\"inLanguage\":\"es\"}]}<\/script>\n<!-- \/ Yoast SEO plugin. -->","yoast_head_json":{"title":"Editorial Manus Sinistra","robots":{"index":"index","follow":"follow","max-snippet":"max-snippet:-1","max-image-preview":"max-image-preview:large","max-video-preview":"max-video-preview:-1"},"canonical":"https:\/\/manussinistra.com\/es\/producto\/el-lado-oscuro-del-eden-kenneth-grant\/","og_locale":"es_ES","og_type":"article","og_url":"https:\/\/manussinistra.com\/es\/producto\/el-lado-oscuro-del-eden-kenneth-grant\/","og_site_name":"Editorial Manus Sinistra","article_modified_time":"2026-02-19T05:31:40+00:00","og_image":[{"width":1100,"height":733,"url":"https:\/\/manussinistra.com\/es\/wp-content\/uploads\/2023\/09\/ChatGPT-Image-18-feb-2026-11_15_01-p.m-1100x733.png","type":"image\/png"}],"twitter_card":"summary_large_image","twitter_misc":{"Tiempo de lectura":"1 minuto"},"schema":{"@context":"https:\/\/schema.org","@graph":[{"@type":"WebPage","@id":"https:\/\/manussinistra.com\/es\/producto\/el-lado-oscuro-del-eden-kenneth-grant\/","url":"https:\/\/manussinistra.com\/es\/producto\/el-lado-oscuro-del-eden-kenneth-grant\/","name":"El Lado Oscuro del Ed\u00e9n - Kenneth Grant - Editorial Manus Sinistra","isPartOf":{"@id":"https:\/\/manussinistra.com\/es\/#website"},"primaryImageOfPage":{"@id":"https:\/\/manussinistra.com\/es\/producto\/el-lado-oscuro-del-eden-kenneth-grant\/#primaryimage"},"image":{"@id":"https:\/\/manussinistra.com\/es\/producto\/el-lado-oscuro-del-eden-kenneth-grant\/#primaryimage"},"thumbnailUrl":"https:\/\/manussinistra.com\/es\/wp-content\/uploads\/2023\/09\/ChatGPT-Image-18-feb-2026-11_15_01-p.m.png","datePublished":"2023-09-01T18:54:35+00:00","dateModified":"2026-02-19T05:31:40+00:00","breadcrumb":{"@id":"https:\/\/manussinistra.com\/es\/producto\/el-lado-oscuro-del-eden-kenneth-grant\/#breadcrumb"},"inLanguage":"es","potentialAction":[{"@type":"ReadAction","target":["https:\/\/manussinistra.com\/es\/producto\/el-lado-oscuro-del-eden-kenneth-grant\/"]}]},{"@type":"ImageObject","inLanguage":"es","@id":"https:\/\/manussinistra.com\/es\/producto\/el-lado-oscuro-del-eden-kenneth-grant\/#primaryimage","url":"https:\/\/manussinistra.com\/es\/wp-content\/uploads\/2023\/09\/ChatGPT-Image-18-feb-2026-11_15_01-p.m.png","contentUrl":"https:\/\/manussinistra.com\/es\/wp-content\/uploads\/2023\/09\/ChatGPT-Image-18-feb-2026-11_15_01-p.m.png","width":1536,"height":1024},{"@type":"BreadcrumbList","@id":"https:\/\/manussinistra.com\/es\/producto\/el-lado-oscuro-del-eden-kenneth-grant\/#breadcrumb","itemListElement":[{"@type":"ListItem","position":1,"name":"Portada","item":"https:\/\/manussinistra.com\/es\/"},{"@type":"ListItem","position":2,"name":"Tienda","item":"https:\/\/manussinistra.com\/es\/tienda\/"},{"@type":"ListItem","position":3,"name":"El Lado Oscuro del Ed\u00e9n &#8211; Kenneth Grant"}]},{"@type":"WebSite","@id":"https:\/\/manussinistra.com\/es\/#website","url":"https:\/\/manussinistra.com\/es\/","name":"Editorial Manus Sinistra","description":"Sendero de la Mano Izquierda, Satanismo y Magia(k) Contemporanea","potentialAction":[{"@type":"SearchAction","target":{"@type":"EntryPoint","urlTemplate":"https:\/\/manussinistra.com\/es\/?s={search_term_string}"},"query-input":{"@type":"PropertyValueSpecification","valueRequired":true,"valueName":"search_term_string"}}],"inLanguage":"es"}]}},"_links":{"self":[{"href":"https:\/\/manussinistra.com\/es\/wp-json\/wp\/v2\/product\/55859","targetHints":{"allow":["GET"]}}],"collection":[{"href":"https:\/\/manussinistra.com\/es\/wp-json\/wp\/v2\/product"}],"about":[{"href":"https:\/\/manussinistra.com\/es\/wp-json\/wp\/v2\/types\/product"}],"replies":[{"embeddable":true,"href":"https:\/\/manussinistra.com\/es\/wp-json\/wp\/v2\/comments?post=55859"}],"wp:featuredmedia":[{"embeddable":true,"href":"https:\/\/manussinistra.com\/es\/wp-json\/wp\/v2\/media\/64834"}],"wp:attachment":[{"href":"https:\/\/manussinistra.com\/es\/wp-json\/wp\/v2\/media?parent=55859"}],"wp:term":[{"taxonomy":"product_brand","embeddable":true,"href":"https:\/\/manussinistra.com\/es\/wp-json\/wp\/v2\/product_brand?post=55859"},{"taxonomy":"product_cat","embeddable":true,"href":"https:\/\/manussinistra.com\/es\/wp-json\/wp\/v2\/product_cat?post=55859"},{"taxonomy":"product_tag","embeddable":true,"href":"https:\/\/manussinistra.com\/es\/wp-json\/wp\/v2\/product_tag?post=55859"}],"curies":[{"name":"wp","href":"https:\/\/api.w.org\/{rel}","templated":true}]}}