{"id":55854,"date":"2023-09-01T18:50:06","date_gmt":"2023-09-01T18:50:06","guid":{"rendered":"https:\/\/manussinistra.com\/es\/?post_type=product&#038;p=55854"},"modified":"2025-07-20T21:46:39","modified_gmt":"2025-07-20T21:46:39","slug":"aleister-crowley-y-el-dios-oculto-kenneth-grant","status":"publish","type":"product","link":"https:\/\/manussinistra.com\/es\/producto\/aleister-crowley-y-el-dios-oculto-kenneth-grant\/","title":{"rendered":"Aleister Crowley y el Dios Oculto &#8211; Kenneth Grant"},"content":{"rendered":"","protected":false},"excerpt":{"rendered":"<div class=\"kvgmc6g5 cxmmr5t8 oygrvhab hcukyx3x c1et5uql\">\n<p>Aleister Crowley se comprometi\u00f3 en liberar al hombre de la esclavitud al mostrarle la forma de invocar a su genio latente: el Dios Oculto. Es caracter\u00edstico de Crowley que para este fin utilizara las misteriosas energ\u00edas del sexo, la m\u00e1s potente y mas obsesiva de las ilusiones del hombre que, de usarse imprudentemente, refuerza el falso sentido de existencia individual que lo divorcia de la plenitud de la consciencia c\u00f3smica.<\/p>\n<p><em>Aleister Crowley y el Dios Oculto<\/em> es un estudio exhaustivo y critico del sistema de magia(k) sexual de Crowley y los ex\u00f3ticos ritos que practicaba y propugnaba con el proposito de promover la Ley de la Libertad con su formula de &#8216;Amor bajo Voluntad&#8217;. El libro revela los trabajos ocultos de la Serpiente de Fuego o Diosa Kundalini, el poder c\u00f3smico en el hombre que, al ser despertado por medios m\u00e1gicos, asume una forma externa identificada por Crowley como la Mujer Escarlata: la que influye en las secretas zonas de poder en el cuerpo del hombre e invoca al Dios Oculto.<\/p>\n<p>Kenneth Grant tambi\u00e9n describe aqu\u00ed un m\u00e9todo de control de los sue\u00f1os que implica el uso de la Corriente Of\u00eddica transmitida por Crowley, Spare, Fortune, Grosche y otros, cuyo objetivo es establecer el contacto con seres extraterrestres y no humanos con el fin ultimo de trascender las limitaciones de la personalidad y la realizaci\u00f3n de la consciencia c\u00f3smica, cumpliendo as\u00ed la formula m\u00e1gica del Nuevo E\u00f3n.<\/p>\n<\/div>\n","protected":false},"featured_media":49987,"comment_status":"closed","ping_status":"closed","template":"","meta":{"_joinchat":[]},"product_brand":[],"product_cat":[25],"product_tag":[],"class_list":{"0":"post-55854","1":"product","2":"type-product","3":"status-publish","4":"has-post-thumbnail","6":"product_cat-espanol","8":"first","9":"instock","10":"shipping-taxable","11":"purchasable","12":"product-type-variable"},"yoast_head":"<!-- This site is optimized with the Yoast SEO plugin v27.4 - https:\/\/yoast.com\/product\/yoast-seo-wordpress\/ -->\n<title>Editorial Manus Sinistra<\/title>\n<meta name=\"robots\" content=\"index, follow, max-snippet:-1, max-image-preview:large, max-video-preview:-1\" \/>\n<link rel=\"canonical\" href=\"https:\/\/manussinistra.com\/es\/producto\/aleister-crowley-y-el-dios-oculto-kenneth-grant\/\" \/>\n<meta property=\"og:locale\" content=\"es_ES\" \/>\n<meta property=\"og:type\" content=\"article\" \/>\n<meta property=\"og:url\" content=\"https:\/\/manussinistra.com\/es\/producto\/aleister-crowley-y-el-dios-oculto-kenneth-grant\/\" \/>\n<meta property=\"og:site_name\" content=\"Editorial Manus Sinistra\" \/>\n<meta property=\"article:modified_time\" content=\"2025-07-20T21:46:39+00:00\" \/>\n<meta property=\"og:image\" content=\"https:\/\/manussinistra.com\/es\/wp-content\/uploads\/2021\/04\/239961241_4589817201042318_8160221644658319591_n.jpg\" \/>\n\t<meta property=\"og:image:width\" content=\"689\" \/>\n\t<meta property=\"og:image:height\" content=\"960\" \/>\n\t<meta property=\"og:image:type\" content=\"image\/jpeg\" \/>\n<meta name=\"twitter:card\" content=\"summary_large_image\" \/>\n<script type=\"application\/ld+json\" class=\"yoast-schema-graph\">{\"@context\":\"https:\\\/\\\/schema.org\",\"@graph\":[{\"@type\":\"WebPage\",\"@id\":\"https:\\\/\\\/manussinistra.com\\\/es\\\/producto\\\/aleister-crowley-y-el-dios-oculto-kenneth-grant\\\/\",\"url\":\"https:\\\/\\\/manussinistra.com\\\/es\\\/producto\\\/aleister-crowley-y-el-dios-oculto-kenneth-grant\\\/\",\"name\":\"Aleister Crowley y el Dios Oculto - Kenneth Grant - Editorial Manus Sinistra\",\"isPartOf\":{\"@id\":\"https:\\\/\\\/manussinistra.com\\\/es\\\/#website\"},\"primaryImageOfPage\":{\"@id\":\"https:\\\/\\\/manussinistra.com\\\/es\\\/producto\\\/aleister-crowley-y-el-dios-oculto-kenneth-grant\\\/#primaryimage\"},\"image\":{\"@id\":\"https:\\\/\\\/manussinistra.com\\\/es\\\/producto\\\/aleister-crowley-y-el-dios-oculto-kenneth-grant\\\/#primaryimage\"},\"thumbnailUrl\":\"https:\\\/\\\/manussinistra.com\\\/es\\\/wp-content\\\/uploads\\\/2021\\\/04\\\/239961241_4589817201042318_8160221644658319591_n.jpg\",\"datePublished\":\"2023-09-01T18:50:06+00:00\",\"dateModified\":\"2025-07-20T21:46:39+00:00\",\"breadcrumb\":{\"@id\":\"https:\\\/\\\/manussinistra.com\\\/es\\\/producto\\\/aleister-crowley-y-el-dios-oculto-kenneth-grant\\\/#breadcrumb\"},\"inLanguage\":\"es\",\"potentialAction\":[{\"@type\":\"ReadAction\",\"target\":[\"https:\\\/\\\/manussinistra.com\\\/es\\\/producto\\\/aleister-crowley-y-el-dios-oculto-kenneth-grant\\\/\"]}]},{\"@type\":\"ImageObject\",\"inLanguage\":\"es\",\"@id\":\"https:\\\/\\\/manussinistra.com\\\/es\\\/producto\\\/aleister-crowley-y-el-dios-oculto-kenneth-grant\\\/#primaryimage\",\"url\":\"https:\\\/\\\/manussinistra.com\\\/es\\\/wp-content\\\/uploads\\\/2021\\\/04\\\/239961241_4589817201042318_8160221644658319591_n.jpg\",\"contentUrl\":\"https:\\\/\\\/manussinistra.com\\\/es\\\/wp-content\\\/uploads\\\/2021\\\/04\\\/239961241_4589817201042318_8160221644658319591_n.jpg\",\"width\":689,\"height\":960},{\"@type\":\"BreadcrumbList\",\"@id\":\"https:\\\/\\\/manussinistra.com\\\/es\\\/producto\\\/aleister-crowley-y-el-dios-oculto-kenneth-grant\\\/#breadcrumb\",\"itemListElement\":[{\"@type\":\"ListItem\",\"position\":1,\"name\":\"Portada\",\"item\":\"https:\\\/\\\/manussinistra.com\\\/es\\\/\"},{\"@type\":\"ListItem\",\"position\":2,\"name\":\"Tienda\",\"item\":\"https:\\\/\\\/manussinistra.com\\\/es\\\/tienda\\\/\"},{\"@type\":\"ListItem\",\"position\":3,\"name\":\"Aleister Crowley y el Dios Oculto &#8211; Kenneth Grant\"}]},{\"@type\":\"WebSite\",\"@id\":\"https:\\\/\\\/manussinistra.com\\\/es\\\/#website\",\"url\":\"https:\\\/\\\/manussinistra.com\\\/es\\\/\",\"name\":\"Editorial Manus Sinistra\",\"description\":\"Sendero de la Mano Izquierda, Satanismo y Magia(k) Contemporanea\",\"potentialAction\":[{\"@type\":\"SearchAction\",\"target\":{\"@type\":\"EntryPoint\",\"urlTemplate\":\"https:\\\/\\\/manussinistra.com\\\/es\\\/?s={search_term_string}\"},\"query-input\":{\"@type\":\"PropertyValueSpecification\",\"valueRequired\":true,\"valueName\":\"search_term_string\"}}],\"inLanguage\":\"es\"}]}<\/script>\n<!-- \/ Yoast SEO plugin. -->","yoast_head_json":{"title":"Editorial Manus Sinistra","robots":{"index":"index","follow":"follow","max-snippet":"max-snippet:-1","max-image-preview":"max-image-preview:large","max-video-preview":"max-video-preview:-1"},"canonical":"https:\/\/manussinistra.com\/es\/producto\/aleister-crowley-y-el-dios-oculto-kenneth-grant\/","og_locale":"es_ES","og_type":"article","og_url":"https:\/\/manussinistra.com\/es\/producto\/aleister-crowley-y-el-dios-oculto-kenneth-grant\/","og_site_name":"Editorial Manus Sinistra","article_modified_time":"2025-07-20T21:46:39+00:00","og_image":[{"width":689,"height":960,"url":"https:\/\/manussinistra.com\/es\/wp-content\/uploads\/2021\/04\/239961241_4589817201042318_8160221644658319591_n.jpg","type":"image\/jpeg"}],"twitter_card":"summary_large_image","schema":{"@context":"https:\/\/schema.org","@graph":[{"@type":"WebPage","@id":"https:\/\/manussinistra.com\/es\/producto\/aleister-crowley-y-el-dios-oculto-kenneth-grant\/","url":"https:\/\/manussinistra.com\/es\/producto\/aleister-crowley-y-el-dios-oculto-kenneth-grant\/","name":"Aleister Crowley y el Dios Oculto - Kenneth Grant - Editorial Manus Sinistra","isPartOf":{"@id":"https:\/\/manussinistra.com\/es\/#website"},"primaryImageOfPage":{"@id":"https:\/\/manussinistra.com\/es\/producto\/aleister-crowley-y-el-dios-oculto-kenneth-grant\/#primaryimage"},"image":{"@id":"https:\/\/manussinistra.com\/es\/producto\/aleister-crowley-y-el-dios-oculto-kenneth-grant\/#primaryimage"},"thumbnailUrl":"https:\/\/manussinistra.com\/es\/wp-content\/uploads\/2021\/04\/239961241_4589817201042318_8160221644658319591_n.jpg","datePublished":"2023-09-01T18:50:06+00:00","dateModified":"2025-07-20T21:46:39+00:00","breadcrumb":{"@id":"https:\/\/manussinistra.com\/es\/producto\/aleister-crowley-y-el-dios-oculto-kenneth-grant\/#breadcrumb"},"inLanguage":"es","potentialAction":[{"@type":"ReadAction","target":["https:\/\/manussinistra.com\/es\/producto\/aleister-crowley-y-el-dios-oculto-kenneth-grant\/"]}]},{"@type":"ImageObject","inLanguage":"es","@id":"https:\/\/manussinistra.com\/es\/producto\/aleister-crowley-y-el-dios-oculto-kenneth-grant\/#primaryimage","url":"https:\/\/manussinistra.com\/es\/wp-content\/uploads\/2021\/04\/239961241_4589817201042318_8160221644658319591_n.jpg","contentUrl":"https:\/\/manussinistra.com\/es\/wp-content\/uploads\/2021\/04\/239961241_4589817201042318_8160221644658319591_n.jpg","width":689,"height":960},{"@type":"BreadcrumbList","@id":"https:\/\/manussinistra.com\/es\/producto\/aleister-crowley-y-el-dios-oculto-kenneth-grant\/#breadcrumb","itemListElement":[{"@type":"ListItem","position":1,"name":"Portada","item":"https:\/\/manussinistra.com\/es\/"},{"@type":"ListItem","position":2,"name":"Tienda","item":"https:\/\/manussinistra.com\/es\/tienda\/"},{"@type":"ListItem","position":3,"name":"Aleister Crowley y el Dios Oculto &#8211; Kenneth Grant"}]},{"@type":"WebSite","@id":"https:\/\/manussinistra.com\/es\/#website","url":"https:\/\/manussinistra.com\/es\/","name":"Editorial Manus Sinistra","description":"Sendero de la Mano Izquierda, Satanismo y Magia(k) Contemporanea","potentialAction":[{"@type":"SearchAction","target":{"@type":"EntryPoint","urlTemplate":"https:\/\/manussinistra.com\/es\/?s={search_term_string}"},"query-input":{"@type":"PropertyValueSpecification","valueRequired":true,"valueName":"search_term_string"}}],"inLanguage":"es"}]}},"_links":{"self":[{"href":"https:\/\/manussinistra.com\/es\/wp-json\/wp\/v2\/product\/55854","targetHints":{"allow":["GET"]}}],"collection":[{"href":"https:\/\/manussinistra.com\/es\/wp-json\/wp\/v2\/product"}],"about":[{"href":"https:\/\/manussinistra.com\/es\/wp-json\/wp\/v2\/types\/product"}],"replies":[{"embeddable":true,"href":"https:\/\/manussinistra.com\/es\/wp-json\/wp\/v2\/comments?post=55854"}],"wp:featuredmedia":[{"embeddable":true,"href":"https:\/\/manussinistra.com\/es\/wp-json\/wp\/v2\/media\/49987"}],"wp:attachment":[{"href":"https:\/\/manussinistra.com\/es\/wp-json\/wp\/v2\/media?parent=55854"}],"wp:term":[{"taxonomy":"product_brand","embeddable":true,"href":"https:\/\/manussinistra.com\/es\/wp-json\/wp\/v2\/product_brand?post=55854"},{"taxonomy":"product_cat","embeddable":true,"href":"https:\/\/manussinistra.com\/es\/wp-json\/wp\/v2\/product_cat?post=55854"},{"taxonomy":"product_tag","embeddable":true,"href":"https:\/\/manussinistra.com\/es\/wp-json\/wp\/v2\/product_tag?post=55854"}],"curies":[{"name":"wp","href":"https:\/\/api.w.org\/{rel}","templated":true}]}}