{"id":55212,"date":"2023-05-09T23:32:55","date_gmt":"2023-05-09T23:32:55","guid":{"rendered":"https:\/\/manussinistra.com\/es\/?post_type=product&#038;p=55212"},"modified":"2025-09-25T21:46:18","modified_gmt":"2025-09-25T21:46:18","slug":"luz-adversaria","status":"publish","type":"product","link":"https:\/\/manussinistra.com\/es\/producto\/luz-adversaria\/","title":{"rendered":"Luz Adversaria: La Magia de los Nefilim \u2013 Michael W. Ford"},"content":{"rendered":"","protected":false},"excerpt":{"rendered":"<p>Los Vigilantes, los \u00c1ngeles Ca\u00eddos que instruyeron a la humanidad, ahora llamados \u00abesp\u00edritus malignos\u00bb, la corrompi\u00f3 tambi\u00e9n con deseo y orgullo. En su descenso, seg\u00fan el mito, los Vigilantes trajeron \u201cLa Llama Negra\u00bb, el fuego del esp\u00edritu y la posibilidad de controlar los secretos del inconsciente. A su vez, este poder, simbolizado por el \u201c\u00c1ngel\u00bb y el \u201cDaemon\u00bb, aporta intelecto y el poder del pensamiento independiente. Esta uni\u00f3n de Esp\u00edritu y Carne es equiparada con <em>nefilim<\/em>, una palabra que significa \u2018esp\u00edritu&#8217;.<\/p>\n<p>El proceso de la Magia Luciferina es desbloquear estos poderes del inconsciente para obtener poder y conocimiento. Es por eso que los luciferinos entienden y utilizan el simbolismo del Infierno y el Inframundo. La palabra <em>infierno<\/em> deriva de<em> helan<\/em>, una palabra anglosajona que significa \u2018lugar escondido&#8217; o el \u2018lugar de las sombras&#8217;. La \u201cCa\u00edda\u201d y el simbolismo similar significa que los luciferinos descubren y utilizan sus deseos profundos e instintos para llevar y desarrollar una vida productiva y satisfactoria.<\/p>\n<p>El libro incluye una comparaci\u00f3n b\u00e1sica del luciferianismo y otras tradiciones e ideolog\u00edas m\u00e1gicas como thelema, la magia tifoniana de Kenneth Grant, Austin Osman Spare, y el satanismo de Anton Szandor LaVey. Este libro es esencial para cualquier fil\u00f3sofo rebelde, brujo y persona que cuestione la religi\u00f3n y que busca el conocimiento espiritual y la luz del yo desde distintas perspectivas.<\/p>\n<p><em>Luz Adversaria<\/em> contiene el cap\u00edtulo \u2018Oscuridad Azazeleana&#8217;, un grimorio que presenta a los Vigilantes, sus m\u00e9todos de invocaci\u00f3n, sellos construidos a partir de letras arameas y atributos tradicionales alqu\u00edmicos y elementales.<\/p>\n<p>Esta obra es un equilibrio \u00fanico de interpretaci\u00f3n mitol\u00f3gica, estudio y aplicaci\u00f3n m\u00e1gica para iniciar a la persona en la Luz Ennegrecida de los Vigilantes y la Gnosis Luciferina.<\/p>\n","protected":false},"featured_media":64439,"comment_status":"closed","ping_status":"closed","template":"","meta":{"_joinchat":[]},"product_brand":[],"product_cat":[25],"product_tag":[],"class_list":{"0":"post-55212","1":"product","2":"type-product","3":"status-publish","4":"has-post-thumbnail","6":"product_cat-espanol","8":"first","9":"instock","10":"shipping-taxable","11":"purchasable","12":"product-type-variable","13":"has-default-attributes"},"yoast_head":"<!-- This site is optimized with the Yoast SEO plugin v27.4 - https:\/\/yoast.com\/product\/yoast-seo-wordpress\/ -->\n<title>Editorial Manus Sinistra<\/title>\n<meta name=\"robots\" content=\"index, follow, max-snippet:-1, max-image-preview:large, max-video-preview:-1\" \/>\n<link rel=\"canonical\" href=\"https:\/\/manussinistra.com\/es\/producto\/luz-adversaria\/\" \/>\n<meta property=\"og:locale\" content=\"es_ES\" \/>\n<meta property=\"og:type\" content=\"article\" \/>\n<meta property=\"og:url\" content=\"https:\/\/manussinistra.com\/es\/producto\/luz-adversaria\/\" \/>\n<meta property=\"og:site_name\" content=\"Editorial Manus Sinistra\" \/>\n<meta property=\"article:modified_time\" content=\"2025-09-25T21:46:18+00:00\" \/>\n<meta property=\"og:image\" content=\"https:\/\/manussinistra.com\/es\/wp-content\/uploads\/2023\/05\/482098685_1649387855973203_3764771707645111837_n.jpg\" \/>\n\t<meta property=\"og:image:width\" content=\"1080\" \/>\n\t<meta property=\"og:image:height\" content=\"1346\" \/>\n\t<meta property=\"og:image:type\" content=\"image\/jpeg\" \/>\n<meta name=\"twitter:card\" content=\"summary_large_image\" \/>\n<meta name=\"twitter:label1\" content=\"Tiempo de lectura\" \/>\n\t<meta name=\"twitter:data1\" content=\"1 minuto\" \/>\n<script type=\"application\/ld+json\" class=\"yoast-schema-graph\">{\"@context\":\"https:\\\/\\\/schema.org\",\"@graph\":[{\"@type\":\"WebPage\",\"@id\":\"https:\\\/\\\/manussinistra.com\\\/es\\\/producto\\\/luz-adversaria\\\/\",\"url\":\"https:\\\/\\\/manussinistra.com\\\/es\\\/producto\\\/luz-adversaria\\\/\",\"name\":\"Luz Adversaria: La Magia de los Nefilim \u2013 Michael W. Ford - Editorial Manus Sinistra\",\"isPartOf\":{\"@id\":\"https:\\\/\\\/manussinistra.com\\\/es\\\/#website\"},\"primaryImageOfPage\":{\"@id\":\"https:\\\/\\\/manussinistra.com\\\/es\\\/producto\\\/luz-adversaria\\\/#primaryimage\"},\"image\":{\"@id\":\"https:\\\/\\\/manussinistra.com\\\/es\\\/producto\\\/luz-adversaria\\\/#primaryimage\"},\"thumbnailUrl\":\"https:\\\/\\\/manussinistra.com\\\/es\\\/wp-content\\\/uploads\\\/2023\\\/05\\\/482098685_1649387855973203_3764771707645111837_n.jpg\",\"datePublished\":\"2023-05-09T23:32:55+00:00\",\"dateModified\":\"2025-09-25T21:46:18+00:00\",\"breadcrumb\":{\"@id\":\"https:\\\/\\\/manussinistra.com\\\/es\\\/producto\\\/luz-adversaria\\\/#breadcrumb\"},\"inLanguage\":\"es\",\"potentialAction\":[{\"@type\":\"ReadAction\",\"target\":[\"https:\\\/\\\/manussinistra.com\\\/es\\\/producto\\\/luz-adversaria\\\/\"]}]},{\"@type\":\"ImageObject\",\"inLanguage\":\"es\",\"@id\":\"https:\\\/\\\/manussinistra.com\\\/es\\\/producto\\\/luz-adversaria\\\/#primaryimage\",\"url\":\"https:\\\/\\\/manussinistra.com\\\/es\\\/wp-content\\\/uploads\\\/2023\\\/05\\\/482098685_1649387855973203_3764771707645111837_n.jpg\",\"contentUrl\":\"https:\\\/\\\/manussinistra.com\\\/es\\\/wp-content\\\/uploads\\\/2023\\\/05\\\/482098685_1649387855973203_3764771707645111837_n.jpg\",\"width\":1080,\"height\":1346},{\"@type\":\"BreadcrumbList\",\"@id\":\"https:\\\/\\\/manussinistra.com\\\/es\\\/producto\\\/luz-adversaria\\\/#breadcrumb\",\"itemListElement\":[{\"@type\":\"ListItem\",\"position\":1,\"name\":\"Portada\",\"item\":\"https:\\\/\\\/manussinistra.com\\\/es\\\/\"},{\"@type\":\"ListItem\",\"position\":2,\"name\":\"Tienda\",\"item\":\"https:\\\/\\\/manussinistra.com\\\/es\\\/tienda\\\/\"},{\"@type\":\"ListItem\",\"position\":3,\"name\":\"Luz Adversaria: La Magia de los Nefilim \u2013 Michael W. Ford\"}]},{\"@type\":\"WebSite\",\"@id\":\"https:\\\/\\\/manussinistra.com\\\/es\\\/#website\",\"url\":\"https:\\\/\\\/manussinistra.com\\\/es\\\/\",\"name\":\"Editorial Manus Sinistra\",\"description\":\"Sendero de la Mano Izquierda, Satanismo y Magia(k) Contemporanea\",\"potentialAction\":[{\"@type\":\"SearchAction\",\"target\":{\"@type\":\"EntryPoint\",\"urlTemplate\":\"https:\\\/\\\/manussinistra.com\\\/es\\\/?s={search_term_string}\"},\"query-input\":{\"@type\":\"PropertyValueSpecification\",\"valueRequired\":true,\"valueName\":\"search_term_string\"}}],\"inLanguage\":\"es\"}]}<\/script>\n<!-- \/ Yoast SEO plugin. -->","yoast_head_json":{"title":"Editorial Manus Sinistra","robots":{"index":"index","follow":"follow","max-snippet":"max-snippet:-1","max-image-preview":"max-image-preview:large","max-video-preview":"max-video-preview:-1"},"canonical":"https:\/\/manussinistra.com\/es\/producto\/luz-adversaria\/","og_locale":"es_ES","og_type":"article","og_url":"https:\/\/manussinistra.com\/es\/producto\/luz-adversaria\/","og_site_name":"Editorial Manus Sinistra","article_modified_time":"2025-09-25T21:46:18+00:00","og_image":[{"width":1080,"height":1346,"url":"https:\/\/manussinistra.com\/es\/wp-content\/uploads\/2023\/05\/482098685_1649387855973203_3764771707645111837_n.jpg","type":"image\/jpeg"}],"twitter_card":"summary_large_image","twitter_misc":{"Tiempo de lectura":"1 minuto"},"schema":{"@context":"https:\/\/schema.org","@graph":[{"@type":"WebPage","@id":"https:\/\/manussinistra.com\/es\/producto\/luz-adversaria\/","url":"https:\/\/manussinistra.com\/es\/producto\/luz-adversaria\/","name":"Luz Adversaria: La Magia de los Nefilim \u2013 Michael W. Ford - Editorial Manus Sinistra","isPartOf":{"@id":"https:\/\/manussinistra.com\/es\/#website"},"primaryImageOfPage":{"@id":"https:\/\/manussinistra.com\/es\/producto\/luz-adversaria\/#primaryimage"},"image":{"@id":"https:\/\/manussinistra.com\/es\/producto\/luz-adversaria\/#primaryimage"},"thumbnailUrl":"https:\/\/manussinistra.com\/es\/wp-content\/uploads\/2023\/05\/482098685_1649387855973203_3764771707645111837_n.jpg","datePublished":"2023-05-09T23:32:55+00:00","dateModified":"2025-09-25T21:46:18+00:00","breadcrumb":{"@id":"https:\/\/manussinistra.com\/es\/producto\/luz-adversaria\/#breadcrumb"},"inLanguage":"es","potentialAction":[{"@type":"ReadAction","target":["https:\/\/manussinistra.com\/es\/producto\/luz-adversaria\/"]}]},{"@type":"ImageObject","inLanguage":"es","@id":"https:\/\/manussinistra.com\/es\/producto\/luz-adversaria\/#primaryimage","url":"https:\/\/manussinistra.com\/es\/wp-content\/uploads\/2023\/05\/482098685_1649387855973203_3764771707645111837_n.jpg","contentUrl":"https:\/\/manussinistra.com\/es\/wp-content\/uploads\/2023\/05\/482098685_1649387855973203_3764771707645111837_n.jpg","width":1080,"height":1346},{"@type":"BreadcrumbList","@id":"https:\/\/manussinistra.com\/es\/producto\/luz-adversaria\/#breadcrumb","itemListElement":[{"@type":"ListItem","position":1,"name":"Portada","item":"https:\/\/manussinistra.com\/es\/"},{"@type":"ListItem","position":2,"name":"Tienda","item":"https:\/\/manussinistra.com\/es\/tienda\/"},{"@type":"ListItem","position":3,"name":"Luz Adversaria: La Magia de los Nefilim \u2013 Michael W. Ford"}]},{"@type":"WebSite","@id":"https:\/\/manussinistra.com\/es\/#website","url":"https:\/\/manussinistra.com\/es\/","name":"Editorial Manus Sinistra","description":"Sendero de la Mano Izquierda, Satanismo y Magia(k) Contemporanea","potentialAction":[{"@type":"SearchAction","target":{"@type":"EntryPoint","urlTemplate":"https:\/\/manussinistra.com\/es\/?s={search_term_string}"},"query-input":{"@type":"PropertyValueSpecification","valueRequired":true,"valueName":"search_term_string"}}],"inLanguage":"es"}]}},"_links":{"self":[{"href":"https:\/\/manussinistra.com\/es\/wp-json\/wp\/v2\/product\/55212","targetHints":{"allow":["GET"]}}],"collection":[{"href":"https:\/\/manussinistra.com\/es\/wp-json\/wp\/v2\/product"}],"about":[{"href":"https:\/\/manussinistra.com\/es\/wp-json\/wp\/v2\/types\/product"}],"replies":[{"embeddable":true,"href":"https:\/\/manussinistra.com\/es\/wp-json\/wp\/v2\/comments?post=55212"}],"wp:featuredmedia":[{"embeddable":true,"href":"https:\/\/manussinistra.com\/es\/wp-json\/wp\/v2\/media\/64439"}],"wp:attachment":[{"href":"https:\/\/manussinistra.com\/es\/wp-json\/wp\/v2\/media?parent=55212"}],"wp:term":[{"taxonomy":"product_brand","embeddable":true,"href":"https:\/\/manussinistra.com\/es\/wp-json\/wp\/v2\/product_brand?post=55212"},{"taxonomy":"product_cat","embeddable":true,"href":"https:\/\/manussinistra.com\/es\/wp-json\/wp\/v2\/product_cat?post=55212"},{"taxonomy":"product_tag","embeddable":true,"href":"https:\/\/manussinistra.com\/es\/wp-json\/wp\/v2\/product_tag?post=55212"}],"curies":[{"name":"wp","href":"https:\/\/api.w.org\/{rel}","templated":true}]}}