{"id":49947,"date":"2022-01-18T14:24:57","date_gmt":"2022-01-18T14:24:57","guid":{"rendered":"https:\/\/manussinistra.com\/es\/?post_type=product&#038;p=49947"},"modified":"2025-08-19T14:03:46","modified_gmt":"2025-08-19T14:03:46","slug":"hekataeon","status":"publish","type":"product","link":"https:\/\/manussinistra.com\/es\/producto\/hekataeon\/","title":{"rendered":"El Hekat\u00e6on: Un Himnario a Hekate &#8211; Jack Grayle"},"content":{"rendered":"","protected":false},"excerpt":{"rendered":"<p><em>El Hekat\u00e6on<\/em> es en esencia un Himnario a Hekate: una obra ext\u00e1tica dedicada a la Doncella-Serpiente-Lobo y manifestada por su gracia divina. Forjado por el viaje personal del autor, este grimorio esboza una serie de serpenteantes vueltas que conducen al lector a trav\u00e9s de un laberinto de canciones, hechizos, c\u00e1nticos e invocaciones hacia el trono mismo de la Reina de las Encrucijadas.<\/p>\n<p>Inspirado directamente en los mitos mediterr\u00e1neos, la literatura cl\u00e1sica y los trabajos hechiceros de la antig\u00fcedad tard\u00eda (incluyendo a los Papiros M\u00e1gicos Griegos y material af\u00edn), El Hekat\u00e6on es un compendio \u00fanico que presenta sin temor una riqueza de herramientas m\u00e1gicas y devocionales mediante las cuales el devoto puede aliarse con los esp\u00edritus chth\u00f3nicos que otorgan el poder, la protecci\u00f3n y la gnosis de Hekate.<\/p>\n<p>&nbsp;<\/p>\n<p><span data-offset-key=\"572pr-2-0\"><em>El Hekat\u00e6on<\/em> fue creado como un acto de devoci\u00f3n y debe usarse como tal. Con ese fin, contiene cuatro secciones que permiten al lector entrar al servicio de Hekate al solicitar la ayuda de tres esp\u00edritus aliados, crear nueve herramientas de arte sagradas, aprender el significado arcano de los veintisiete ep\u00edtetos de Hekate y acceder a los poderes latentes de los titanes, los muertos y la tierra misma a trav\u00e9s de los trabajos de treinta y tres hechizos.<\/span><\/p>\n<p>&nbsp;<\/p>\n<p><span data-offset-key=\"572pr-2-0\">Una vez abierto, el libro conduce inexorablemente a cada lector por el Sendero Bifurcado, iniciando gradualmente a quienes recorren sus caminos serpenteantes en procesos cada vez m\u00e1s complejos que involucran la formaci\u00f3n de pactos con esp\u00edritus intermediarios, la consagraci\u00f3n de \u00eddolos llenos de dioses hechos de cr\u00e1neos de perros, serpientes y cabras, y la evocaci\u00f3n de seres como el daimon solar chth\u00f3nico BAXYXSYXYX (el \u2018Hijo-de-las-Tinieblas-Alma-de-las-Tinieblas) para realizar varios trabajos hechiceros de naturaleza nocturna, of\u00eddica e incluso nefasta, y mucho m\u00e1s. Nuestra edici\u00f3n contiene tres nuevos trabajos que exploran la intersecci\u00f3n de Hekate con la mesopot\u00e1mica diosa-perro Gula, el carro\u00f1ero sincr\u00e9tico egipcio Hekanubis, y Sirio, la bella pero peligrosa Estrella Perro. Tambi\u00e9n contiene diez magn\u00edficas im\u00e1genes nuevas (y veintinueve sellos redise\u00f1ados) por\u00a0Rowan E. Cassidy\u00a0y una portada exclusiva por\u00a0Orryelle Defenestrate.<\/span><\/p>\n<p>&nbsp;<\/p>\n","protected":false},"featured_media":49948,"comment_status":"closed","ping_status":"closed","template":"","meta":{"_joinchat":[]},"product_brand":[],"product_cat":[25],"product_tag":[],"class_list":{"0":"post-49947","1":"product","2":"type-product","3":"status-publish","4":"has-post-thumbnail","6":"product_cat-espanol","8":"first","9":"instock","10":"shipping-taxable","11":"purchasable","12":"product-type-variable"},"yoast_head":"<!-- This site is optimized with the Yoast SEO plugin v27.4 - https:\/\/yoast.com\/product\/yoast-seo-wordpress\/ -->\n<title>Editorial Manus Sinistra<\/title>\n<meta name=\"robots\" content=\"index, follow, max-snippet:-1, max-image-preview:large, max-video-preview:-1\" \/>\n<link rel=\"canonical\" href=\"https:\/\/manussinistra.com\/es\/producto\/hekataeon\/\" \/>\n<meta property=\"og:locale\" content=\"es_ES\" \/>\n<meta property=\"og:type\" content=\"article\" \/>\n<meta property=\"og:url\" content=\"https:\/\/manussinistra.com\/es\/producto\/hekataeon\/\" \/>\n<meta property=\"og:site_name\" content=\"Editorial Manus Sinistra\" \/>\n<meta property=\"article:modified_time\" content=\"2025-08-19T14:03:46+00:00\" \/>\n<meta property=\"og:image\" content=\"https:\/\/manussinistra.com\/es\/wp-content\/uploads\/2022\/01\/213-book-cover-mockup-free-scaled.jpg\" \/>\n\t<meta property=\"og:image:width\" content=\"2560\" \/>\n\t<meta property=\"og:image:height\" content=\"2219\" \/>\n\t<meta property=\"og:image:type\" content=\"image\/jpeg\" \/>\n<meta name=\"twitter:card\" content=\"summary_large_image\" \/>\n<script type=\"application\/ld+json\" class=\"yoast-schema-graph\">{\"@context\":\"https:\\\/\\\/schema.org\",\"@graph\":[{\"@type\":\"WebPage\",\"@id\":\"https:\\\/\\\/manussinistra.com\\\/es\\\/producto\\\/hekataeon\\\/\",\"url\":\"https:\\\/\\\/manussinistra.com\\\/es\\\/producto\\\/hekataeon\\\/\",\"name\":\"El Hekat\u00e6on: Un Himnario a Hekate - Jack Grayle - Editorial Manus Sinistra %\",\"isPartOf\":{\"@id\":\"https:\\\/\\\/manussinistra.com\\\/es\\\/#website\"},\"primaryImageOfPage\":{\"@id\":\"https:\\\/\\\/manussinistra.com\\\/es\\\/producto\\\/hekataeon\\\/#primaryimage\"},\"image\":{\"@id\":\"https:\\\/\\\/manussinistra.com\\\/es\\\/producto\\\/hekataeon\\\/#primaryimage\"},\"thumbnailUrl\":\"https:\\\/\\\/manussinistra.com\\\/es\\\/wp-content\\\/uploads\\\/2022\\\/01\\\/213-book-cover-mockup-free-scaled.jpg\",\"datePublished\":\"2022-01-18T14:24:57+00:00\",\"dateModified\":\"2025-08-19T14:03:46+00:00\",\"breadcrumb\":{\"@id\":\"https:\\\/\\\/manussinistra.com\\\/es\\\/producto\\\/hekataeon\\\/#breadcrumb\"},\"inLanguage\":\"es\",\"potentialAction\":[{\"@type\":\"ReadAction\",\"target\":[\"https:\\\/\\\/manussinistra.com\\\/es\\\/producto\\\/hekataeon\\\/\"]}]},{\"@type\":\"ImageObject\",\"inLanguage\":\"es\",\"@id\":\"https:\\\/\\\/manussinistra.com\\\/es\\\/producto\\\/hekataeon\\\/#primaryimage\",\"url\":\"https:\\\/\\\/manussinistra.com\\\/es\\\/wp-content\\\/uploads\\\/2022\\\/01\\\/213-book-cover-mockup-free-scaled.jpg\",\"contentUrl\":\"https:\\\/\\\/manussinistra.com\\\/es\\\/wp-content\\\/uploads\\\/2022\\\/01\\\/213-book-cover-mockup-free-scaled.jpg\",\"width\":2560,\"height\":2219},{\"@type\":\"BreadcrumbList\",\"@id\":\"https:\\\/\\\/manussinistra.com\\\/es\\\/producto\\\/hekataeon\\\/#breadcrumb\",\"itemListElement\":[{\"@type\":\"ListItem\",\"position\":1,\"name\":\"Portada\",\"item\":\"https:\\\/\\\/manussinistra.com\\\/es\\\/\"},{\"@type\":\"ListItem\",\"position\":2,\"name\":\"Tienda\",\"item\":\"https:\\\/\\\/manussinistra.com\\\/es\\\/tienda\\\/\"},{\"@type\":\"ListItem\",\"position\":3,\"name\":\"El Hekat\u00e6on: Un Himnario a Hekate &#8211; Jack Grayle\"}]},{\"@type\":\"WebSite\",\"@id\":\"https:\\\/\\\/manussinistra.com\\\/es\\\/#website\",\"url\":\"https:\\\/\\\/manussinistra.com\\\/es\\\/\",\"name\":\"Editorial Manus Sinistra\",\"description\":\"Sendero de la Mano Izquierda, Satanismo y Magia(k) Contemporanea\",\"potentialAction\":[{\"@type\":\"SearchAction\",\"target\":{\"@type\":\"EntryPoint\",\"urlTemplate\":\"https:\\\/\\\/manussinistra.com\\\/es\\\/?s={search_term_string}\"},\"query-input\":{\"@type\":\"PropertyValueSpecification\",\"valueRequired\":true,\"valueName\":\"search_term_string\"}}],\"inLanguage\":\"es\"}]}<\/script>\n<!-- \/ Yoast SEO plugin. -->","yoast_head_json":{"title":"Editorial Manus Sinistra","robots":{"index":"index","follow":"follow","max-snippet":"max-snippet:-1","max-image-preview":"max-image-preview:large","max-video-preview":"max-video-preview:-1"},"canonical":"https:\/\/manussinistra.com\/es\/producto\/hekataeon\/","og_locale":"es_ES","og_type":"article","og_url":"https:\/\/manussinistra.com\/es\/producto\/hekataeon\/","og_site_name":"Editorial Manus Sinistra","article_modified_time":"2025-08-19T14:03:46+00:00","og_image":[{"width":2560,"height":2219,"url":"https:\/\/manussinistra.com\/es\/wp-content\/uploads\/2022\/01\/213-book-cover-mockup-free-scaled.jpg","type":"image\/jpeg"}],"twitter_card":"summary_large_image","schema":{"@context":"https:\/\/schema.org","@graph":[{"@type":"WebPage","@id":"https:\/\/manussinistra.com\/es\/producto\/hekataeon\/","url":"https:\/\/manussinistra.com\/es\/producto\/hekataeon\/","name":"El Hekat\u00e6on: Un Himnario a Hekate - Jack Grayle - Editorial Manus Sinistra %","isPartOf":{"@id":"https:\/\/manussinistra.com\/es\/#website"},"primaryImageOfPage":{"@id":"https:\/\/manussinistra.com\/es\/producto\/hekataeon\/#primaryimage"},"image":{"@id":"https:\/\/manussinistra.com\/es\/producto\/hekataeon\/#primaryimage"},"thumbnailUrl":"https:\/\/manussinistra.com\/es\/wp-content\/uploads\/2022\/01\/213-book-cover-mockup-free-scaled.jpg","datePublished":"2022-01-18T14:24:57+00:00","dateModified":"2025-08-19T14:03:46+00:00","breadcrumb":{"@id":"https:\/\/manussinistra.com\/es\/producto\/hekataeon\/#breadcrumb"},"inLanguage":"es","potentialAction":[{"@type":"ReadAction","target":["https:\/\/manussinistra.com\/es\/producto\/hekataeon\/"]}]},{"@type":"ImageObject","inLanguage":"es","@id":"https:\/\/manussinistra.com\/es\/producto\/hekataeon\/#primaryimage","url":"https:\/\/manussinistra.com\/es\/wp-content\/uploads\/2022\/01\/213-book-cover-mockup-free-scaled.jpg","contentUrl":"https:\/\/manussinistra.com\/es\/wp-content\/uploads\/2022\/01\/213-book-cover-mockup-free-scaled.jpg","width":2560,"height":2219},{"@type":"BreadcrumbList","@id":"https:\/\/manussinistra.com\/es\/producto\/hekataeon\/#breadcrumb","itemListElement":[{"@type":"ListItem","position":1,"name":"Portada","item":"https:\/\/manussinistra.com\/es\/"},{"@type":"ListItem","position":2,"name":"Tienda","item":"https:\/\/manussinistra.com\/es\/tienda\/"},{"@type":"ListItem","position":3,"name":"El Hekat\u00e6on: Un Himnario a Hekate &#8211; Jack Grayle"}]},{"@type":"WebSite","@id":"https:\/\/manussinistra.com\/es\/#website","url":"https:\/\/manussinistra.com\/es\/","name":"Editorial Manus Sinistra","description":"Sendero de la Mano Izquierda, Satanismo y Magia(k) Contemporanea","potentialAction":[{"@type":"SearchAction","target":{"@type":"EntryPoint","urlTemplate":"https:\/\/manussinistra.com\/es\/?s={search_term_string}"},"query-input":{"@type":"PropertyValueSpecification","valueRequired":true,"valueName":"search_term_string"}}],"inLanguage":"es"}]}},"_links":{"self":[{"href":"https:\/\/manussinistra.com\/es\/wp-json\/wp\/v2\/product\/49947","targetHints":{"allow":["GET"]}}],"collection":[{"href":"https:\/\/manussinistra.com\/es\/wp-json\/wp\/v2\/product"}],"about":[{"href":"https:\/\/manussinistra.com\/es\/wp-json\/wp\/v2\/types\/product"}],"replies":[{"embeddable":true,"href":"https:\/\/manussinistra.com\/es\/wp-json\/wp\/v2\/comments?post=49947"}],"wp:featuredmedia":[{"embeddable":true,"href":"https:\/\/manussinistra.com\/es\/wp-json\/wp\/v2\/media\/49948"}],"wp:attachment":[{"href":"https:\/\/manussinistra.com\/es\/wp-json\/wp\/v2\/media?parent=49947"}],"wp:term":[{"taxonomy":"product_brand","embeddable":true,"href":"https:\/\/manussinistra.com\/es\/wp-json\/wp\/v2\/product_brand?post=49947"},{"taxonomy":"product_cat","embeddable":true,"href":"https:\/\/manussinistra.com\/es\/wp-json\/wp\/v2\/product_cat?post=49947"},{"taxonomy":"product_tag","embeddable":true,"href":"https:\/\/manussinistra.com\/es\/wp-json\/wp\/v2\/product_tag?post=49947"}],"curies":[{"name":"wp","href":"https:\/\/api.w.org\/{rel}","templated":true}]}}