{"id":36147,"date":"2021-04-06T21:27:05","date_gmt":"2021-04-06T21:27:05","guid":{"rendered":"https:\/\/manussinistra.com\/es\/?post_type=product&#038;p=36147"},"modified":"2025-08-08T19:13:50","modified_gmt":"2025-08-08T19:13:50","slug":"los-cultos-de-la-sombra","status":"publish","type":"product","link":"https:\/\/manussinistra.com\/es\/producto\/los-cultos-de-la-sombra\/","title":{"rendered":"Los Cultos de la Sombra &#8211; Kenneth Grant"},"content":{"rendered":"","protected":false},"excerpt":{"rendered":"<div class=\"kvgmc6g5 cxmmr5t8 oygrvhab hcukyx3x c1et5uql\">\n<p>PREVENTA CON -15% DESCUENTO HASTA EL 31\/10.<\/p>\n<p>FECHA DE PUBLICACI\u00d3N ESTIMADA: <strong>Fines de noviembre, inicios de diciembre.<\/strong><\/p>\n<p>&nbsp;<\/p>\n<p><em>Los Cultos de la Sombra<\/em> explora aspectos oscuros del ocultismo que a menudo han sido asociados de manera equivocada con los fen\u00f3menos negativos y sensacionalistas de la llamada \u201cmagia negra\u201d.<\/p>\n<p>&nbsp;<\/p>\n<p>Mucho se ha escrito sobre las doctrinas y t\u00e9cnicas del Sendero de la Mano Derecha, pero en el momento de la publicaci\u00f3n inicial de este libro en 1975, fue la primera vez que se puso a disposici\u00f3n del p\u00fablico un estudio serio de las t\u00e9cnicas igualmente v\u00e1lidas y leg\u00edtimas del Sendero de la Mano Izquierda. Como un camino de realizaci\u00f3n espiritual, el Sendero de la Mano Izquierda tiene una historia m\u00e1s antigua que su contraparte m\u00e1s conocida, ya que se origina en fases primordiales de la consciencia que se manifestaron en tiempos hist\u00f3ricos a trav\u00e9s de las Tradiciones Ofidianas de \u00c1frica, los Cultos Draconianos del antiguo Egipto y los Sistemas T\u00e1ntricos de la India y el Lejano Oriente. La evoluci\u00f3n de estos Misterios se rastrea aqu\u00ed a trav\u00e9s de estas, sus primeras manifestaciones, hasta el presente.<\/p>\n<p>&nbsp;<\/p>\n<p>El Sendero de la Mano Izquierda ha sido evitado y mantenido fuera de la vista porque implica el uso de las fuerzas sexuales como medio para despertar el Poder de la Serpiente o la Serpiente de Fuego, la clave de la consciencia c\u00f3smica, y tambi\u00e9n para controlar y dirigir las fuerzas ocultas de la mente subconsciente, el reservorio de conocimiento infinito. La aproximaci\u00f3n generalmente m\u00e1s ilustrada de estos asuntos en la \u00e9poca actual, despu\u00e9s de la era cristiana, ha hecho posible la publicaci\u00f3n de estos \u201csecretos ocultos\u201d, que durante casi 2,000 a\u00f1os han sido anatematizados debido a su naturaleza psicosexual.<\/p>\n<p>&nbsp;<\/p>\n<p>Los exponentes actuales de estos Misterios han formado sus propios cultos para el resurgimiento y la promulgaci\u00f3n de esta Gnosis Secreta. Entre ellos se encuentran Aleister Crowley, con su Culto de la Bestia y la Mujer Escarlata; Charles Stansfeld Jones, con sus curiosas investigaciones qabal\u00edsticas; Austin Osman Spare, el artista que desarroll\u00f3 su propio sistema de magia sexual basado en antiguos secretos de la hechicer\u00eda; y Michael Bertiaux, con su Culto de la Serpiente Negra.<\/p>\n<\/div>\n","protected":false},"featured_media":55858,"comment_status":"closed","ping_status":"closed","template":"","meta":{"_joinchat":[]},"product_brand":[],"product_cat":[25],"product_tag":[],"class_list":{"0":"post-36147","1":"product","2":"type-product","3":"status-publish","4":"has-post-thumbnail","6":"product_cat-espanol","8":"first","9":"instock","10":"shipping-taxable","11":"purchasable","12":"product-type-variable"},"yoast_head":"<!-- This site is optimized with the Yoast SEO plugin v27.4 - https:\/\/yoast.com\/product\/yoast-seo-wordpress\/ -->\n<title>Editorial Manus Sinistra<\/title>\n<meta name=\"robots\" content=\"index, follow, max-snippet:-1, max-image-preview:large, max-video-preview:-1\" \/>\n<link rel=\"canonical\" href=\"https:\/\/manussinistra.com\/es\/producto\/los-cultos-de-la-sombra\/\" \/>\n<meta property=\"og:locale\" content=\"es_ES\" \/>\n<meta property=\"og:type\" content=\"article\" \/>\n<meta property=\"og:url\" content=\"https:\/\/manussinistra.com\/es\/producto\/los-cultos-de-la-sombra\/\" \/>\n<meta property=\"og:site_name\" content=\"Editorial Manus Sinistra\" \/>\n<meta property=\"article:modified_time\" content=\"2025-08-08T19:13:50+00:00\" \/>\n<meta property=\"og:image\" content=\"https:\/\/manussinistra.com\/es\/wp-content\/uploads\/2021\/04\/cultos-scaled.jpg\" \/>\n\t<meta property=\"og:image:width\" content=\"2560\" \/>\n\t<meta property=\"og:image:height\" content=\"1809\" \/>\n\t<meta property=\"og:image:type\" content=\"image\/jpeg\" \/>\n<meta name=\"twitter:card\" content=\"summary_large_image\" \/>\n<meta name=\"twitter:label1\" content=\"Tiempo de lectura\" \/>\n\t<meta name=\"twitter:data1\" content=\"1 minuto\" \/>\n<script type=\"application\/ld+json\" class=\"yoast-schema-graph\">{\"@context\":\"https:\\\/\\\/schema.org\",\"@graph\":[{\"@type\":\"WebPage\",\"@id\":\"https:\\\/\\\/manussinistra.com\\\/es\\\/producto\\\/los-cultos-de-la-sombra\\\/\",\"url\":\"https:\\\/\\\/manussinistra.com\\\/es\\\/producto\\\/los-cultos-de-la-sombra\\\/\",\"name\":\"Los Cultos de la Sombra - Kenneth Grant - Editorial Manus Sinistra\",\"isPartOf\":{\"@id\":\"https:\\\/\\\/manussinistra.com\\\/es\\\/#website\"},\"primaryImageOfPage\":{\"@id\":\"https:\\\/\\\/manussinistra.com\\\/es\\\/producto\\\/los-cultos-de-la-sombra\\\/#primaryimage\"},\"image\":{\"@id\":\"https:\\\/\\\/manussinistra.com\\\/es\\\/producto\\\/los-cultos-de-la-sombra\\\/#primaryimage\"},\"thumbnailUrl\":\"https:\\\/\\\/manussinistra.com\\\/es\\\/wp-content\\\/uploads\\\/2021\\\/04\\\/cultos-scaled.jpg\",\"datePublished\":\"2021-04-06T21:27:05+00:00\",\"dateModified\":\"2025-08-08T19:13:50+00:00\",\"breadcrumb\":{\"@id\":\"https:\\\/\\\/manussinistra.com\\\/es\\\/producto\\\/los-cultos-de-la-sombra\\\/#breadcrumb\"},\"inLanguage\":\"es\",\"potentialAction\":[{\"@type\":\"ReadAction\",\"target\":[\"https:\\\/\\\/manussinistra.com\\\/es\\\/producto\\\/los-cultos-de-la-sombra\\\/\"]}]},{\"@type\":\"ImageObject\",\"inLanguage\":\"es\",\"@id\":\"https:\\\/\\\/manussinistra.com\\\/es\\\/producto\\\/los-cultos-de-la-sombra\\\/#primaryimage\",\"url\":\"https:\\\/\\\/manussinistra.com\\\/es\\\/wp-content\\\/uploads\\\/2021\\\/04\\\/cultos-scaled.jpg\",\"contentUrl\":\"https:\\\/\\\/manussinistra.com\\\/es\\\/wp-content\\\/uploads\\\/2021\\\/04\\\/cultos-scaled.jpg\",\"width\":2560,\"height\":1809},{\"@type\":\"BreadcrumbList\",\"@id\":\"https:\\\/\\\/manussinistra.com\\\/es\\\/producto\\\/los-cultos-de-la-sombra\\\/#breadcrumb\",\"itemListElement\":[{\"@type\":\"ListItem\",\"position\":1,\"name\":\"Portada\",\"item\":\"https:\\\/\\\/manussinistra.com\\\/es\\\/\"},{\"@type\":\"ListItem\",\"position\":2,\"name\":\"Tienda\",\"item\":\"https:\\\/\\\/manussinistra.com\\\/es\\\/tienda\\\/\"},{\"@type\":\"ListItem\",\"position\":3,\"name\":\"Los Cultos de la Sombra &#8211; Kenneth Grant\"}]},{\"@type\":\"WebSite\",\"@id\":\"https:\\\/\\\/manussinistra.com\\\/es\\\/#website\",\"url\":\"https:\\\/\\\/manussinistra.com\\\/es\\\/\",\"name\":\"Editorial Manus Sinistra\",\"description\":\"Sendero de la Mano Izquierda, Satanismo y Magia(k) Contemporanea\",\"potentialAction\":[{\"@type\":\"SearchAction\",\"target\":{\"@type\":\"EntryPoint\",\"urlTemplate\":\"https:\\\/\\\/manussinistra.com\\\/es\\\/?s={search_term_string}\"},\"query-input\":{\"@type\":\"PropertyValueSpecification\",\"valueRequired\":true,\"valueName\":\"search_term_string\"}}],\"inLanguage\":\"es\"}]}<\/script>\n<!-- \/ Yoast SEO plugin. -->","yoast_head_json":{"title":"Editorial Manus Sinistra","robots":{"index":"index","follow":"follow","max-snippet":"max-snippet:-1","max-image-preview":"max-image-preview:large","max-video-preview":"max-video-preview:-1"},"canonical":"https:\/\/manussinistra.com\/es\/producto\/los-cultos-de-la-sombra\/","og_locale":"es_ES","og_type":"article","og_url":"https:\/\/manussinistra.com\/es\/producto\/los-cultos-de-la-sombra\/","og_site_name":"Editorial Manus Sinistra","article_modified_time":"2025-08-08T19:13:50+00:00","og_image":[{"width":2560,"height":1809,"url":"https:\/\/manussinistra.com\/es\/wp-content\/uploads\/2021\/04\/cultos-scaled.jpg","type":"image\/jpeg"}],"twitter_card":"summary_large_image","twitter_misc":{"Tiempo de lectura":"1 minuto"},"schema":{"@context":"https:\/\/schema.org","@graph":[{"@type":"WebPage","@id":"https:\/\/manussinistra.com\/es\/producto\/los-cultos-de-la-sombra\/","url":"https:\/\/manussinistra.com\/es\/producto\/los-cultos-de-la-sombra\/","name":"Los Cultos de la Sombra - Kenneth Grant - Editorial Manus Sinistra","isPartOf":{"@id":"https:\/\/manussinistra.com\/es\/#website"},"primaryImageOfPage":{"@id":"https:\/\/manussinistra.com\/es\/producto\/los-cultos-de-la-sombra\/#primaryimage"},"image":{"@id":"https:\/\/manussinistra.com\/es\/producto\/los-cultos-de-la-sombra\/#primaryimage"},"thumbnailUrl":"https:\/\/manussinistra.com\/es\/wp-content\/uploads\/2021\/04\/cultos-scaled.jpg","datePublished":"2021-04-06T21:27:05+00:00","dateModified":"2025-08-08T19:13:50+00:00","breadcrumb":{"@id":"https:\/\/manussinistra.com\/es\/producto\/los-cultos-de-la-sombra\/#breadcrumb"},"inLanguage":"es","potentialAction":[{"@type":"ReadAction","target":["https:\/\/manussinistra.com\/es\/producto\/los-cultos-de-la-sombra\/"]}]},{"@type":"ImageObject","inLanguage":"es","@id":"https:\/\/manussinistra.com\/es\/producto\/los-cultos-de-la-sombra\/#primaryimage","url":"https:\/\/manussinistra.com\/es\/wp-content\/uploads\/2021\/04\/cultos-scaled.jpg","contentUrl":"https:\/\/manussinistra.com\/es\/wp-content\/uploads\/2021\/04\/cultos-scaled.jpg","width":2560,"height":1809},{"@type":"BreadcrumbList","@id":"https:\/\/manussinistra.com\/es\/producto\/los-cultos-de-la-sombra\/#breadcrumb","itemListElement":[{"@type":"ListItem","position":1,"name":"Portada","item":"https:\/\/manussinistra.com\/es\/"},{"@type":"ListItem","position":2,"name":"Tienda","item":"https:\/\/manussinistra.com\/es\/tienda\/"},{"@type":"ListItem","position":3,"name":"Los Cultos de la Sombra &#8211; Kenneth Grant"}]},{"@type":"WebSite","@id":"https:\/\/manussinistra.com\/es\/#website","url":"https:\/\/manussinistra.com\/es\/","name":"Editorial Manus Sinistra","description":"Sendero de la Mano Izquierda, Satanismo y Magia(k) Contemporanea","potentialAction":[{"@type":"SearchAction","target":{"@type":"EntryPoint","urlTemplate":"https:\/\/manussinistra.com\/es\/?s={search_term_string}"},"query-input":{"@type":"PropertyValueSpecification","valueRequired":true,"valueName":"search_term_string"}}],"inLanguage":"es"}]}},"_links":{"self":[{"href":"https:\/\/manussinistra.com\/es\/wp-json\/wp\/v2\/product\/36147","targetHints":{"allow":["GET"]}}],"collection":[{"href":"https:\/\/manussinistra.com\/es\/wp-json\/wp\/v2\/product"}],"about":[{"href":"https:\/\/manussinistra.com\/es\/wp-json\/wp\/v2\/types\/product"}],"replies":[{"embeddable":true,"href":"https:\/\/manussinistra.com\/es\/wp-json\/wp\/v2\/comments?post=36147"}],"wp:featuredmedia":[{"embeddable":true,"href":"https:\/\/manussinistra.com\/es\/wp-json\/wp\/v2\/media\/55858"}],"wp:attachment":[{"href":"https:\/\/manussinistra.com\/es\/wp-json\/wp\/v2\/media?parent=36147"}],"wp:term":[{"taxonomy":"product_brand","embeddable":true,"href":"https:\/\/manussinistra.com\/es\/wp-json\/wp\/v2\/product_brand?post=36147"},{"taxonomy":"product_cat","embeddable":true,"href":"https:\/\/manussinistra.com\/es\/wp-json\/wp\/v2\/product_cat?post=36147"},{"taxonomy":"product_tag","embeddable":true,"href":"https:\/\/manussinistra.com\/es\/wp-json\/wp\/v2\/product_tag?post=36147"}],"curies":[{"name":"wp","href":"https:\/\/api.w.org\/{rel}","templated":true}]}}