{"id":36139,"date":"2021-04-06T21:22:50","date_gmt":"2021-04-06T21:22:50","guid":{"rendered":"https:\/\/manussinistra.com\/es\/?post_type=product&#038;p=36139"},"modified":"2026-03-29T17:30:58","modified_gmt":"2026-03-29T17:30:58","slug":"el-libro-de-la-luna-bruja-michael-w-ford","status":"publish","type":"product","link":"https:\/\/manussinistra.com\/es\/producto\/el-libro-de-la-luna-bruja-michael-w-ford\/","title":{"rendered":"El Libro de la Luna Bruja: Caos, Vampyrismo y Hechicer\u00eda Vampyrica &#8211; Michael W. Ford"},"content":{"rendered":"","protected":false},"excerpt":{"rendered":"<div class=\"o9v6fnle cxmmr5t8 oygrvhab hcukyx3x c1et5uql\">El presente grimorio revela los trabajos prohibidos de la Magia Luciferina. Describiendo la oscura corriente femenina de H\u00e9cate, el libro delinea la pr\u00e1ctica de la magia del Sendero de la Mano Izquierda a la luz oscura de la brujer\u00eda tradicional europea, el caos y el vampyrismo en una aproximaci\u00f3n transcultural desde la antig\u00fcedad hasta nuestros d\u00edas. El Libro de la Luna Bruja explora los rituales y la licantrop\u00eda de los sue\u00f1os, la hechicer\u00eda del caos y pr\u00e1ctica ritual luciferina. El contenido se desarrolla a trav\u00e9s de los cimientos de la Diosa Triple y el vampyrismo.<\/div>\n<div><\/div>\n<div class=\"o9v6fnle cxmmr5t8 oygrvhab hcukyx3x c1et5uql\">Algunos temas presentados en el libro son: Los Nueve \u00c1ngulos y los trabajos con la Magia del Trapezoedro, inspirado en Anton LaVey y re-elaborados en torno al culto del Daeva-Yasna, la hechicer\u00eda daemon\u00edaca persa del Yatuk Dinoih. La iniciaci\u00f3n en el Sendero de la Mano Izquierda a trav\u00e9s de H\u00e9cate y Bafomet, el Hombre Negro del Sabbat. La magia on\u00edrica, el vampirismo ritual y astral como una herramienta de iniciaci\u00f3n y los sabbat infernal y luciferino. Trabajos qabal\u00edsticos centrados en las qlippoth y el \u00c1rbol de Da&#8217;ath o sabidur\u00eda oculta. Los trabajos del Culto Ca\u00f3tico de Choronzon como vampyro y sus servidores. Un estudio de la Orden de los Nueve \u00c1ngulos desde una perspectiva luciferina, incluyendo la presentaci\u00f3n de Lilith-Babalon como Bafomet, la Se\u00f1ora de la Sangre. Escritos de la Orden Negra del Drag\u00f3n, los primeros d\u00edas de la Orden del F\u00f3sforo, y varios grimorios peque\u00f1os hecho por el autor en los primeros a\u00f1os como escritor. Con una introducci\u00f3n por Peter J. Carroll.<\/div>\n<div><\/div>\n<div class=\"o9v6fnle cxmmr5t8 oygrvhab hcukyx3x c1et5uql\">Nuestra edici\u00f3n contiene mucho material adicional a todas las ediciones anteriores (90\u2019s y 2006) y escritos internos de las \u00f3rdenes del autor, correcciones y arte elaborado exclusivamente para el nuevo relanzamiento de un cl\u00e1sico \u00a1conmemorando sus 20 a\u00f1os!, gracias a Valentina Reyes, Juli\u00e1n Cruz y Erick Spirit.<\/div>\n","protected":false},"featured_media":36140,"comment_status":"closed","ping_status":"closed","template":"","meta":{"_joinchat":[]},"product_brand":[],"product_cat":[25],"product_tag":[],"class_list":{"0":"post-36139","1":"product","2":"type-product","3":"status-publish","4":"has-post-thumbnail","6":"product_cat-espanol","8":"first","9":"instock","10":"shipping-taxable","11":"purchasable","12":"product-type-variable","13":"has-default-attributes"},"yoast_head":"<!-- This site is optimized with the Yoast SEO plugin v27.4 - https:\/\/yoast.com\/product\/yoast-seo-wordpress\/ -->\n<title>Editorial Manus Sinistra<\/title>\n<meta name=\"robots\" content=\"index, follow, max-snippet:-1, max-image-preview:large, max-video-preview:-1\" \/>\n<link rel=\"canonical\" href=\"https:\/\/manussinistra.com\/es\/producto\/el-libro-de-la-luna-bruja-michael-w-ford\/\" \/>\n<meta property=\"og:locale\" content=\"es_ES\" \/>\n<meta property=\"og:type\" content=\"article\" \/>\n<meta property=\"og:url\" content=\"https:\/\/manussinistra.com\/es\/producto\/el-libro-de-la-luna-bruja-michael-w-ford\/\" \/>\n<meta property=\"og:site_name\" content=\"Editorial Manus Sinistra\" \/>\n<meta property=\"article:modified_time\" content=\"2026-03-29T17:30:58+00:00\" \/>\n<meta property=\"og:image\" content=\"https:\/\/manussinistra.com\/es\/wp-content\/uploads\/2021\/04\/luna-bruja.jpg\" \/>\n\t<meta property=\"og:image:width\" content=\"685\" \/>\n\t<meta property=\"og:image:height\" content=\"960\" \/>\n\t<meta property=\"og:image:type\" content=\"image\/jpeg\" \/>\n<meta name=\"twitter:card\" content=\"summary_large_image\" \/>\n<script type=\"application\/ld+json\" class=\"yoast-schema-graph\">{\"@context\":\"https:\\\/\\\/schema.org\",\"@graph\":[{\"@type\":\"WebPage\",\"@id\":\"https:\\\/\\\/manussinistra.com\\\/es\\\/producto\\\/el-libro-de-la-luna-bruja-michael-w-ford\\\/\",\"url\":\"https:\\\/\\\/manussinistra.com\\\/es\\\/producto\\\/el-libro-de-la-luna-bruja-michael-w-ford\\\/\",\"name\":\"El Libro de la Luna Bruja: Caos, Vampyrismo y Hechicer\u00eda Vampyrica - Michael W. Ford - Editorial Manus Sinistra\",\"isPartOf\":{\"@id\":\"https:\\\/\\\/manussinistra.com\\\/es\\\/#website\"},\"primaryImageOfPage\":{\"@id\":\"https:\\\/\\\/manussinistra.com\\\/es\\\/producto\\\/el-libro-de-la-luna-bruja-michael-w-ford\\\/#primaryimage\"},\"image\":{\"@id\":\"https:\\\/\\\/manussinistra.com\\\/es\\\/producto\\\/el-libro-de-la-luna-bruja-michael-w-ford\\\/#primaryimage\"},\"thumbnailUrl\":\"https:\\\/\\\/manussinistra.com\\\/es\\\/wp-content\\\/uploads\\\/2021\\\/04\\\/luna-bruja.jpg\",\"datePublished\":\"2021-04-06T21:22:50+00:00\",\"dateModified\":\"2026-03-29T17:30:58+00:00\",\"breadcrumb\":{\"@id\":\"https:\\\/\\\/manussinistra.com\\\/es\\\/producto\\\/el-libro-de-la-luna-bruja-michael-w-ford\\\/#breadcrumb\"},\"inLanguage\":\"es\",\"potentialAction\":[{\"@type\":\"ReadAction\",\"target\":[\"https:\\\/\\\/manussinistra.com\\\/es\\\/producto\\\/el-libro-de-la-luna-bruja-michael-w-ford\\\/\"]}]},{\"@type\":\"ImageObject\",\"inLanguage\":\"es\",\"@id\":\"https:\\\/\\\/manussinistra.com\\\/es\\\/producto\\\/el-libro-de-la-luna-bruja-michael-w-ford\\\/#primaryimage\",\"url\":\"https:\\\/\\\/manussinistra.com\\\/es\\\/wp-content\\\/uploads\\\/2021\\\/04\\\/luna-bruja.jpg\",\"contentUrl\":\"https:\\\/\\\/manussinistra.com\\\/es\\\/wp-content\\\/uploads\\\/2021\\\/04\\\/luna-bruja.jpg\",\"width\":685,\"height\":960},{\"@type\":\"BreadcrumbList\",\"@id\":\"https:\\\/\\\/manussinistra.com\\\/es\\\/producto\\\/el-libro-de-la-luna-bruja-michael-w-ford\\\/#breadcrumb\",\"itemListElement\":[{\"@type\":\"ListItem\",\"position\":1,\"name\":\"Portada\",\"item\":\"https:\\\/\\\/manussinistra.com\\\/es\\\/\"},{\"@type\":\"ListItem\",\"position\":2,\"name\":\"Tienda\",\"item\":\"https:\\\/\\\/manussinistra.com\\\/es\\\/tienda\\\/\"},{\"@type\":\"ListItem\",\"position\":3,\"name\":\"El Libro de la Luna Bruja: Caos, Vampyrismo y Hechicer\u00eda Vampyrica &#8211; Michael W. Ford\"}]},{\"@type\":\"WebSite\",\"@id\":\"https:\\\/\\\/manussinistra.com\\\/es\\\/#website\",\"url\":\"https:\\\/\\\/manussinistra.com\\\/es\\\/\",\"name\":\"Editorial Manus Sinistra\",\"description\":\"Sendero de la Mano Izquierda, Satanismo y Magia(k) Contemporanea\",\"potentialAction\":[{\"@type\":\"SearchAction\",\"target\":{\"@type\":\"EntryPoint\",\"urlTemplate\":\"https:\\\/\\\/manussinistra.com\\\/es\\\/?s={search_term_string}\"},\"query-input\":{\"@type\":\"PropertyValueSpecification\",\"valueRequired\":true,\"valueName\":\"search_term_string\"}}],\"inLanguage\":\"es\"}]}<\/script>\n<!-- \/ Yoast SEO plugin. -->","yoast_head_json":{"title":"Editorial Manus Sinistra","robots":{"index":"index","follow":"follow","max-snippet":"max-snippet:-1","max-image-preview":"max-image-preview:large","max-video-preview":"max-video-preview:-1"},"canonical":"https:\/\/manussinistra.com\/es\/producto\/el-libro-de-la-luna-bruja-michael-w-ford\/","og_locale":"es_ES","og_type":"article","og_url":"https:\/\/manussinistra.com\/es\/producto\/el-libro-de-la-luna-bruja-michael-w-ford\/","og_site_name":"Editorial Manus Sinistra","article_modified_time":"2026-03-29T17:30:58+00:00","og_image":[{"width":685,"height":960,"url":"https:\/\/manussinistra.com\/es\/wp-content\/uploads\/2021\/04\/luna-bruja.jpg","type":"image\/jpeg"}],"twitter_card":"summary_large_image","schema":{"@context":"https:\/\/schema.org","@graph":[{"@type":"WebPage","@id":"https:\/\/manussinistra.com\/es\/producto\/el-libro-de-la-luna-bruja-michael-w-ford\/","url":"https:\/\/manussinistra.com\/es\/producto\/el-libro-de-la-luna-bruja-michael-w-ford\/","name":"El Libro de la Luna Bruja: Caos, Vampyrismo y Hechicer\u00eda Vampyrica - Michael W. Ford - Editorial Manus Sinistra","isPartOf":{"@id":"https:\/\/manussinistra.com\/es\/#website"},"primaryImageOfPage":{"@id":"https:\/\/manussinistra.com\/es\/producto\/el-libro-de-la-luna-bruja-michael-w-ford\/#primaryimage"},"image":{"@id":"https:\/\/manussinistra.com\/es\/producto\/el-libro-de-la-luna-bruja-michael-w-ford\/#primaryimage"},"thumbnailUrl":"https:\/\/manussinistra.com\/es\/wp-content\/uploads\/2021\/04\/luna-bruja.jpg","datePublished":"2021-04-06T21:22:50+00:00","dateModified":"2026-03-29T17:30:58+00:00","breadcrumb":{"@id":"https:\/\/manussinistra.com\/es\/producto\/el-libro-de-la-luna-bruja-michael-w-ford\/#breadcrumb"},"inLanguage":"es","potentialAction":[{"@type":"ReadAction","target":["https:\/\/manussinistra.com\/es\/producto\/el-libro-de-la-luna-bruja-michael-w-ford\/"]}]},{"@type":"ImageObject","inLanguage":"es","@id":"https:\/\/manussinistra.com\/es\/producto\/el-libro-de-la-luna-bruja-michael-w-ford\/#primaryimage","url":"https:\/\/manussinistra.com\/es\/wp-content\/uploads\/2021\/04\/luna-bruja.jpg","contentUrl":"https:\/\/manussinistra.com\/es\/wp-content\/uploads\/2021\/04\/luna-bruja.jpg","width":685,"height":960},{"@type":"BreadcrumbList","@id":"https:\/\/manussinistra.com\/es\/producto\/el-libro-de-la-luna-bruja-michael-w-ford\/#breadcrumb","itemListElement":[{"@type":"ListItem","position":1,"name":"Portada","item":"https:\/\/manussinistra.com\/es\/"},{"@type":"ListItem","position":2,"name":"Tienda","item":"https:\/\/manussinistra.com\/es\/tienda\/"},{"@type":"ListItem","position":3,"name":"El Libro de la Luna Bruja: Caos, Vampyrismo y Hechicer\u00eda Vampyrica &#8211; Michael W. Ford"}]},{"@type":"WebSite","@id":"https:\/\/manussinistra.com\/es\/#website","url":"https:\/\/manussinistra.com\/es\/","name":"Editorial Manus Sinistra","description":"Sendero de la Mano Izquierda, Satanismo y Magia(k) Contemporanea","potentialAction":[{"@type":"SearchAction","target":{"@type":"EntryPoint","urlTemplate":"https:\/\/manussinistra.com\/es\/?s={search_term_string}"},"query-input":{"@type":"PropertyValueSpecification","valueRequired":true,"valueName":"search_term_string"}}],"inLanguage":"es"}]}},"_links":{"self":[{"href":"https:\/\/manussinistra.com\/es\/wp-json\/wp\/v2\/product\/36139","targetHints":{"allow":["GET"]}}],"collection":[{"href":"https:\/\/manussinistra.com\/es\/wp-json\/wp\/v2\/product"}],"about":[{"href":"https:\/\/manussinistra.com\/es\/wp-json\/wp\/v2\/types\/product"}],"replies":[{"embeddable":true,"href":"https:\/\/manussinistra.com\/es\/wp-json\/wp\/v2\/comments?post=36139"}],"wp:featuredmedia":[{"embeddable":true,"href":"https:\/\/manussinistra.com\/es\/wp-json\/wp\/v2\/media\/36140"}],"wp:attachment":[{"href":"https:\/\/manussinistra.com\/es\/wp-json\/wp\/v2\/media?parent=36139"}],"wp:term":[{"taxonomy":"product_brand","embeddable":true,"href":"https:\/\/manussinistra.com\/es\/wp-json\/wp\/v2\/product_brand?post=36139"},{"taxonomy":"product_cat","embeddable":true,"href":"https:\/\/manussinistra.com\/es\/wp-json\/wp\/v2\/product_cat?post=36139"},{"taxonomy":"product_tag","embeddable":true,"href":"https:\/\/manussinistra.com\/es\/wp-json\/wp\/v2\/product_tag?post=36139"}],"curies":[{"name":"wp","href":"https:\/\/api.w.org\/{rel}","templated":true}]}}