{"id":36130,"date":"2021-04-06T21:18:01","date_gmt":"2021-04-06T21:18:01","guid":{"rendered":"https:\/\/manussinistra.com\/es\/?post_type=product&#038;p=36130"},"modified":"2021-12-23T22:00:40","modified_gmt":"2021-12-23T22:00:40","slug":"el-grimorio-de-tiamat-asenath-mason","status":"publish","type":"product","link":"https:\/\/manussinistra.com\/es\/producto\/el-grimorio-de-tiamat-asenath-mason\/","title":{"rendered":"El Grimorio de Tiamat &#8211; Asenath Mason"},"content":{"rendered":"","protected":false},"excerpt":{"rendered":"<div class=\"kvgmc6g5 cxmmr5t8 oygrvhab hcukyx3x c1et5uql\">Tiamat es la Diosa Drag\u00f3n Primigenia, la primera, \u201cla que engendr\u00f3 a los dioses del universo\u201d, la Madre de Todo, el vientre que se auto-procrea, la fuente de toda vida y toda manifestaci\u00f3n. El trabajo descrito en este libro fue inspirado por la epopeya babil\u00f3nica conocida como \u2018Enuma Elish\u2019, uno de los mitos de creaci\u00f3n m\u00e1s antiguos del mundo. \u2018El Grimorio de Tiamat\u2019 presenta un sistema completo de magia basado en la diosa primigenia mesopot\u00e1mica, Tiamat, y los once demonios que cre\u00f3 para ayudarla en su lucha contra el nuevo orden de dioses liderado por Marduk. El libro est\u00e1 dividido en tres secciones: primero, una larga introducci\u00f3n del tema y la cosmolog\u00eda, seguido de trabajos individuales para cada uno de los once dioses-demonios, y luego un ap\u00e9ndice final de trabajos relacionados tem\u00e1ticamente que se centran directamente en Tiamat y Kingu. La segunda secci\u00f3n, \u2018Los Hijos de Tiamat\u2019, presenta formas de trabajar con cada uno de los once dioses- demonios, precedidos de una explicaci\u00f3n de las t\u00e9cnicas que siguen y el uso de la Llave de la Noche, un sigilo maestro que se emplea durante todo el trabajo como una forma de acceder al Lado Nocturno. La secci\u00f3n final de \u2018El Grimorio de Tiamat\u2019 es un ap\u00e9ndice que vuelve a centrarse en ella, pues toma la forma de una meditaci\u00f3n guiada dentro de las aguas de Tiamat, un ritual para dos participantes que invocan a Tiamat y Kingu, un rito mal\u00e9fico y un debate sobre el inframundo en la creencia mesopot\u00e1mica, seguido de un trabajo de sendero ct\u00f3nico.<\/div>\n","protected":false},"featured_media":36135,"comment_status":"closed","ping_status":"closed","template":"","meta":{"_joinchat":[]},"product_brand":[],"product_cat":[25],"product_tag":[],"class_list":{"0":"post-36130","1":"product","2":"type-product","3":"status-publish","4":"has-post-thumbnail","6":"product_cat-espanol","8":"first","9":"instock","10":"shipping-taxable","11":"purchasable","12":"product-type-variable","13":"has-default-attributes"},"yoast_head":"<!-- This site is optimized with the Yoast SEO plugin v27.4 - https:\/\/yoast.com\/product\/yoast-seo-wordpress\/ -->\n<title>Editorial Manus Sinistra<\/title>\n<meta name=\"robots\" content=\"index, follow, max-snippet:-1, max-image-preview:large, max-video-preview:-1\" \/>\n<link rel=\"canonical\" href=\"https:\/\/manussinistra.com\/es\/producto\/el-grimorio-de-tiamat-asenath-mason\/\" \/>\n<meta property=\"og:locale\" content=\"es_ES\" \/>\n<meta property=\"og:type\" content=\"article\" \/>\n<meta property=\"og:url\" content=\"https:\/\/manussinistra.com\/es\/producto\/el-grimorio-de-tiamat-asenath-mason\/\" \/>\n<meta property=\"og:site_name\" content=\"Editorial Manus Sinistra\" \/>\n<meta property=\"article:modified_time\" content=\"2021-12-23T22:00:40+00:00\" \/>\n<meta property=\"og:image\" content=\"https:\/\/manussinistra.com\/es\/wp-content\/uploads\/2021\/04\/grimorio-tiamat.png\" \/>\n\t<meta property=\"og:image:width\" content=\"1000\" \/>\n\t<meta property=\"og:image:height\" content=\"750\" \/>\n\t<meta property=\"og:image:type\" content=\"image\/png\" \/>\n<meta name=\"twitter:card\" content=\"summary_large_image\" \/>\n<script type=\"application\/ld+json\" class=\"yoast-schema-graph\">{\"@context\":\"https:\\\/\\\/schema.org\",\"@graph\":[{\"@type\":\"WebPage\",\"@id\":\"https:\\\/\\\/manussinistra.com\\\/es\\\/producto\\\/el-grimorio-de-tiamat-asenath-mason\\\/\",\"url\":\"https:\\\/\\\/manussinistra.com\\\/es\\\/producto\\\/el-grimorio-de-tiamat-asenath-mason\\\/\",\"name\":\"El Grimorio de Tiamat - Asenath Mason - Editorial Manus Sinistra\",\"isPartOf\":{\"@id\":\"https:\\\/\\\/manussinistra.com\\\/es\\\/#website\"},\"primaryImageOfPage\":{\"@id\":\"https:\\\/\\\/manussinistra.com\\\/es\\\/producto\\\/el-grimorio-de-tiamat-asenath-mason\\\/#primaryimage\"},\"image\":{\"@id\":\"https:\\\/\\\/manussinistra.com\\\/es\\\/producto\\\/el-grimorio-de-tiamat-asenath-mason\\\/#primaryimage\"},\"thumbnailUrl\":\"https:\\\/\\\/manussinistra.com\\\/es\\\/wp-content\\\/uploads\\\/2021\\\/04\\\/grimorio-tiamat.png\",\"datePublished\":\"2021-04-06T21:18:01+00:00\",\"dateModified\":\"2021-12-23T22:00:40+00:00\",\"breadcrumb\":{\"@id\":\"https:\\\/\\\/manussinistra.com\\\/es\\\/producto\\\/el-grimorio-de-tiamat-asenath-mason\\\/#breadcrumb\"},\"inLanguage\":\"es\",\"potentialAction\":[{\"@type\":\"ReadAction\",\"target\":[\"https:\\\/\\\/manussinistra.com\\\/es\\\/producto\\\/el-grimorio-de-tiamat-asenath-mason\\\/\"]}]},{\"@type\":\"ImageObject\",\"inLanguage\":\"es\",\"@id\":\"https:\\\/\\\/manussinistra.com\\\/es\\\/producto\\\/el-grimorio-de-tiamat-asenath-mason\\\/#primaryimage\",\"url\":\"https:\\\/\\\/manussinistra.com\\\/es\\\/wp-content\\\/uploads\\\/2021\\\/04\\\/grimorio-tiamat.png\",\"contentUrl\":\"https:\\\/\\\/manussinistra.com\\\/es\\\/wp-content\\\/uploads\\\/2021\\\/04\\\/grimorio-tiamat.png\",\"width\":1000,\"height\":750},{\"@type\":\"BreadcrumbList\",\"@id\":\"https:\\\/\\\/manussinistra.com\\\/es\\\/producto\\\/el-grimorio-de-tiamat-asenath-mason\\\/#breadcrumb\",\"itemListElement\":[{\"@type\":\"ListItem\",\"position\":1,\"name\":\"Portada\",\"item\":\"https:\\\/\\\/manussinistra.com\\\/es\\\/\"},{\"@type\":\"ListItem\",\"position\":2,\"name\":\"Tienda\",\"item\":\"https:\\\/\\\/manussinistra.com\\\/es\\\/tienda\\\/\"},{\"@type\":\"ListItem\",\"position\":3,\"name\":\"El Grimorio de Tiamat &#8211; Asenath Mason\"}]},{\"@type\":\"WebSite\",\"@id\":\"https:\\\/\\\/manussinistra.com\\\/es\\\/#website\",\"url\":\"https:\\\/\\\/manussinistra.com\\\/es\\\/\",\"name\":\"Editorial Manus Sinistra\",\"description\":\"Sendero de la Mano Izquierda, Satanismo y Magia(k) Contemporanea\",\"potentialAction\":[{\"@type\":\"SearchAction\",\"target\":{\"@type\":\"EntryPoint\",\"urlTemplate\":\"https:\\\/\\\/manussinistra.com\\\/es\\\/?s={search_term_string}\"},\"query-input\":{\"@type\":\"PropertyValueSpecification\",\"valueRequired\":true,\"valueName\":\"search_term_string\"}}],\"inLanguage\":\"es\"}]}<\/script>\n<!-- \/ Yoast SEO plugin. -->","yoast_head_json":{"title":"Editorial Manus Sinistra","robots":{"index":"index","follow":"follow","max-snippet":"max-snippet:-1","max-image-preview":"max-image-preview:large","max-video-preview":"max-video-preview:-1"},"canonical":"https:\/\/manussinistra.com\/es\/producto\/el-grimorio-de-tiamat-asenath-mason\/","og_locale":"es_ES","og_type":"article","og_url":"https:\/\/manussinistra.com\/es\/producto\/el-grimorio-de-tiamat-asenath-mason\/","og_site_name":"Editorial Manus Sinistra","article_modified_time":"2021-12-23T22:00:40+00:00","og_image":[{"width":1000,"height":750,"url":"https:\/\/manussinistra.com\/es\/wp-content\/uploads\/2021\/04\/grimorio-tiamat.png","type":"image\/png"}],"twitter_card":"summary_large_image","schema":{"@context":"https:\/\/schema.org","@graph":[{"@type":"WebPage","@id":"https:\/\/manussinistra.com\/es\/producto\/el-grimorio-de-tiamat-asenath-mason\/","url":"https:\/\/manussinistra.com\/es\/producto\/el-grimorio-de-tiamat-asenath-mason\/","name":"El Grimorio de Tiamat - Asenath Mason - Editorial Manus Sinistra","isPartOf":{"@id":"https:\/\/manussinistra.com\/es\/#website"},"primaryImageOfPage":{"@id":"https:\/\/manussinistra.com\/es\/producto\/el-grimorio-de-tiamat-asenath-mason\/#primaryimage"},"image":{"@id":"https:\/\/manussinistra.com\/es\/producto\/el-grimorio-de-tiamat-asenath-mason\/#primaryimage"},"thumbnailUrl":"https:\/\/manussinistra.com\/es\/wp-content\/uploads\/2021\/04\/grimorio-tiamat.png","datePublished":"2021-04-06T21:18:01+00:00","dateModified":"2021-12-23T22:00:40+00:00","breadcrumb":{"@id":"https:\/\/manussinistra.com\/es\/producto\/el-grimorio-de-tiamat-asenath-mason\/#breadcrumb"},"inLanguage":"es","potentialAction":[{"@type":"ReadAction","target":["https:\/\/manussinistra.com\/es\/producto\/el-grimorio-de-tiamat-asenath-mason\/"]}]},{"@type":"ImageObject","inLanguage":"es","@id":"https:\/\/manussinistra.com\/es\/producto\/el-grimorio-de-tiamat-asenath-mason\/#primaryimage","url":"https:\/\/manussinistra.com\/es\/wp-content\/uploads\/2021\/04\/grimorio-tiamat.png","contentUrl":"https:\/\/manussinistra.com\/es\/wp-content\/uploads\/2021\/04\/grimorio-tiamat.png","width":1000,"height":750},{"@type":"BreadcrumbList","@id":"https:\/\/manussinistra.com\/es\/producto\/el-grimorio-de-tiamat-asenath-mason\/#breadcrumb","itemListElement":[{"@type":"ListItem","position":1,"name":"Portada","item":"https:\/\/manussinistra.com\/es\/"},{"@type":"ListItem","position":2,"name":"Tienda","item":"https:\/\/manussinistra.com\/es\/tienda\/"},{"@type":"ListItem","position":3,"name":"El Grimorio de Tiamat &#8211; Asenath Mason"}]},{"@type":"WebSite","@id":"https:\/\/manussinistra.com\/es\/#website","url":"https:\/\/manussinistra.com\/es\/","name":"Editorial Manus Sinistra","description":"Sendero de la Mano Izquierda, Satanismo y Magia(k) Contemporanea","potentialAction":[{"@type":"SearchAction","target":{"@type":"EntryPoint","urlTemplate":"https:\/\/manussinistra.com\/es\/?s={search_term_string}"},"query-input":{"@type":"PropertyValueSpecification","valueRequired":true,"valueName":"search_term_string"}}],"inLanguage":"es"}]}},"_links":{"self":[{"href":"https:\/\/manussinistra.com\/es\/wp-json\/wp\/v2\/product\/36130","targetHints":{"allow":["GET"]}}],"collection":[{"href":"https:\/\/manussinistra.com\/es\/wp-json\/wp\/v2\/product"}],"about":[{"href":"https:\/\/manussinistra.com\/es\/wp-json\/wp\/v2\/types\/product"}],"replies":[{"embeddable":true,"href":"https:\/\/manussinistra.com\/es\/wp-json\/wp\/v2\/comments?post=36130"}],"wp:featuredmedia":[{"embeddable":true,"href":"https:\/\/manussinistra.com\/es\/wp-json\/wp\/v2\/media\/36135"}],"wp:attachment":[{"href":"https:\/\/manussinistra.com\/es\/wp-json\/wp\/v2\/media?parent=36130"}],"wp:term":[{"taxonomy":"product_brand","embeddable":true,"href":"https:\/\/manussinistra.com\/es\/wp-json\/wp\/v2\/product_brand?post=36130"},{"taxonomy":"product_cat","embeddable":true,"href":"https:\/\/manussinistra.com\/es\/wp-json\/wp\/v2\/product_cat?post=36130"},{"taxonomy":"product_tag","embeddable":true,"href":"https:\/\/manussinistra.com\/es\/wp-json\/wp\/v2\/product_tag?post=36130"}],"curies":[{"name":"wp","href":"https:\/\/api.w.org\/{rel}","templated":true}]}}