{"id":36124,"date":"2021-04-06T21:12:52","date_gmt":"2021-04-06T21:12:52","guid":{"rendered":"https:\/\/manussinistra.com\/es\/?post_type=product&#038;p=36124"},"modified":"2021-12-23T22:04:26","modified_gmt":"2021-12-23T22:04:26","slug":"el-lado-oscuro-de-las-runas-uthark-adulruna-y-la-cabala-gothica-thomas-karlsson","status":"publish","type":"product","link":"https:\/\/manussinistra.com\/es\/producto\/el-lado-oscuro-de-las-runas-uthark-adulruna-y-la-cabala-gothica-thomas-karlsson\/","title":{"rendered":"El Lado Oscuro de las Runas: Uthark, Adulruna, y la C\u00e1bala G\u00f3thica &#8211; Thomas Karlsson"},"content":{"rendered":"","protected":false},"excerpt":{"rendered":"<div class=\"kvgmc6g5 cxmmr5t8 oygrvhab hcukyx3x c1et5uql\">Al descubrir el lado oscuro de las piedras r\u00fanicas n\u00f3rdicas ocultas bajo su interpretaci\u00f3n tradicional, el erudito y run\u00f3logo sueco, Thomas Karlsson, examina el trabajo de las runas del m\u00edstico y run\u00f3logo sueco Johannes Bureus (1568-1652) y el profesor Sigurd Agrell (1881-1937), quienes dedicaron sus vidas a descubrir los usos secretos de las piedras r\u00fanicas ocultas a todos excepto a los m\u00e1s altos iniciados.<\/div>\n<div class=\"o9v6fnle cxmmr5t8 oygrvhab hcukyx3x c1et5uql\">Karlsson comienza examinando el sistema de adivinaci\u00f3n Uthark -el Sendero de la Mano Izquierda de las runas-, que yace oculto bajo el sistema tradicional Futhark. Seg\u00fan la tradici\u00f3n del Uthark, se utiliz\u00f3 una artima\u00f1a criptogr\u00e1fica para hacer imposible que los no iniciados conozcan el verdadero orden de las runas. Al explorar las descodificaciones de Agrell del sistema Uthark, Karlsson revela similitudes entre la numerolog\u00eda de los antiguos cultos mist\u00e9ricos y la tradici\u00f3n r\u00fanica. \u00c9l explica el significado multidimensional de cada runa desde la perspectiva del Uthark, sus relaciones con los nueve mundos de la cosmogon\u00eda n\u00f3rdica, y los poderes m\u00e1gicos de las filas r\u00fanicas y los tres grupos de runas aettir. Detalla c\u00f3mo crear tus propias runas cargadas m\u00e1gicamente, dirigir y activar la fuerza de las runas, y usarlas para la meditaci\u00f3n de las runas, la adivinaci\u00f3n, la magia sig\u00edlica, los galders (canciones de poder) y el yoga de las runas.<\/div>\n<div class=\"o9v6fnle cxmmr5t8 oygrvhab hcukyx3x c1et5uql\">Karlsson examina tambi\u00e9n las dimensiones secretas de las 15 runas \u00abnobles\u00bb, las Adulrunas, basadas en las teor\u00edas de Johannes Bureus. Usando su conocimiento de la c\u00e1bbala y la alquimia, Bureus cre\u00f3 s\u00edmbolos m\u00e1gicos con las Adulrunas, as\u00ed como un s\u00edmbolo que contiene a las 15 Adulrunas completas, que Bureus llam\u00f3 la \u00abAdulruna\u00bb. Karlsson explica el sistema espiritual de iniciaci\u00f3n de Bureus, la C\u00e1bbala G\u00f3thica, revelando las conexiones entre la antigua sabidur\u00eda n\u00f3rdica y la c\u00e1bbala. Explora las pr\u00e1cticas de Adulruna de Bureus y explica c\u00f3mo \u00e9l describi\u00f3 siete niveles de significado para cada runa, con los iniciados en los niveles r\u00fanicos m\u00e1s altos capaces de conjurar esp\u00edritus y resucitar a los muertos.<\/div>\n<div class=\"o9v6fnle cxmmr5t8 oygrvhab hcukyx3x c1et5uql\">Cubriendo m\u00e1s que las pr\u00e1cticas r\u00fanicas, la exploraci\u00f3n de Karlsson del lado oscuro o nocturno de las runas proporciona una gu\u00eda completa de la espiritualidad n\u00f3rdica y el antiguo misticismo espiritual de Od\u00edn.<\/div>\n","protected":false},"featured_media":36125,"comment_status":"closed","ping_status":"closed","template":"","meta":{"_joinchat":[]},"product_brand":[],"product_cat":[25],"product_tag":[],"class_list":{"0":"post-36124","1":"product","2":"type-product","3":"status-publish","4":"has-post-thumbnail","6":"product_cat-espanol","8":"first","9":"instock","10":"shipping-taxable","11":"purchasable","12":"product-type-variable","13":"has-default-attributes"},"yoast_head":"<!-- This site is optimized with the Yoast SEO plugin v27.4 - https:\/\/yoast.com\/product\/yoast-seo-wordpress\/ -->\n<title>Editorial Manus Sinistra<\/title>\n<meta name=\"robots\" content=\"index, follow, max-snippet:-1, max-image-preview:large, max-video-preview:-1\" \/>\n<link rel=\"canonical\" href=\"https:\/\/manussinistra.com\/es\/producto\/el-lado-oscuro-de-las-runas-uthark-adulruna-y-la-cabala-gothica-thomas-karlsson\/\" \/>\n<meta property=\"og:locale\" content=\"es_ES\" \/>\n<meta property=\"og:type\" content=\"article\" \/>\n<meta property=\"og:url\" content=\"https:\/\/manussinistra.com\/es\/producto\/el-lado-oscuro-de-las-runas-uthark-adulruna-y-la-cabala-gothica-thomas-karlsson\/\" \/>\n<meta property=\"og:site_name\" content=\"Editorial Manus Sinistra\" \/>\n<meta property=\"article:modified_time\" content=\"2021-12-23T22:04:26+00:00\" \/>\n<meta property=\"og:image\" content=\"https:\/\/manussinistra.com\/es\/wp-content\/uploads\/2021\/04\/lado-oscuro-runas.png\" \/>\n\t<meta property=\"og:image:width\" content=\"1000\" \/>\n\t<meta property=\"og:image:height\" content=\"750\" \/>\n\t<meta property=\"og:image:type\" content=\"image\/png\" \/>\n<meta name=\"twitter:card\" content=\"summary_large_image\" \/>\n<script type=\"application\/ld+json\" class=\"yoast-schema-graph\">{\"@context\":\"https:\\\/\\\/schema.org\",\"@graph\":[{\"@type\":\"WebPage\",\"@id\":\"https:\\\/\\\/manussinistra.com\\\/es\\\/producto\\\/el-lado-oscuro-de-las-runas-uthark-adulruna-y-la-cabala-gothica-thomas-karlsson\\\/\",\"url\":\"https:\\\/\\\/manussinistra.com\\\/es\\\/producto\\\/el-lado-oscuro-de-las-runas-uthark-adulruna-y-la-cabala-gothica-thomas-karlsson\\\/\",\"name\":\"El Lado Oscuro de las Runas: Uthark, Adulruna, y la C\u00e1bala G\u00f3thica - Thomas Karlsson - Editorial Manus Sinistra\",\"isPartOf\":{\"@id\":\"https:\\\/\\\/manussinistra.com\\\/es\\\/#website\"},\"primaryImageOfPage\":{\"@id\":\"https:\\\/\\\/manussinistra.com\\\/es\\\/producto\\\/el-lado-oscuro-de-las-runas-uthark-adulruna-y-la-cabala-gothica-thomas-karlsson\\\/#primaryimage\"},\"image\":{\"@id\":\"https:\\\/\\\/manussinistra.com\\\/es\\\/producto\\\/el-lado-oscuro-de-las-runas-uthark-adulruna-y-la-cabala-gothica-thomas-karlsson\\\/#primaryimage\"},\"thumbnailUrl\":\"https:\\\/\\\/manussinistra.com\\\/es\\\/wp-content\\\/uploads\\\/2021\\\/04\\\/lado-oscuro-runas.png\",\"datePublished\":\"2021-04-06T21:12:52+00:00\",\"dateModified\":\"2021-12-23T22:04:26+00:00\",\"breadcrumb\":{\"@id\":\"https:\\\/\\\/manussinistra.com\\\/es\\\/producto\\\/el-lado-oscuro-de-las-runas-uthark-adulruna-y-la-cabala-gothica-thomas-karlsson\\\/#breadcrumb\"},\"inLanguage\":\"es\",\"potentialAction\":[{\"@type\":\"ReadAction\",\"target\":[\"https:\\\/\\\/manussinistra.com\\\/es\\\/producto\\\/el-lado-oscuro-de-las-runas-uthark-adulruna-y-la-cabala-gothica-thomas-karlsson\\\/\"]}]},{\"@type\":\"ImageObject\",\"inLanguage\":\"es\",\"@id\":\"https:\\\/\\\/manussinistra.com\\\/es\\\/producto\\\/el-lado-oscuro-de-las-runas-uthark-adulruna-y-la-cabala-gothica-thomas-karlsson\\\/#primaryimage\",\"url\":\"https:\\\/\\\/manussinistra.com\\\/es\\\/wp-content\\\/uploads\\\/2021\\\/04\\\/lado-oscuro-runas.png\",\"contentUrl\":\"https:\\\/\\\/manussinistra.com\\\/es\\\/wp-content\\\/uploads\\\/2021\\\/04\\\/lado-oscuro-runas.png\",\"width\":1000,\"height\":750},{\"@type\":\"BreadcrumbList\",\"@id\":\"https:\\\/\\\/manussinistra.com\\\/es\\\/producto\\\/el-lado-oscuro-de-las-runas-uthark-adulruna-y-la-cabala-gothica-thomas-karlsson\\\/#breadcrumb\",\"itemListElement\":[{\"@type\":\"ListItem\",\"position\":1,\"name\":\"Portada\",\"item\":\"https:\\\/\\\/manussinistra.com\\\/es\\\/\"},{\"@type\":\"ListItem\",\"position\":2,\"name\":\"Tienda\",\"item\":\"https:\\\/\\\/manussinistra.com\\\/es\\\/tienda\\\/\"},{\"@type\":\"ListItem\",\"position\":3,\"name\":\"El Lado Oscuro de las Runas: Uthark, Adulruna, y la C\u00e1bala G\u00f3thica &#8211; Thomas Karlsson\"}]},{\"@type\":\"WebSite\",\"@id\":\"https:\\\/\\\/manussinistra.com\\\/es\\\/#website\",\"url\":\"https:\\\/\\\/manussinistra.com\\\/es\\\/\",\"name\":\"Editorial Manus Sinistra\",\"description\":\"Sendero de la Mano Izquierda, Satanismo y Magia(k) Contemporanea\",\"potentialAction\":[{\"@type\":\"SearchAction\",\"target\":{\"@type\":\"EntryPoint\",\"urlTemplate\":\"https:\\\/\\\/manussinistra.com\\\/es\\\/?s={search_term_string}\"},\"query-input\":{\"@type\":\"PropertyValueSpecification\",\"valueRequired\":true,\"valueName\":\"search_term_string\"}}],\"inLanguage\":\"es\"}]}<\/script>\n<!-- \/ Yoast SEO plugin. -->","yoast_head_json":{"title":"Editorial Manus Sinistra","robots":{"index":"index","follow":"follow","max-snippet":"max-snippet:-1","max-image-preview":"max-image-preview:large","max-video-preview":"max-video-preview:-1"},"canonical":"https:\/\/manussinistra.com\/es\/producto\/el-lado-oscuro-de-las-runas-uthark-adulruna-y-la-cabala-gothica-thomas-karlsson\/","og_locale":"es_ES","og_type":"article","og_url":"https:\/\/manussinistra.com\/es\/producto\/el-lado-oscuro-de-las-runas-uthark-adulruna-y-la-cabala-gothica-thomas-karlsson\/","og_site_name":"Editorial Manus Sinistra","article_modified_time":"2021-12-23T22:04:26+00:00","og_image":[{"width":1000,"height":750,"url":"https:\/\/manussinistra.com\/es\/wp-content\/uploads\/2021\/04\/lado-oscuro-runas.png","type":"image\/png"}],"twitter_card":"summary_large_image","schema":{"@context":"https:\/\/schema.org","@graph":[{"@type":"WebPage","@id":"https:\/\/manussinistra.com\/es\/producto\/el-lado-oscuro-de-las-runas-uthark-adulruna-y-la-cabala-gothica-thomas-karlsson\/","url":"https:\/\/manussinistra.com\/es\/producto\/el-lado-oscuro-de-las-runas-uthark-adulruna-y-la-cabala-gothica-thomas-karlsson\/","name":"El Lado Oscuro de las Runas: Uthark, Adulruna, y la C\u00e1bala G\u00f3thica - Thomas Karlsson - Editorial Manus Sinistra","isPartOf":{"@id":"https:\/\/manussinistra.com\/es\/#website"},"primaryImageOfPage":{"@id":"https:\/\/manussinistra.com\/es\/producto\/el-lado-oscuro-de-las-runas-uthark-adulruna-y-la-cabala-gothica-thomas-karlsson\/#primaryimage"},"image":{"@id":"https:\/\/manussinistra.com\/es\/producto\/el-lado-oscuro-de-las-runas-uthark-adulruna-y-la-cabala-gothica-thomas-karlsson\/#primaryimage"},"thumbnailUrl":"https:\/\/manussinistra.com\/es\/wp-content\/uploads\/2021\/04\/lado-oscuro-runas.png","datePublished":"2021-04-06T21:12:52+00:00","dateModified":"2021-12-23T22:04:26+00:00","breadcrumb":{"@id":"https:\/\/manussinistra.com\/es\/producto\/el-lado-oscuro-de-las-runas-uthark-adulruna-y-la-cabala-gothica-thomas-karlsson\/#breadcrumb"},"inLanguage":"es","potentialAction":[{"@type":"ReadAction","target":["https:\/\/manussinistra.com\/es\/producto\/el-lado-oscuro-de-las-runas-uthark-adulruna-y-la-cabala-gothica-thomas-karlsson\/"]}]},{"@type":"ImageObject","inLanguage":"es","@id":"https:\/\/manussinistra.com\/es\/producto\/el-lado-oscuro-de-las-runas-uthark-adulruna-y-la-cabala-gothica-thomas-karlsson\/#primaryimage","url":"https:\/\/manussinistra.com\/es\/wp-content\/uploads\/2021\/04\/lado-oscuro-runas.png","contentUrl":"https:\/\/manussinistra.com\/es\/wp-content\/uploads\/2021\/04\/lado-oscuro-runas.png","width":1000,"height":750},{"@type":"BreadcrumbList","@id":"https:\/\/manussinistra.com\/es\/producto\/el-lado-oscuro-de-las-runas-uthark-adulruna-y-la-cabala-gothica-thomas-karlsson\/#breadcrumb","itemListElement":[{"@type":"ListItem","position":1,"name":"Portada","item":"https:\/\/manussinistra.com\/es\/"},{"@type":"ListItem","position":2,"name":"Tienda","item":"https:\/\/manussinistra.com\/es\/tienda\/"},{"@type":"ListItem","position":3,"name":"El Lado Oscuro de las Runas: Uthark, Adulruna, y la C\u00e1bala G\u00f3thica &#8211; Thomas Karlsson"}]},{"@type":"WebSite","@id":"https:\/\/manussinistra.com\/es\/#website","url":"https:\/\/manussinistra.com\/es\/","name":"Editorial Manus Sinistra","description":"Sendero de la Mano Izquierda, Satanismo y Magia(k) Contemporanea","potentialAction":[{"@type":"SearchAction","target":{"@type":"EntryPoint","urlTemplate":"https:\/\/manussinistra.com\/es\/?s={search_term_string}"},"query-input":{"@type":"PropertyValueSpecification","valueRequired":true,"valueName":"search_term_string"}}],"inLanguage":"es"}]}},"_links":{"self":[{"href":"https:\/\/manussinistra.com\/es\/wp-json\/wp\/v2\/product\/36124","targetHints":{"allow":["GET"]}}],"collection":[{"href":"https:\/\/manussinistra.com\/es\/wp-json\/wp\/v2\/product"}],"about":[{"href":"https:\/\/manussinistra.com\/es\/wp-json\/wp\/v2\/types\/product"}],"replies":[{"embeddable":true,"href":"https:\/\/manussinistra.com\/es\/wp-json\/wp\/v2\/comments?post=36124"}],"wp:featuredmedia":[{"embeddable":true,"href":"https:\/\/manussinistra.com\/es\/wp-json\/wp\/v2\/media\/36125"}],"wp:attachment":[{"href":"https:\/\/manussinistra.com\/es\/wp-json\/wp\/v2\/media?parent=36124"}],"wp:term":[{"taxonomy":"product_brand","embeddable":true,"href":"https:\/\/manussinistra.com\/es\/wp-json\/wp\/v2\/product_brand?post=36124"},{"taxonomy":"product_cat","embeddable":true,"href":"https:\/\/manussinistra.com\/es\/wp-json\/wp\/v2\/product_cat?post=36124"},{"taxonomy":"product_tag","embeddable":true,"href":"https:\/\/manussinistra.com\/es\/wp-json\/wp\/v2\/product_tag?post=36124"}],"curies":[{"name":"wp","href":"https:\/\/api.w.org\/{rel}","templated":true}]}}