{"id":27,"date":"2014-12-10T08:29:54","date_gmt":"2014-12-10T08:29:54","guid":{"rendered":"https:\/\/manussinistra.com\/es\/?page_id=27"},"modified":"2025-03-16T12:10:14","modified_gmt":"2025-03-16T12:10:14","slug":"nosotros","status":"publish","type":"page","link":"https:\/\/manussinistra.com\/es\/nosotros\/","title":{"rendered":"Nosotros"},"content":{"rendered":"\t\t<div data-elementor-type=\"wp-page\" data-elementor-id=\"27\" class=\"elementor elementor-27\" data-elementor-post-type=\"page\">\n\t\t\t\t\t\t<section class=\"elementor-section elementor-top-section elementor-element elementor-element-32d205b elementor-section-boxed elementor-section-height-default elementor-section-height-default\" data-id=\"32d205b\" data-element_type=\"section\" data-e-type=\"section\">\n\t\t\t\t\t\t<div class=\"elementor-container elementor-column-gap-default\">\n\t\t\t\t\t<div class=\"elementor-column elementor-col-100 elementor-top-column elementor-element elementor-element-33cf634\" data-id=\"33cf634\" data-element_type=\"column\" data-e-type=\"column\">\n\t\t\t<div class=\"elementor-widget-wrap elementor-element-populated\">\n\t\t\t\t\t\t<div class=\"elementor-element elementor-element-0334bbc elementor-widget elementor-widget-text-editor\" data-id=\"0334bbc\" data-element_type=\"widget\" data-e-type=\"widget\" data-widget_type=\"text-editor.default\">\n\t\t\t\t<div class=\"elementor-widget-container\">\n\t\t\t\t\t\t\t\t\t<p>Somos una casa editorial l\u00edder en idioma espa\u00f1ol dedicada al Sendero Siniestro, ocultismo contempor\u00e1neo y filosof\u00eda underground. La primera en el panorama oculto en nuestro idioma encargada de publicar los cl\u00e1sicos modernos de figuras de renombre y campos tan amplios: desde material de grupos herm\u00e9ticos como la Aurora Dorada a la revolucionaria Magia del Caos, desde la poderosa Thelema al siniestro Templo de Set, desde grimorios modernos a trabajos acad\u00e9micos, desde los decadentes y rom\u00e1nticos guiados por figuras prometeicas al luciferianismo moderno, y desde pensadores herejes de los \u00faltimos siglos a las nuevas voces opositoras de nuestros ca\u00f3ticos tiempos, entre muchos otros.<\/p><p>En Manus Sinistra, como practicantes y estudiosos de lo oculto, nos hemos propuesto hacer los libros que nosotros mismos queremos tener. Esta es la intenci\u00f3n que nos motiv\u00f3 a surgir a fines del 2014 de las cenizas del blog del mismo nombre, el cual se dedicaba a traducciones libres con el permiso de sus propios autores. La amistad con ocultistas y el apoyo de grandes amigos impuls\u00f3 tambi\u00e9n lo que en inicio era tan solo una pregunta osada, \u00bfy qu\u00e9 tal si&#8230;? Tras varios a\u00f1os la pregunta se vio respondida por una revoluci\u00f3n en el ambiente ocultista local y el impulso a nuevas propuestas.<\/p><p>El arte de la traducci\u00f3n al llevar a nuestro idioma libros especializados en lo oculto requiere de un trato adecuado que no ser\u00eda posible sin profesionales dedicados, raz\u00f3n por la que contamos con un equipo \u00fanico de practicantes y artistas reunidos para ofrecer el mejor resultado posible, basados en el propio estudio y praxis con a\u00f1os de experiencia. No creemos en el material muerto de significado y profundidad, incompleto en extensi\u00f3n e in\u00fatil para la transformaci\u00f3n personal. En el mismo sentido de ofrecer la mejor calidad, cada una de nuestras ediciones cuenta con material extra, escritos exclusivos, y arte para llevar al libro original a un nivel superior. Ninguno de nuestros libros son solo una copia del trabajo ya antes realizado, y cada uno se alza como \u00fanico en su tipo. Desde el 2021 hemos abierto nuestra secci\u00f3n en ingl\u00e9s con la misma calidad.<\/p><p>Con el \u00edmpetu de este fuego iniciado, nos comprometemos a seguir creciendo para brindar en cada publicaci\u00f3n el esp\u00edritu oculto a los verdaderos buscadores.<\/p><p>Dar tariki, tariqat &#8211; En la Oscuridad, el Sendero<\/p>\t\t\t\t\t\t\t\t<\/div>\n\t\t\t\t<\/div>\n\t\t\t\t\t<\/div>\n\t\t<\/div>\n\t\t\t\t\t<\/div>\n\t\t<\/section>\n\t\t\t\t<section class=\"elementor-section elementor-top-section elementor-element elementor-element-1074653 elementor-section-boxed elementor-section-height-default elementor-section-height-default\" data-id=\"1074653\" data-element_type=\"section\" data-e-type=\"section\">\n\t\t\t\t\t\t<div class=\"elementor-container elementor-column-gap-default\">\n\t\t\t\t\t<div class=\"elementor-column elementor-col-100 elementor-top-column elementor-element elementor-element-cb23169\" data-id=\"cb23169\" data-element_type=\"column\" data-e-type=\"column\">\n\t\t\t<div class=\"elementor-widget-wrap elementor-element-populated\">\n\t\t\t\t\t\t<div class=\"elementor-element elementor-element-47865a6 elementor-widget elementor-widget-image\" data-id=\"47865a6\" data-element_type=\"widget\" data-e-type=\"widget\" data-widget_type=\"image.default\">\n\t\t\t\t<div class=\"elementor-widget-container\">\n\t\t\t\t\t\t\t\t\t\t\t\t\t\t\t<img fetchpriority=\"high\" decoding=\"async\" width=\"800\" height=\"628\" src=\"https:\/\/manussinistra.com\/es\/wp-content\/uploads\/2025\/03\/Logo-PNG-1100x864.png\" class=\"attachment-large size-large wp-image-64327\" alt=\"\" srcset=\"https:\/\/manussinistra.com\/es\/wp-content\/uploads\/2025\/03\/Logo-PNG-1100x864.png 1100w, https:\/\/manussinistra.com\/es\/wp-content\/uploads\/2025\/03\/Logo-PNG-600x471.png 600w, https:\/\/manussinistra.com\/es\/wp-content\/uploads\/2025\/03\/Logo-PNG-300x236.png 300w, https:\/\/manussinistra.com\/es\/wp-content\/uploads\/2025\/03\/Logo-PNG-768x603.png 768w, https:\/\/manussinistra.com\/es\/wp-content\/uploads\/2025\/03\/Logo-PNG-15x12.png 15w, https:\/\/manussinistra.com\/es\/wp-content\/uploads\/2025\/03\/Logo-PNG-95x75.png 95w, https:\/\/manussinistra.com\/es\/wp-content\/uploads\/2025\/03\/Logo-PNG-480x377.png 480w, https:\/\/manussinistra.com\/es\/wp-content\/uploads\/2025\/03\/Logo-PNG-76x60.png 76w, https:\/\/manussinistra.com\/es\/wp-content\/uploads\/2025\/03\/Logo-PNG-115x90.png 115w, https:\/\/manussinistra.com\/es\/wp-content\/uploads\/2025\/03\/Logo-PNG.png 1492w\" sizes=\"(max-width: 800px) 100vw, 800px\" \/>\t\t\t\t\t\t\t\t\t\t\t\t\t\t\t<\/div>\n\t\t\t\t<\/div>\n\t\t\t\t\t<\/div>\n\t\t<\/div>\n\t\t\t\t\t<\/div>\n\t\t<\/section>\n\t\t\t\t<\/div>\n\t\t","protected":false},"excerpt":{"rendered":"<p>Somos una casa editorial l\u00edder en idioma espa\u00f1ol dedicada al Sendero Siniestro, ocultismo contempor\u00e1neo y filosof\u00eda underground. La primera en el panorama oculto en nuestro idioma encargada de publicar los cl\u00e1sicos modernos de figuras de renombre y campos tan amplios: desde material de grupos herm\u00e9ticos como la Aurora Dorada a la revolucionaria Magia del Caos, [&hellip;]<\/p>\n","protected":false},"author":1,"featured_media":0,"parent":0,"menu_order":9,"comment_status":"closed","ping_status":"closed","template":"","meta":{"_joinchat":[],"footnotes":""},"class_list":["post-27","page","type-page","status-publish","hentry"],"yoast_head":"<!-- This site is optimized with the Yoast SEO plugin v27.4 - https:\/\/yoast.com\/product\/yoast-seo-wordpress\/ -->\n<title>Editorial Manus Sinistra<\/title>\n<meta name=\"robots\" content=\"index, follow, max-snippet:-1, max-image-preview:large, max-video-preview:-1\" \/>\n<link rel=\"canonical\" href=\"https:\/\/manussinistra.com\/es\/nosotros\/\" \/>\n<meta property=\"og:locale\" content=\"es_ES\" \/>\n<meta property=\"og:type\" content=\"article\" \/>\n<meta property=\"og:url\" content=\"https:\/\/manussinistra.com\/es\/nosotros\/\" \/>\n<meta property=\"og:site_name\" content=\"Editorial Manus Sinistra\" \/>\n<meta property=\"article:modified_time\" content=\"2025-03-16T12:10:14+00:00\" \/>\n<meta property=\"og:image\" content=\"https:\/\/manussinistra.com\/es\/wp-content\/uploads\/2025\/03\/Logo-PNG.png\" \/>\n\t<meta property=\"og:image:width\" content=\"1492\" \/>\n\t<meta property=\"og:image:height\" content=\"1172\" \/>\n\t<meta property=\"og:image:type\" content=\"image\/png\" \/>\n<meta name=\"twitter:card\" content=\"summary_large_image\" \/>\n<meta name=\"twitter:label1\" content=\"Tiempo de lectura\" \/>\n\t<meta name=\"twitter:data1\" content=\"2 minutos\" \/>\n<script type=\"application\/ld+json\" class=\"yoast-schema-graph\">{\"@context\":\"https:\\\/\\\/schema.org\",\"@graph\":[{\"@type\":\"WebPage\",\"@id\":\"https:\\\/\\\/manussinistra.com\\\/es\\\/nosotros\\\/\",\"url\":\"https:\\\/\\\/manussinistra.com\\\/es\\\/nosotros\\\/\",\"name\":\"Nosotros - Editorial Manus Sinistra\",\"isPartOf\":{\"@id\":\"https:\\\/\\\/manussinistra.com\\\/es\\\/#website\"},\"primaryImageOfPage\":{\"@id\":\"https:\\\/\\\/manussinistra.com\\\/es\\\/nosotros\\\/#primaryimage\"},\"image\":{\"@id\":\"https:\\\/\\\/manussinistra.com\\\/es\\\/nosotros\\\/#primaryimage\"},\"thumbnailUrl\":\"https:\\\/\\\/manussinistra.com\\\/es\\\/wp-content\\\/uploads\\\/2025\\\/03\\\/Logo-PNG-1100x864.png\",\"datePublished\":\"2014-12-10T08:29:54+00:00\",\"dateModified\":\"2025-03-16T12:10:14+00:00\",\"breadcrumb\":{\"@id\":\"https:\\\/\\\/manussinistra.com\\\/es\\\/nosotros\\\/#breadcrumb\"},\"inLanguage\":\"es\",\"potentialAction\":[{\"@type\":\"ReadAction\",\"target\":[\"https:\\\/\\\/manussinistra.com\\\/es\\\/nosotros\\\/\"]}]},{\"@type\":\"ImageObject\",\"inLanguage\":\"es\",\"@id\":\"https:\\\/\\\/manussinistra.com\\\/es\\\/nosotros\\\/#primaryimage\",\"url\":\"https:\\\/\\\/manussinistra.com\\\/es\\\/wp-content\\\/uploads\\\/2025\\\/03\\\/Logo-PNG.png\",\"contentUrl\":\"https:\\\/\\\/manussinistra.com\\\/es\\\/wp-content\\\/uploads\\\/2025\\\/03\\\/Logo-PNG.png\",\"width\":1492,\"height\":1172},{\"@type\":\"BreadcrumbList\",\"@id\":\"https:\\\/\\\/manussinistra.com\\\/es\\\/nosotros\\\/#breadcrumb\",\"itemListElement\":[{\"@type\":\"ListItem\",\"position\":1,\"name\":\"Portada\",\"item\":\"https:\\\/\\\/manussinistra.com\\\/es\\\/\"},{\"@type\":\"ListItem\",\"position\":2,\"name\":\"Nosotros\"}]},{\"@type\":\"WebSite\",\"@id\":\"https:\\\/\\\/manussinistra.com\\\/es\\\/#website\",\"url\":\"https:\\\/\\\/manussinistra.com\\\/es\\\/\",\"name\":\"Editorial Manus Sinistra\",\"description\":\"Sendero de la Mano Izquierda, Satanismo y Magia(k) Contemporanea\",\"potentialAction\":[{\"@type\":\"SearchAction\",\"target\":{\"@type\":\"EntryPoint\",\"urlTemplate\":\"https:\\\/\\\/manussinistra.com\\\/es\\\/?s={search_term_string}\"},\"query-input\":{\"@type\":\"PropertyValueSpecification\",\"valueRequired\":true,\"valueName\":\"search_term_string\"}}],\"inLanguage\":\"es\"}]}<\/script>\n<!-- \/ Yoast SEO plugin. -->","yoast_head_json":{"title":"Editorial Manus Sinistra","robots":{"index":"index","follow":"follow","max-snippet":"max-snippet:-1","max-image-preview":"max-image-preview:large","max-video-preview":"max-video-preview:-1"},"canonical":"https:\/\/manussinistra.com\/es\/nosotros\/","og_locale":"es_ES","og_type":"article","og_url":"https:\/\/manussinistra.com\/es\/nosotros\/","og_site_name":"Editorial Manus Sinistra","article_modified_time":"2025-03-16T12:10:14+00:00","og_image":[{"width":1492,"height":1172,"url":"https:\/\/manussinistra.com\/es\/wp-content\/uploads\/2025\/03\/Logo-PNG.png","type":"image\/png"}],"twitter_card":"summary_large_image","twitter_misc":{"Tiempo de lectura":"2 minutos"},"schema":{"@context":"https:\/\/schema.org","@graph":[{"@type":"WebPage","@id":"https:\/\/manussinistra.com\/es\/nosotros\/","url":"https:\/\/manussinistra.com\/es\/nosotros\/","name":"Nosotros - Editorial Manus Sinistra","isPartOf":{"@id":"https:\/\/manussinistra.com\/es\/#website"},"primaryImageOfPage":{"@id":"https:\/\/manussinistra.com\/es\/nosotros\/#primaryimage"},"image":{"@id":"https:\/\/manussinistra.com\/es\/nosotros\/#primaryimage"},"thumbnailUrl":"https:\/\/manussinistra.com\/es\/wp-content\/uploads\/2025\/03\/Logo-PNG-1100x864.png","datePublished":"2014-12-10T08:29:54+00:00","dateModified":"2025-03-16T12:10:14+00:00","breadcrumb":{"@id":"https:\/\/manussinistra.com\/es\/nosotros\/#breadcrumb"},"inLanguage":"es","potentialAction":[{"@type":"ReadAction","target":["https:\/\/manussinistra.com\/es\/nosotros\/"]}]},{"@type":"ImageObject","inLanguage":"es","@id":"https:\/\/manussinistra.com\/es\/nosotros\/#primaryimage","url":"https:\/\/manussinistra.com\/es\/wp-content\/uploads\/2025\/03\/Logo-PNG.png","contentUrl":"https:\/\/manussinistra.com\/es\/wp-content\/uploads\/2025\/03\/Logo-PNG.png","width":1492,"height":1172},{"@type":"BreadcrumbList","@id":"https:\/\/manussinistra.com\/es\/nosotros\/#breadcrumb","itemListElement":[{"@type":"ListItem","position":1,"name":"Portada","item":"https:\/\/manussinistra.com\/es\/"},{"@type":"ListItem","position":2,"name":"Nosotros"}]},{"@type":"WebSite","@id":"https:\/\/manussinistra.com\/es\/#website","url":"https:\/\/manussinistra.com\/es\/","name":"Editorial Manus Sinistra","description":"Sendero de la Mano Izquierda, Satanismo y Magia(k) Contemporanea","potentialAction":[{"@type":"SearchAction","target":{"@type":"EntryPoint","urlTemplate":"https:\/\/manussinistra.com\/es\/?s={search_term_string}"},"query-input":{"@type":"PropertyValueSpecification","valueRequired":true,"valueName":"search_term_string"}}],"inLanguage":"es"}]}},"_hostinger_reach_plugin_has_subscription_block":false,"_hostinger_reach_plugin_is_elementor":false,"_links":{"self":[{"href":"https:\/\/manussinistra.com\/es\/wp-json\/wp\/v2\/pages\/27","targetHints":{"allow":["GET"]}}],"collection":[{"href":"https:\/\/manussinistra.com\/es\/wp-json\/wp\/v2\/pages"}],"about":[{"href":"https:\/\/manussinistra.com\/es\/wp-json\/wp\/v2\/types\/page"}],"author":[{"embeddable":true,"href":"https:\/\/manussinistra.com\/es\/wp-json\/wp\/v2\/users\/1"}],"replies":[{"embeddable":true,"href":"https:\/\/manussinistra.com\/es\/wp-json\/wp\/v2\/comments?post=27"}],"version-history":[{"count":1,"href":"https:\/\/manussinistra.com\/es\/wp-json\/wp\/v2\/pages\/27\/revisions"}],"predecessor-version":[{"id":64398,"href":"https:\/\/manussinistra.com\/es\/wp-json\/wp\/v2\/pages\/27\/revisions\/64398"}],"wp:attachment":[{"href":"https:\/\/manussinistra.com\/es\/wp-json\/wp\/v2\/media?parent=27"}],"curies":[{"name":"wp","href":"https:\/\/api.w.org\/{rel}","templated":true}]}}